{"id":1942,"date":"2025-02-21T15:07:18","date_gmt":"2025-02-21T15:07:18","guid":{"rendered":"https:\/\/www.jinghuaceramic.com\/?post_type=product&#038;p=1942"},"modified":"2025-06-16T01:05:23","modified_gmt":"2025-06-16T01:05:23","slug":"wholesale-portable-a4-thermal-printer-a40","status":"publish","type":"product","link":"https:\/\/www.aiyin.com\/fr\/product\/wholesale-portable-a4-thermal-printer-a40\/","title":{"rendered":"Imprimante thermique A4 portable en gros - A40, Support Imprimante thermique A4 personnalis\u00e9e"},"content":{"rendered":"<h2 class=\"wp-block-heading\">D\u00e9tails de l'imprimante thermique portable A4 - A40<\/h2>\n\n\n\n<hr class=\"wp-block-separator has-alpha-channel-opacity\" \/>\n\n\n\n<figure class=\"wp-block-image size-large\"><img decoding=\"async\" width=\"905\" height=\"1280\" src=\"https:\/\/www.aiyin.com\/wp-content\/uploads\/2025\/02\/Portable-A4-Thermal-Printer-Details-1-905x1280.webp\" alt=\"Imprimante thermique portable A4 D\u00e9tails (1)\" class=\"wp-image-1949\" srcset=\"https:\/\/www.aiyin.com\/wp-content\/uploads\/2025\/02\/Portable-A4-Thermal-Printer-Details-1-905x1280.webp 905w, https:\/\/www.aiyin.com\/wp-content\/uploads\/2025\/02\/Portable-A4-Thermal-Printer-Details-1-768x1086.webp 768w, https:\/\/www.aiyin.com\/wp-content\/uploads\/2025\/02\/Portable-A4-Thermal-Printer-Details-1-600x848.webp 600w, https:\/\/www.aiyin.com\/wp-content\/uploads\/2025\/02\/Portable-A4-Thermal-Printer-Details-1.webp 1654w\" sizes=\"(max-width: 905px) 100vw, 905px\" \/><\/figure>\n\n\n\n<figure class=\"wp-block-image size-large\"><img decoding=\"async\" width=\"905\" height=\"1280\" src=\"https:\/\/www.aiyin.com\/wp-content\/uploads\/2025\/02\/Portable-A4-Thermal-Printer-Details-2-905x1280.webp\" alt=\"Imprimante thermique portable A4 D\u00e9tails (2)\" class=\"wp-image-1950\" srcset=\"https:\/\/www.aiyin.com\/wp-content\/uploads\/2025\/02\/Portable-A4-Thermal-Printer-Details-2-905x1280.webp 905w, https:\/\/www.aiyin.com\/wp-content\/uploads\/2025\/02\/Portable-A4-Thermal-Printer-Details-2-768x1086.webp 768w, https:\/\/www.aiyin.com\/wp-content\/uploads\/2025\/02\/Portable-A4-Thermal-Printer-Details-2-600x848.webp 600w, https:\/\/www.aiyin.com\/wp-content\/uploads\/2025\/02\/Portable-A4-Thermal-Printer-Details-2.webp 1654w\" sizes=\"(max-width: 905px) 100vw, 905px\" \/><\/figure>","protected":false},"excerpt":{"rendered":"<p>Imprimante thermique A4 portable en gros - A40, peut vous fournir une exp\u00e9rience d'impression claire, rapide et de haute qualit\u00e9, peut imprimer des documents, des photos, des fichiers pdf, convient pour une utilisation \u00e0 la maison et au bureau. Conception simple et facile \u00e0 utiliser, facile \u00e0 r\u00e9aliser une vari\u00e9t\u00e9 de t\u00e2ches d'impression. Aiyin prend en charge les services oem et odm, contactez-nous pour un devis.<\/p>\n<h2>Caract\u00e9ristiques de l'imprimante thermique portable A4 - A40<\/h2>\n<div>\n<p><strong>Facile \u00e0 utiliser :<\/strong> Il est riche en fonctionnalit\u00e9s mais facile \u00e0 utiliser, offre une application de contr\u00f4le intelligente et dispose d'un grand nombre de mod\u00e8les, ce qui am\u00e9liore consid\u00e9rablement l'efficacit\u00e9 du travail.<\/p>\n<p><strong>Chargement s\u00fbr :<\/strong> L'imprimante thermique A4 portable utilise une interface Type-C moderne pour la charge, ce qui \u00e9vite les probl\u00e8mes de mauvais contact qui peuvent \u00eatre caus\u00e9s par les interfaces traditionnelles.<\/p>\n<p><strong>Connexion sans fil Bluetooth :<\/strong> La fonction Bluetooth permet aux utilisateurs de connecter facilement l'appareil \u00e0 des terminaux tels que des smartphones, des tablettes et des ordinateurs sans c\u00e2ble de connexion physique.<\/p>\n<p><strong>Impression en haute r\u00e9solution :<\/strong> La r\u00e9solution d'impression de 203 dpi garantit que les d\u00e9tails du contenu imprim\u00e9 sont clairement pr\u00e9sent\u00e9s. Qu'il s'agisse de textes, de motifs ou de photos, l'imprimante peut pr\u00e9senter une grande clart\u00e9 et des d\u00e9tails fins.<\/p>\n<p><strong>Autonomie suffisante :<\/strong> L'imprimante thermique portable A4 est \u00e9quip\u00e9e d'une batterie de grande capacit\u00e9 de 2600mAh, qui peut supporter une utilisation \u00e0 long terme et convient aux utilisateurs qui ont besoin d'imprimer de mani\u00e8re mobile.<\/p>\n<\/div>","protected":false},"featured_media":4731,"comment_status":"closed","ping_status":"closed","template":"","meta":{"_acf_changed":false},"product_brand":[],"product_cat":[21],"product_tag":[],"class_list":{"0":"post-1942","1":"product","2":"type-product","3":"status-publish","4":"has-post-thumbnail","6":"product_cat-home-office-printer","7":"pa_function-letter-a4-thermal-printer","8":"pa_print-width-8-inches","10":"first","11":"instock","12":"shipping-taxable","13":"product-type-simple"},"acf":[],"_links":{"self":[{"href":"https:\/\/www.aiyin.com\/fr\/wp-json\/wp\/v2\/product\/1942","targetHints":{"allow":["GET"]}}],"collection":[{"href":"https:\/\/www.aiyin.com\/fr\/wp-json\/wp\/v2\/product"}],"about":[{"href":"https:\/\/www.aiyin.com\/fr\/wp-json\/wp\/v2\/types\/product"}],"replies":[{"embeddable":true,"href":"https:\/\/www.aiyin.com\/fr\/wp-json\/wp\/v2\/comments?post=1942"}],"wp:featuredmedia":[{"embeddable":true,"href":"https:\/\/www.aiyin.com\/fr\/wp-json\/wp\/v2\/media\/4731"}],"wp:attachment":[{"href":"https:\/\/www.aiyin.com\/fr\/wp-json\/wp\/v2\/media?parent=1942"}],"wp:term":[{"taxonomy":"product_brand","embeddable":true,"href":"https:\/\/www.aiyin.com\/fr\/wp-json\/wp\/v2\/product_brand?post=1942"},{"taxonomy":"product_cat","embeddable":true,"href":"https:\/\/www.aiyin.com\/fr\/wp-json\/wp\/v2\/product_cat?post=1942"},{"taxonomy":"product_tag","embeddable":true,"href":"https:\/\/www.aiyin.com\/fr\/wp-json\/wp\/v2\/product_tag?post=1942"}],"curies":[{"name":"wp","href":"https:\/\/api.w.org\/{rel}","templated":true}]}}