{"id":1924,"date":"2025-02-20T09:40:35","date_gmt":"2025-02-20T09:40:35","guid":{"rendered":"https:\/\/www.jinghuaceramic.com\/?post_type=product&#038;p=1924"},"modified":"2025-06-16T01:07:27","modified_gmt":"2025-06-16T01:07:27","slug":"wholesale-thermal-tattoo-printer-a40s","status":"publish","type":"product","link":"https:\/\/www.aiyin.com\/fr\/product\/wholesale-thermal-tattoo-printer-a40s\/","title":{"rendered":"Imprimante de tatouage thermique en gros - A40s, fournit des mod\u00e8les en abondance"},"content":{"rendered":"<h2 class=\"wp-block-heading\">D\u00e9tails de l'imprimante de tatouage thermique - A40s<\/h2>\n\n\n\n<hr class=\"wp-block-separator has-alpha-channel-opacity\" \/>\n\n\n\n<figure class=\"wp-block-image size-large\"><img decoding=\"async\" width=\"905\" height=\"1280\" src=\"https:\/\/www.aiyin.com\/wp-content\/uploads\/2025\/02\/Thermal-Tattoo-Printer-A40s-Details-1-905x1280.webp\" alt=\"Imprimante thermique A40s D\u00e9tails (1)\" class=\"wp-image-1938\" srcset=\"https:\/\/www.aiyin.com\/wp-content\/uploads\/2025\/02\/Thermal-Tattoo-Printer-A40s-Details-1-905x1280.webp 905w, https:\/\/www.aiyin.com\/wp-content\/uploads\/2025\/02\/Thermal-Tattoo-Printer-A40s-Details-1-768x1086.webp 768w, https:\/\/www.aiyin.com\/wp-content\/uploads\/2025\/02\/Thermal-Tattoo-Printer-A40s-Details-1-600x848.webp 600w, https:\/\/www.aiyin.com\/wp-content\/uploads\/2025\/02\/Thermal-Tattoo-Printer-A40s-Details-1.webp 1654w\" sizes=\"(max-width: 905px) 100vw, 905px\" \/><\/figure>\n\n\n\n<figure class=\"wp-block-image size-large\"><img decoding=\"async\" width=\"905\" height=\"1280\" src=\"https:\/\/www.aiyin.com\/wp-content\/uploads\/2025\/02\/Thermal-Tattoo-Printer-A40s-Details-2-905x1280.webp\" alt=\"Imprimante thermique A40s D\u00e9tails (2)\" class=\"wp-image-1939\" srcset=\"https:\/\/www.aiyin.com\/wp-content\/uploads\/2025\/02\/Thermal-Tattoo-Printer-A40s-Details-2-905x1280.webp 905w, https:\/\/www.aiyin.com\/wp-content\/uploads\/2025\/02\/Thermal-Tattoo-Printer-A40s-Details-2-768x1086.webp 768w, https:\/\/www.aiyin.com\/wp-content\/uploads\/2025\/02\/Thermal-Tattoo-Printer-A40s-Details-2-600x848.webp 600w, https:\/\/www.aiyin.com\/wp-content\/uploads\/2025\/02\/Thermal-Tattoo-Printer-A40s-Details-2.webp 1654w\" sizes=\"(max-width: 905px) 100vw, 905px\" \/><\/figure>","protected":false},"excerpt":{"rendered":"<p>Imprimante thermique de tatouage en gros A40s, con\u00e7ue pour un tatouage rapide. Cette imprimante thermique de tatouage prend non seulement en charge l'impression \u00e0 haute vitesse et \u00e0 haute r\u00e9solution, mais fournit \u00e9galement une riche biblioth\u00e8que de mod\u00e8les de tatouage, facile \u00e0 utiliser, et peut rapidement s\u00e9lectionner et imprimer des mod\u00e8les de conception dans l'application. Nous fournissons des services professionnels de vente en gros et des options personnalis\u00e9es, contactez-nous pour un devis.<\/p>\n<h2>Caract\u00e9ristiques de l'imprimante thermique de tatouage - A40s<\/h2>\n<div>\n<p><strong>Impression \u00e0 grande vitesse :<\/strong> L'imprimante thermique A40s peut imprimer rapidement des motifs de tatouage haute d\u00e9finition, ce qui permet aux utilisateurs de gagner du temps et d'obtenir rapidement les meilleurs r\u00e9sultats.<\/p>\n<p><strong>Riche biblioth\u00e8que de mod\u00e8les :<\/strong> A40s fournit un mod\u00e8le de tatouage riche, qui permet aux utilisateurs de s\u00e9lectionner et d'imprimer divers motifs pour r\u00e9pondre aux besoins de diff\u00e9rents clients.<\/p>\n<p><strong>Facile \u00e0 utiliser :<\/strong> AiYin fournit un contr\u00f4le App des imprimantes de tatouage thermique, avec une interface de fonctionnement simple, les utilisateurs peuvent facilement r\u00e9gler et contr\u00f4ler le processus d'impression, r\u00e9duisant ainsi la complexit\u00e9 de l'op\u00e9ration.<\/p>\n<p><strong>Effet d'impression haute d\u00e9finition :<\/strong> L'impression en haute r\u00e9solution permet de pr\u00e9senter chaque motif de tatouage de mani\u00e8re d\u00e9taill\u00e9e et claire, r\u00e9duisant ainsi la possibilit\u00e9 d'avoir des motifs flous.<\/p>\n<p><strong>Fiable et durable :<\/strong> Le produit a obtenu de nombreuses certifications internationales telles que CE, ISO, UKCA, etc. et offre un service apr\u00e8s-vente professionnel.<\/p>\n<\/div>","protected":false},"featured_media":2911,"comment_status":"closed","ping_status":"closed","template":"","meta":{"_acf_changed":true},"product_brand":[],"product_cat":[21],"product_tag":[],"class_list":{"0":"post-1924","1":"product","2":"type-product","3":"status-publish","4":"has-post-thumbnail","6":"product_cat-home-office-printer","7":"pa_function-tattoo-stencil-printer","8":"pa_print-width-8-inches","10":"first","11":"instock","12":"shipping-taxable","13":"product-type-simple"},"acf":[],"_links":{"self":[{"href":"https:\/\/www.aiyin.com\/fr\/wp-json\/wp\/v2\/product\/1924","targetHints":{"allow":["GET"]}}],"collection":[{"href":"https:\/\/www.aiyin.com\/fr\/wp-json\/wp\/v2\/product"}],"about":[{"href":"https:\/\/www.aiyin.com\/fr\/wp-json\/wp\/v2\/types\/product"}],"replies":[{"embeddable":true,"href":"https:\/\/www.aiyin.com\/fr\/wp-json\/wp\/v2\/comments?post=1924"}],"wp:featuredmedia":[{"embeddable":true,"href":"https:\/\/www.aiyin.com\/fr\/wp-json\/wp\/v2\/media\/2911"}],"wp:attachment":[{"href":"https:\/\/www.aiyin.com\/fr\/wp-json\/wp\/v2\/media?parent=1924"}],"wp:term":[{"taxonomy":"product_brand","embeddable":true,"href":"https:\/\/www.aiyin.com\/fr\/wp-json\/wp\/v2\/product_brand?post=1924"},{"taxonomy":"product_cat","embeddable":true,"href":"https:\/\/www.aiyin.com\/fr\/wp-json\/wp\/v2\/product_cat?post=1924"},{"taxonomy":"product_tag","embeddable":true,"href":"https:\/\/www.aiyin.com\/fr\/wp-json\/wp\/v2\/product_tag?post=1924"}],"curies":[{"name":"wp","href":"https:\/\/api.w.org\/{rel}","templated":true}]}}