{"id":1899,"date":"2025-02-21T15:10:02","date_gmt":"2025-02-21T15:10:02","guid":{"rendered":"https:\/\/www.jinghuaceramic.com\/?post_type=product&#038;p=1899"},"modified":"2025-06-16T01:03:53","modified_gmt":"2025-06-16T01:03:53","slug":"wholesale-a4-portable-thermal-printer-a4l-a4l-pro","status":"publish","type":"product","link":"https:\/\/www.aiyin.com\/fr\/product\/wholesale-a4-portable-thermal-printer-a4l-a4l-pro\/","title":{"rendered":"Wholesale A4 Portable Thermal Printer - A4L\/A4L Pro , Support USB, Bluetooth, Offer Edit Software"},"content":{"rendered":"<h2 class=\"wp-block-heading\">D\u00e9tails de l'imprimante thermique portable A4 - A4L\/A4L Pro<\/h2>\n\n\n\n<hr class=\"wp-block-separator has-alpha-channel-opacity\"\/>\n\n\n\n<figure class=\"wp-block-image size-large\"><img decoding=\"async\" width=\"905\" height=\"1280\" src=\"https:\/\/www.aiyin.com\/wp-content\/uploads\/2025\/02\/A4L-905x1280.webp\" alt=\"\" class=\"wp-image-4119\" srcset=\"https:\/\/www.aiyin.com\/wp-content\/uploads\/2025\/02\/A4L-905x1280.webp 905w, https:\/\/www.aiyin.com\/wp-content\/uploads\/2025\/02\/A4L-768x1086.webp 768w, https:\/\/www.aiyin.com\/wp-content\/uploads\/2025\/02\/A4L-600x849.webp 600w, https:\/\/www.aiyin.com\/wp-content\/uploads\/2025\/02\/A4L.webp 1722w\" sizes=\"(max-width: 905px) 100vw, 905px\" \/><\/figure>","protected":false},"excerpt":{"rendered":"<p>Imprimante thermique portable A4 en gros, adapt\u00e9e \u00e0 tous les types de bureaux \u00e0 domicile et aux petites entreprises. Cette imprimante thermique est dot\u00e9e d'une fonction d'impression sans fil efficace, d'un r\u00e9glage pratique de la largeur du papier et d'une batterie longue dur\u00e9e, ce qui permet de r\u00e9pondre aux besoins de diff\u00e9rentes t\u00e2ches. A4L\/A4L Pro peut fournir des r\u00e9sultats d'impression clairs et rapides. De plus, elle est compatible avec plusieurs appareils, ce qui en fait le meilleur choix pour une utilisation quotidienne \u00e0 la maison ou au bureau. Nous prenons en charge les OEM et ODM, contactez-nous pour un devis.<\/p>\n<h2>Caract\u00e9ristiques de l'imprimante thermique portable A4 - A4L\/A4L Pro<\/h2>\n<div>\n<p><strong>Impression sans encre :<\/strong> Gr\u00e2ce \u00e0 la technologie d'impression thermique, il n'est pas n\u00e9cessaire de remplacer les cartouches d'encre ou les rubans, ce qui \u00e9limine les probl\u00e8mes li\u00e9s au remplacement de l'encre et \u00e0 la maintenance, et convient donc parfaitement \u00e0 une utilisation quotidienne \u00e0 domicile ou au bureau.<\/p>\n<p><strong>Compatibilit\u00e9 d'application :<\/strong> Les utilisateurs peuvent t\u00e9l\u00e9charger les applications d'AiYin sur des plateformes telles que l'App Store et Google Play pour g\u00e9rer facilement les t\u00e2ches d'impression.<\/p>\n<p><strong>Autonomie de la batterie longue dur\u00e9e :<\/strong> L'imprimante thermique portable est dot\u00e9e d'une batterie d'une capacit\u00e9 de 2600 mAh, ce qui garantit une utilisation \u00e0 long terme et permet d'effectuer facilement diverses t\u00e2ches \u00e0 la maison et au bureau.<\/p>\n<p><strong>R\u00e9glage pratique de la largeur du papier :<\/strong> Permet d'ajuster la largeur du papier de 56 mm \u00e0 216 mm pour s'adapter aux diff\u00e9rentes tailles d'\u00e9tiquettes et de re\u00e7us.<\/p>\n<p><strong>Impression \u00e0 grande vitesse et haute d\u00e9finition :<\/strong> La vitesse d'impression peut atteindre 18 mm\/s (maximum) et la r\u00e9solution est de 203 dpi (A4L) ou 300 dpi (A4L Pro), ce qui garantit une impression claire et efficace.<\/p>\n<\/div>","protected":false},"featured_media":4094,"comment_status":"closed","ping_status":"closed","template":"","meta":{"_acf_changed":true},"product_brand":[],"product_cat":[21],"product_tag":[],"class_list":{"0":"post-1899","1":"product","2":"type-product","3":"status-publish","4":"has-post-thumbnail","6":"product_cat-home-office-printer","7":"pa_function-letter-a4-thermal-printer","8":"pa_print-width-8-inches","10":"first","11":"instock","12":"shipping-taxable","13":"product-type-simple"},"acf":[],"_links":{"self":[{"href":"https:\/\/www.aiyin.com\/fr\/wp-json\/wp\/v2\/product\/1899","targetHints":{"allow":["GET"]}}],"collection":[{"href":"https:\/\/www.aiyin.com\/fr\/wp-json\/wp\/v2\/product"}],"about":[{"href":"https:\/\/www.aiyin.com\/fr\/wp-json\/wp\/v2\/types\/product"}],"replies":[{"embeddable":true,"href":"https:\/\/www.aiyin.com\/fr\/wp-json\/wp\/v2\/comments?post=1899"}],"wp:featuredmedia":[{"embeddable":true,"href":"https:\/\/www.aiyin.com\/fr\/wp-json\/wp\/v2\/media\/4094"}],"wp:attachment":[{"href":"https:\/\/www.aiyin.com\/fr\/wp-json\/wp\/v2\/media?parent=1899"}],"wp:term":[{"taxonomy":"product_brand","embeddable":true,"href":"https:\/\/www.aiyin.com\/fr\/wp-json\/wp\/v2\/product_brand?post=1899"},{"taxonomy":"product_cat","embeddable":true,"href":"https:\/\/www.aiyin.com\/fr\/wp-json\/wp\/v2\/product_cat?post=1899"},{"taxonomy":"product_tag","embeddable":true,"href":"https:\/\/www.aiyin.com\/fr\/wp-json\/wp\/v2\/product_tag?post=1899"}],"curies":[{"name":"wp","href":"https:\/\/api.w.org\/{rel}","templated":true}]}}