{"id":1881,"date":"2025-02-12T09:48:40","date_gmt":"2025-02-12T09:48:40","guid":{"rendered":"https:\/\/www.jinghuaceramic.com\/?post_type=product&#038;p=1881"},"modified":"2025-06-14T02:19:50","modified_gmt":"2025-06-14T02:19:50","slug":"wholesale-4-inches-portable-wifi-label-printer","status":"publish","type":"product","link":"https:\/\/www.aiyin.com\/fr\/product\/wholesale-4-inches-portable-wifi-label-printer\/","title":{"rendered":"Wholesale 4-inch Portable Wifi Label Printer - MP241, Lightweight design, Suitable for Multiple Scenarios"},"content":{"rendered":"<h2 class=\"wp-block-heading\">D\u00e9tails de l'imprimante d'\u00e9tiquettes Wifi portable - MP241<\/h2>\n\n\n\n<hr class=\"wp-block-separator has-alpha-channel-opacity\" \/>\n\n\n\n<figure class=\"wp-block-image size-large\"><img decoding=\"async\" width=\"1256\" height=\"1280\" src=\"https:\/\/www.aiyin.com\/wp-content\/uploads\/2025\/02\/Portable-Wifi-Label-Printer-Details-1-1256x1280.webp\" alt=\"Imprimante d&#039;\u00e9tiquettes Wifi portable D\u00e9tails (1)\" class=\"wp-image-1882\" srcset=\"https:\/\/www.aiyin.com\/wp-content\/uploads\/2025\/02\/Portable-Wifi-Label-Printer-Details-1-1256x1280.webp 1256w, https:\/\/www.aiyin.com\/wp-content\/uploads\/2025\/02\/Portable-Wifi-Label-Printer-Details-1-768x783.webp 768w, https:\/\/www.aiyin.com\/wp-content\/uploads\/2025\/02\/Portable-Wifi-Label-Printer-Details-1-600x611.webp 600w\" sizes=\"(max-width: 1256px) 100vw, 1256px\" \/><\/figure>","protected":false},"excerpt":{"rendered":"<p>Imprimante d'\u00e9tiquettes Wi-Fi portable MP241 de 4 pouces, compatible avec les connexions sans fil Wi-Fi et Bluetooth, pour une impression efficace et stable. Faible co\u00fbt et haute efficacit\u00e9, largement utilis\u00e9 dans le commerce de d\u00e9tail, la logistique, l'entreposage et d'autres industries. Nous offrons un service d'imprimante d'\u00e9tiquettes personnalis\u00e9es. N'h\u00e9sitez pas \u00e0 nous contacter pour obtenir un devis.<\/p>\n<h2>Caract\u00e9ristiques de l'imprimante d'\u00e9tiquettes WiFi portable 4 pouces - MP241<\/h2>\n<div>\n<p><strong>Conception l\u00e9g\u00e8re :<\/strong> L'imprimante portable d'\u00e9tiquettes WiFi MP241 adopte un design l\u00e9ger, facile \u00e0 transporter et adapt\u00e9 \u00e0 diff\u00e9rentes situations, qu'il s'agisse d'un bureau, d'un entrep\u00f4t ou d'un environnement de travail mobile.<\/p>\n<p><strong>Connexion sans fil :<\/strong> MP241 prend en charge les connexions Wi-Fi et Bluetooth. Les utilisateurs peuvent facilement imprimer \u00e0 distance \u00e0 partir de t\u00e9l\u00e9phones portables ou d'ordinateurs pour am\u00e9liorer l'efficacit\u00e9 de leur travail.<\/p>\n<p><strong>Conception \u00e9conome en \u00e9nergie :<\/strong> La batterie haute performance int\u00e9gr\u00e9e avec fonction d'\u00e9conomie d'\u00e9nergie garantit une utilisation \u00e0 long terme sans charge fr\u00e9quente, ce qui convient parfaitement aux environnements de travail \u00e0 haute intensit\u00e9.<\/p>\n<p><strong>Compatible avec plusieurs \u00e9tiquettes :<\/strong> La prise en charge de multiples sp\u00e9cifications d'\u00e9tiquettes permet de r\u00e9pondre aux besoins d'impression d'\u00e9tiquettes de tailles et de formes diff\u00e9rentes, flexibles et variables.<\/p>\n<p><strong>Services OEM et ODM :<\/strong> AIYIN propose des services complets d'impression d'\u00e9tiquettes personnalis\u00e9es, y compris la taille de l'\u00e9tiquette, l'apparence de la marque, les fonctions, le support logiciel et la personnalisation de l'emballage.<\/p>\n<\/div>","protected":false},"featured_media":1884,"comment_status":"closed","ping_status":"closed","template":"","meta":{"_acf_changed":true},"product_brand":[],"product_cat":[22],"product_tag":[],"class_list":{"0":"post-1881","1":"product","2":"type-product","3":"status-publish","4":"has-post-thumbnail","6":"product_cat-business-label-printer","7":"pa_print-width-4-inches","9":"first","10":"instock","11":"shipping-taxable","12":"product-type-simple"},"acf":[],"_links":{"self":[{"href":"https:\/\/www.aiyin.com\/fr\/wp-json\/wp\/v2\/product\/1881","targetHints":{"allow":["GET"]}}],"collection":[{"href":"https:\/\/www.aiyin.com\/fr\/wp-json\/wp\/v2\/product"}],"about":[{"href":"https:\/\/www.aiyin.com\/fr\/wp-json\/wp\/v2\/types\/product"}],"replies":[{"embeddable":true,"href":"https:\/\/www.aiyin.com\/fr\/wp-json\/wp\/v2\/comments?post=1881"}],"wp:featuredmedia":[{"embeddable":true,"href":"https:\/\/www.aiyin.com\/fr\/wp-json\/wp\/v2\/media\/1884"}],"wp:attachment":[{"href":"https:\/\/www.aiyin.com\/fr\/wp-json\/wp\/v2\/media?parent=1881"}],"wp:term":[{"taxonomy":"product_brand","embeddable":true,"href":"https:\/\/www.aiyin.com\/fr\/wp-json\/wp\/v2\/product_brand?post=1881"},{"taxonomy":"product_cat","embeddable":true,"href":"https:\/\/www.aiyin.com\/fr\/wp-json\/wp\/v2\/product_cat?post=1881"},{"taxonomy":"product_tag","embeddable":true,"href":"https:\/\/www.aiyin.com\/fr\/wp-json\/wp\/v2\/product_tag?post=1881"}],"curies":[{"name":"wp","href":"https:\/\/api.w.org\/{rel}","templated":true}]}}