{"id":1854,"date":"2025-02-13T07:38:14","date_gmt":"2025-02-13T07:38:14","guid":{"rendered":"https:\/\/www.jinghuaceramic.com\/?post_type=product&#038;p=1854"},"modified":"2025-03-27T10:04:12","modified_gmt":"2025-03-27T10:04:12","slug":"wholesale-3-inches-mobile-label-printer","status":"publish","type":"product","link":"https:\/\/www.aiyin.com\/fr\/product\/wholesale-3-inches-mobile-label-printer\/","title":{"rendered":"Wholesale 3 inches Mobile Label Printer - MP231, Imprimante d'\u00e9tiquettes sans fil Small Rollo"},"content":{"rendered":"<h2 class=\"wp-block-heading\">D\u00e9tails de l'imprimante mobile d'\u00e9tiquettes - MP231<\/h2>\n\n\n\n<hr class=\"wp-block-separator has-alpha-channel-opacity\" \/>\n\n\n\n<figure class=\"wp-block-image size-large\"><img decoding=\"async\" width=\"1252\" height=\"1280\" src=\"https:\/\/www.aiyin.com\/wp-content\/uploads\/2025\/02\/Mobile-Label-Printer-231-Details-1-1252x1280.webp\" alt=\"Imprimante d&#039;\u00e9tiquettes mobile 231 D\u00e9tails (1)\" class=\"wp-image-1855\" srcset=\"https:\/\/www.aiyin.com\/wp-content\/uploads\/2025\/02\/Mobile-Label-Printer-231-Details-1-1252x1280.webp 1252w, https:\/\/www.aiyin.com\/wp-content\/uploads\/2025\/02\/Mobile-Label-Printer-231-Details-1-768x785.webp 768w, https:\/\/www.aiyin.com\/wp-content\/uploads\/2025\/02\/Mobile-Label-Printer-231-Details-1-600x614.webp 600w\" sizes=\"(max-width: 1252px) 100vw, 1252px\" \/><\/figure>","protected":false},"excerpt":{"rendered":"<p>L'imprimante mobile d'\u00e9tiquettes MP231, qui utilise une technologie d'impression thermique avanc\u00e9e, ne n\u00e9cessite pas d'encre ni de ruban. Elle est largement utilis\u00e9e dans le commerce de d\u00e9tail, le commerce \u00e9lectronique, la logistique et d'autres secteurs d'activit\u00e9. Avec une interface de fonctionnement simple et une fonction d'appariement Bluetooth rapide, les utilisateurs peuvent rapidement commencer \u00e0 travailler sans formation complexe. En outre, aiyin fournit \u00e9galement des services flexibles de personnalisation OEM et ODM, n'h\u00e9sitez pas \u00e0 nous contacter pour obtenir un devis.<\/p>\n<h2>Caract\u00e9ristiques de l'imprimante mobile d'\u00e9tiquettes - MP231<\/h2>\n<div>\n<p><strong>Autonomie de la batterie longue dur\u00e9e :<\/strong> L'imprimante mobile d'\u00e9tiquettes mp231 est \u00e9quip\u00e9e d'une batterie de grande capacit\u00e9, qui peut \u00eatre utilis\u00e9e en continu pendant une longue p\u00e9riode apr\u00e8s avoir \u00e9t\u00e9 compl\u00e8tement recharg\u00e9e, ce qui permet de l'utiliser par tous les temps et de r\u00e9pondre aux besoins d'impression d'\u00e9tiquettes en grand volume.<\/p>\n<p><strong>Technologie d'impression thermique :<\/strong> Le mp231 utilise la technologie d'impression thermique, sans encre ni ruban, et offre une r\u00e9solution haute d\u00e9finition de 203 dpi, avec des effets d'impression clairs et durables.<\/p>\n<p><strong>Applications polyvalentes :<\/strong> L'imprimante mobile d'\u00e9tiquettes mp231 peut \u00eatre utilis\u00e9e pour imprimer divers types d'\u00e9tiquettes, telles que des \u00e9tiquettes de produits, des \u00e9tiquettes de prix, des \u00e9tiquettes d'exp\u00e9dition, etc., en particulier pour les d\u00e9taillants, les entreprises de commerce \u00e9lectronique et de logistique.<\/p>\n<p><strong>Fonctionnement facile :<\/strong> L'interface intuitive et le processus rapide d'appairage Bluetooth facilitent la prise en main par les utilisateurs et permettent de r\u00e9duire les co\u00fbts de formation.<\/p>\n<p><strong>Services OEM et ODM :<\/strong> AiYin propose des services OEM et ODM flexibles et de nombreuses options de personnalisation, y compris la conception de l'apparence, la configuration des fonctions, la personnalisation de l'emballage, etc.<\/p>\n<\/div>","protected":false},"featured_media":1857,"comment_status":"closed","ping_status":"closed","template":"","meta":{"_acf_changed":true},"product_brand":[],"product_cat":[22],"product_tag":[],"class_list":{"0":"post-1854","1":"product","2":"type-product","3":"status-publish","4":"has-post-thumbnail","6":"product_cat-business-label-printer","7":"pa_print-width-3-inches","9":"first","10":"instock","11":"shipping-taxable","12":"product-type-simple"},"acf":[],"_links":{"self":[{"href":"https:\/\/www.aiyin.com\/fr\/wp-json\/wp\/v2\/product\/1854","targetHints":{"allow":["GET"]}}],"collection":[{"href":"https:\/\/www.aiyin.com\/fr\/wp-json\/wp\/v2\/product"}],"about":[{"href":"https:\/\/www.aiyin.com\/fr\/wp-json\/wp\/v2\/types\/product"}],"replies":[{"embeddable":true,"href":"https:\/\/www.aiyin.com\/fr\/wp-json\/wp\/v2\/comments?post=1854"}],"wp:featuredmedia":[{"embeddable":true,"href":"https:\/\/www.aiyin.com\/fr\/wp-json\/wp\/v2\/media\/1857"}],"wp:attachment":[{"href":"https:\/\/www.aiyin.com\/fr\/wp-json\/wp\/v2\/media?parent=1854"}],"wp:term":[{"taxonomy":"product_brand","embeddable":true,"href":"https:\/\/www.aiyin.com\/fr\/wp-json\/wp\/v2\/product_brand?post=1854"},{"taxonomy":"product_cat","embeddable":true,"href":"https:\/\/www.aiyin.com\/fr\/wp-json\/wp\/v2\/product_cat?post=1854"},{"taxonomy":"product_tag","embeddable":true,"href":"https:\/\/www.aiyin.com\/fr\/wp-json\/wp\/v2\/product_tag?post=1854"}],"curies":[{"name":"wp","href":"https:\/\/api.w.org\/{rel}","templated":true}]}}