{"id":1849,"date":"2025-02-13T07:05:19","date_gmt":"2025-02-13T07:05:19","guid":{"rendered":"https:\/\/www.jinghuaceramic.com\/?post_type=product&#038;p=1849"},"modified":"2025-06-14T02:27:02","modified_gmt":"2025-06-14T02:27:02","slug":"wholesale-3-inches-portable-bluetooth-label-printer-mp230","status":"publish","type":"product","link":"https:\/\/www.aiyin.com\/fr\/product\/wholesale-3-inches-portable-bluetooth-label-printer-mp230\/","title":{"rendered":"Wholesale 3-inch Portable Bluetooth Label Printer - MP230, L'imprimante d'\u00e9tiquettes pour les magasins de d\u00e9tail, les v\u00eatements et l'exp\u00e9dition"},"content":{"rendered":"<h2 class=\"wp-block-heading\">D\u00e9tails de l'imprimante d'\u00e9tiquettes Bluetooth portable - MP230<\/h2>\n\n\n\n<hr class=\"wp-block-separator has-alpha-channel-opacity\"\/>\n\n\n\n<figure class=\"wp-block-image size-large\"><img decoding=\"async\" width=\"1254\" height=\"1280\" src=\"https:\/\/www.aiyin.com\/wp-content\/uploads\/2025\/02\/Portable-Bluetooth-Label-Printer\u200b-Details-1-1254x1280.webp\" alt=\"Imprimante d&#039;\u00e9tiquettes Bluetooth portable D\u00e9tails (1)\" class=\"wp-image-1850\" srcset=\"https:\/\/www.aiyin.com\/wp-content\/uploads\/2025\/02\/Portable-Bluetooth-Label-Printer\u200b-Details-1-1254x1280.webp 1254w, https:\/\/www.aiyin.com\/wp-content\/uploads\/2025\/02\/Portable-Bluetooth-Label-Printer\u200b-Details-1-768x784.webp 768w, https:\/\/www.aiyin.com\/wp-content\/uploads\/2025\/02\/Portable-Bluetooth-Label-Printer\u200b-Details-1-600x612.webp 600w\" sizes=\"(max-width: 1254px) 100vw, 1254px\" \/><\/figure>","protected":false},"excerpt":{"rendered":"<p>Imprimante d'\u00e9tiquettes Bluetooth portable 3 pouces en gros, adapt\u00e9e \u00e0 divers sc\u00e9narios tels que les magasins de d\u00e9tail, les magasins de v\u00eatements et les exp\u00e9ditions de commerce \u00e9lectronique, prend en charge la connexion sans fil Bluetooth, facile \u00e0 utiliser, et compatible avec une vari\u00e9t\u00e9 de tailles d'\u00e9tiquettes. Contactez-nous pour un devis.<\/p>\n<h2>Caract\u00e9ristiques de l'imprimante d'\u00e9tiquettes Bluetooth portable - MP230<\/h2>\n<div>\n<p><strong>Conception portative :<\/strong> L'imprimante d'\u00e9tiquettes Bluetooth MP230 est compacte et facile \u00e0 transporter. Elle peut \u00eatre facilement transport\u00e9e et utilis\u00e9e dans les magasins de d\u00e9tail, les entrep\u00f4ts et les sites d'exp\u00e9dition.<\/p>\n<p><strong>Sans fil Connexion Bluetooth :<\/strong> L'imprimante d'\u00e9tiquettes portable MP230 prend en charge la connexion sans fil Bluetooth, qui peut \u00eatre facilement associ\u00e9e \u00e0 des smartphones, des tablettes ou des ordinateurs pour am\u00e9liorer la commodit\u00e9 d'utilisation et \u00e9viter les connexions filaires encombrantes.<\/p>\n<p><strong>Application polyvalente :<\/strong> Il convient parfaitement \u00e0 de multiples sc\u00e9narios tels que les magasins de d\u00e9tail, les magasins de v\u00eatements et les exp\u00e9ditions de commerce \u00e9lectronique. Il permet notamment d'imprimer des \u00e9tiquettes de produits, des \u00e9tiquettes de prix et des \u00e9tiquettes d'exp\u00e9dition.<\/p>\n<p><strong>Fonctionnement simple :<\/strong> Le MP230 est dot\u00e9 d'une interface utilisateur conviviale et d'une assistance logicielle, de sorte que m\u00eame les personnes n'ayant pas de connaissances techniques peuvent rapidement d\u00e9marrer et am\u00e9liorer l'efficacit\u00e9 de leur travail.<\/p>\n<p><strong>Batterie puissante :<\/strong> Le MP230 est \u00e9quip\u00e9 d'une batterie puissante qui peut fonctionner en continu pendant une longue p\u00e9riode lorsqu'elle est compl\u00e8tement charg\u00e9e, ce qui permet une utilisation tout au long de la journ\u00e9e.<\/p>\n<\/div>","protected":false},"featured_media":1852,"comment_status":"closed","ping_status":"closed","template":"","meta":{"_acf_changed":true},"product_brand":[],"product_cat":[22],"product_tag":[],"class_list":{"0":"post-1849","1":"product","2":"type-product","3":"status-publish","4":"has-post-thumbnail","6":"product_cat-business-label-printer","7":"pa_print-width-3-inches","9":"first","10":"instock","11":"shipping-taxable","12":"product-type-simple"},"acf":[],"_links":{"self":[{"href":"https:\/\/www.aiyin.com\/fr\/wp-json\/wp\/v2\/product\/1849","targetHints":{"allow":["GET"]}}],"collection":[{"href":"https:\/\/www.aiyin.com\/fr\/wp-json\/wp\/v2\/product"}],"about":[{"href":"https:\/\/www.aiyin.com\/fr\/wp-json\/wp\/v2\/types\/product"}],"replies":[{"embeddable":true,"href":"https:\/\/www.aiyin.com\/fr\/wp-json\/wp\/v2\/comments?post=1849"}],"wp:featuredmedia":[{"embeddable":true,"href":"https:\/\/www.aiyin.com\/fr\/wp-json\/wp\/v2\/media\/1852"}],"wp:attachment":[{"href":"https:\/\/www.aiyin.com\/fr\/wp-json\/wp\/v2\/media?parent=1849"}],"wp:term":[{"taxonomy":"product_brand","embeddable":true,"href":"https:\/\/www.aiyin.com\/fr\/wp-json\/wp\/v2\/product_brand?post=1849"},{"taxonomy":"product_cat","embeddable":true,"href":"https:\/\/www.aiyin.com\/fr\/wp-json\/wp\/v2\/product_cat?post=1849"},{"taxonomy":"product_tag","embeddable":true,"href":"https:\/\/www.aiyin.com\/fr\/wp-json\/wp\/v2\/product_tag?post=1849"}],"curies":[{"name":"wp","href":"https:\/\/api.w.org\/{rel}","templated":true}]}}