{"id":1813,"date":"2025-02-12T03:27:55","date_gmt":"2025-02-12T03:27:55","guid":{"rendered":"https:\/\/www.jinghuaceramic.com\/?post_type=product&#038;p=1813"},"modified":"2025-06-14T02:17:58","modified_gmt":"2025-06-14T02:17:58","slug":"wholesale-4-inches-portable-label-printer-mc240","status":"publish","type":"product","link":"https:\/\/www.aiyin.com\/fr\/product\/wholesale-4-inches-portable-label-printer-mc240\/","title":{"rendered":"Imprimante d'\u00e9tiquettes portable 4 pouces - MC240, support OEM et ODM - AiYin Fabricant d'imprimantes d'\u00e9tiquettes"},"content":{"rendered":"<h2 class=\"wp-block-heading\">D\u00e9tails de l'imprimante d'\u00e9tiquettes portable 4 pouces - MC240<\/h2>\n\n\n\n<hr class=\"wp-block-separator has-alpha-channel-opacity\"\/>\n\n\n\n<figure class=\"wp-block-image size-large\"><img decoding=\"async\" width=\"1261\" height=\"1280\" src=\"https:\/\/www.aiyin.com\/wp-content\/uploads\/2025\/02\/Portable-Label-Printer-Details-1-1-1261x1280.webp\" alt=\"Imprimante d&#039;\u00e9tiquettes portable D\u00e9tails (1)\" class=\"wp-image-1844\" srcset=\"https:\/\/www.aiyin.com\/wp-content\/uploads\/2025\/02\/Portable-Label-Printer-Details-1-1-1261x1280.webp 1261w, https:\/\/www.aiyin.com\/wp-content\/uploads\/2025\/02\/Portable-Label-Printer-Details-1-1-768x779.webp 768w, https:\/\/www.aiyin.com\/wp-content\/uploads\/2025\/02\/Portable-Label-Printer-Details-1-1-600x609.webp 600w\" sizes=\"(max-width: 1261px) 100vw, 1261px\" \/><\/figure>","protected":false},"excerpt":{"rendered":"<p>Imprimante d'\u00e9tiquettes portable de 4 pouces, facile \u00e0 transporter, fonction d'enroulement automatique du papier int\u00e9gr\u00e9e, r\u00e9duisant efficacement le gaspillage de papier et am\u00e9liorant l'efficacit\u00e9 de l'impression. Fournit des interfaces USB et Bluetooth pour assurer la connexion avec divers appareils. Stable et durable, avec une tr\u00e8s longue dur\u00e9e de vie. Le fabricant d'imprimante d'\u00e9tiquettes AiYin fournit des services OEM, contactez-nous pour un devis.<\/p>\n<h2>Caract\u00e9ristiques de l'imprimante d'\u00e9tiquettes portable 4 pouces - MC240<\/h2>\n<div>\n<p><strong>Portable et l\u00e9ger :<\/strong> L'imprimante d'\u00e9tiquettes portable MC240 a une apparence simple et \u00e9l\u00e9gante, elle est facile \u00e0 transporter et peut \u00eatre utilis\u00e9e dans les entrep\u00f4ts, les bureaux ou les centres logistiques.<\/p>\n<p><strong>Largeur d'impression r\u00e9glable :<\/strong> La largeur d'impression de l'imprimante d'\u00e9tiquettes portable MC240 peut atteindre 104 mm et permet l'utilisation d'\u00e9tiquettes en rouleau de grande taille, ce qui est particuli\u00e8rement adapt\u00e9 aux codes-barres, \u00e0 l'identification des marchandises et \u00e0 d'autres applications industrielles, et s'adapte facilement.<\/p>\n<p><strong>Prise en charge multilingue :<\/strong> L'interface du logiciel d'exploitation prend en charge plusieurs langues, s'adapte au march\u00e9 mondial et convient particuli\u00e8rement aux entreprises multinationales ou aux environnements d'application destin\u00e9s \u00e0 des utilisateurs de langues diff\u00e9rentes.<\/p>\n<p><strong>Forte durabilit\u00e9 :<\/strong> L'imprimante d'\u00e9tiquettes portable MC240 est con\u00e7ue avec une dur\u00e9e de vie ultra longue de plus de 100 millions d'impressions, et peut maintenir un fonctionnement efficace et stable m\u00eame dans des environnements \u00e0 forte intensit\u00e9 d'utilisation.<\/p>\n<p><strong>Applicable \u00e0 une vari\u00e9t\u00e9 d'\u00e9paisseurs de papier :<\/strong> La gamme d'\u00e9paisseurs de papier prises en charge va de 65 \u00e0 150 mm et peut s'adapter \u00e0 diff\u00e9rents types de papier thermique.<\/p>\n<p><strong>OEM et ODM :<\/strong> Le fabricant d'imprimantes d'\u00e9tiquettes AiYin fournit des solutions d'imprimantes d'\u00e9tiquettes personnalis\u00e9es, personnalisant les imprimantes d'\u00e9tiquettes de marque professionnelle pour vous.<\/p>\n<\/div>","protected":false},"featured_media":2920,"comment_status":"closed","ping_status":"closed","template":"","meta":{"_acf_changed":true},"product_brand":[],"product_cat":[22],"product_tag":[],"class_list":{"0":"post-1813","1":"product","2":"type-product","3":"status-publish","4":"has-post-thumbnail","6":"product_cat-business-label-printer","7":"pa_print-width-4-inches","9":"first","10":"instock","11":"shipping-taxable","12":"product-type-simple"},"acf":[],"_links":{"self":[{"href":"https:\/\/www.aiyin.com\/fr\/wp-json\/wp\/v2\/product\/1813","targetHints":{"allow":["GET"]}}],"collection":[{"href":"https:\/\/www.aiyin.com\/fr\/wp-json\/wp\/v2\/product"}],"about":[{"href":"https:\/\/www.aiyin.com\/fr\/wp-json\/wp\/v2\/types\/product"}],"replies":[{"embeddable":true,"href":"https:\/\/www.aiyin.com\/fr\/wp-json\/wp\/v2\/comments?post=1813"}],"wp:featuredmedia":[{"embeddable":true,"href":"https:\/\/www.aiyin.com\/fr\/wp-json\/wp\/v2\/media\/2920"}],"wp:attachment":[{"href":"https:\/\/www.aiyin.com\/fr\/wp-json\/wp\/v2\/media?parent=1813"}],"wp:term":[{"taxonomy":"product_brand","embeddable":true,"href":"https:\/\/www.aiyin.com\/fr\/wp-json\/wp\/v2\/product_brand?post=1813"},{"taxonomy":"product_cat","embeddable":true,"href":"https:\/\/www.aiyin.com\/fr\/wp-json\/wp\/v2\/product_cat?post=1813"},{"taxonomy":"product_tag","embeddable":true,"href":"https:\/\/www.aiyin.com\/fr\/wp-json\/wp\/v2\/product_tag?post=1813"}],"curies":[{"name":"wp","href":"https:\/\/api.w.org\/{rel}","templated":true}]}}