{"id":1802,"date":"2025-02-07T02:41:53","date_gmt":"2025-02-07T02:41:53","guid":{"rendered":"https:\/\/www.jinghuaceramic.com\/?post_type=product&#038;p=1802"},"modified":"2025-02-28T14:35:33","modified_gmt":"2025-02-28T14:35:33","slug":"wholesale-industrial-thermal-label-printer-id230-240","status":"publish","type":"product","link":"https:\/\/www.aiyin.com\/fr\/product\/wholesale-industrial-thermal-label-printer-id230-240\/","title":{"rendered":"Imprimante d'\u00e9tiquettes thermique industrielle en gros -ID230\/240, support OEM et ODM - AiYin Fabricant d'imprimantes d'\u00e9tiquettes,"},"content":{"rendered":"<h2 class=\"wp-block-heading\">D\u00e9tails de l'imprimante thermique industrielle - ID230\/240<\/h2>\n\n\n\n<hr class=\"wp-block-separator has-alpha-channel-opacity\" \/>\n\n\n\n<figure class=\"wp-block-image size-large\"><img decoding=\"async\" width=\"1265\" height=\"1280\" src=\"https:\/\/www.aiyin.com\/wp-content\/uploads\/2025\/02\/Industrial-Thermal-Label-Printer-Details-1-1265x1280.webp\" alt=\"D\u00e9tails de l&#039;imprimante thermique industrielle (1)\" class=\"wp-image-1803\" srcset=\"https:\/\/www.aiyin.com\/wp-content\/uploads\/2025\/02\/Industrial-Thermal-Label-Printer-Details-1-1265x1280.webp 1265w, https:\/\/www.aiyin.com\/wp-content\/uploads\/2025\/02\/Industrial-Thermal-Label-Printer-Details-1-768x777.webp 768w, https:\/\/www.aiyin.com\/wp-content\/uploads\/2025\/02\/Industrial-Thermal-Label-Printer-Details-1-600x607.webp 600w, https:\/\/www.aiyin.com\/wp-content\/uploads\/2025\/02\/Industrial-Thermal-Label-Printer-Details-1-100x100.webp 100w\" sizes=\"(max-width: 1265px) 100vw, 1265px\" \/><\/figure>","protected":false},"excerpt":{"rendered":"<p>Imprimante industrielle d'\u00e9tiquettes thermiques en gros - ID230\/240, avec une capacit\u00e9 d'impression \u00e0 grande vitesse de 300 mm par seconde et une r\u00e9solution d'impression de 203 dpi, \u00e9quip\u00e9e d'une t\u00eate d'impression industrielle durable et d'une structure solide en t\u00f4le de 1,5 mm, assurant une stabilit\u00e9 \u00e0 long terme et une longue dur\u00e9e de vie, adapt\u00e9e au traitement efficace des \u00e9tiquettes de commande en grand volume, particuli\u00e8rement adapt\u00e9e aux industries de la logistique et du commerce \u00e9lectronique. Support oem et odm, contactez-nous pour un devis.<\/p>\n<h2>Caract\u00e9ristiques de l'imprimante thermique d'\u00e9tiquettes industrielle - ID230\/240<\/h2>\n<div>\n<p><strong>Impression \u00e0 grande vitesse :<\/strong> Avec une vitesse d'impression de 300 mm\/s, l'imprimante thermique industrielle ID230\/240 peut traiter jusqu'\u00e0 8 300 commandes par heure, garantissant ainsi un \u00e9tiquetage rapide et efficace des commandes importantes.<\/p>\n<p><strong>T\u00eate d'impression durable de qualit\u00e9 industrielle :<\/strong> L'ID230\/240 est \u00e9quip\u00e9e d'une t\u00eate d'impression industrielle de haute qualit\u00e9, rapide et r\u00e9sistante \u00e0 l'usure, qui garantit une impression stable et de haute qualit\u00e9 au fil du temps.<\/p>\n<p><strong>Compatibilit\u00e9 avec plusieurs tailles d'\u00e9tiquettes :<\/strong> Prise en charge de diff\u00e9rentes tailles d'\u00e9tiquettes, avec une largeur d'impression effective allant jusqu'\u00e0 80 mm pour l'ID230 et jusqu'\u00e0 108 mm pour l'ID240, afin de r\u00e9pondre \u00e0 diff\u00e9rents besoins d'\u00e9tiquetage.<\/p>\n<p><strong>Prend en charge les codes-barres 1D et 2D :<\/strong> L'imprimante thermique d'\u00e9tiquettes industrielles ID230\/240 prend en charge les codes-barres 1D et 2D, ce qui lui permet de r\u00e9pondre aux diff\u00e9rentes exigences en mati\u00e8re d'\u00e9tiquetage, en particulier dans les domaines de la logistique et du commerce \u00e9lectronique.<\/p>\n<p><strong>Performances fiables et longue dur\u00e9e d'impression :<\/strong> Les imprimantes ont une dur\u00e9e de vie de 30 km (garantie) et de 50 km (dur\u00e9e de vie), ce qui assure une fiabilit\u00e9 \u00e0 long terme et r\u00e9duit les temps d'arr\u00eat.<\/p>\n<\/div>","protected":false},"featured_media":1805,"comment_status":"closed","ping_status":"closed","template":"","meta":{"_acf_changed":true},"product_brand":[],"product_cat":[38],"product_tag":[],"class_list":{"0":"post-1802","1":"product","2":"type-product","3":"status-publish","4":"has-post-thumbnail","6":"product_cat-shipping-label-printer","7":"pa_industrial-grade-yes","8":"pa_paper-bin-with-paper-bin","10":"first","11":"instock","12":"shipping-taxable","13":"product-type-simple"},"acf":[],"_links":{"self":[{"href":"https:\/\/www.aiyin.com\/fr\/wp-json\/wp\/v2\/product\/1802","targetHints":{"allow":["GET"]}}],"collection":[{"href":"https:\/\/www.aiyin.com\/fr\/wp-json\/wp\/v2\/product"}],"about":[{"href":"https:\/\/www.aiyin.com\/fr\/wp-json\/wp\/v2\/types\/product"}],"replies":[{"embeddable":true,"href":"https:\/\/www.aiyin.com\/fr\/wp-json\/wp\/v2\/comments?post=1802"}],"wp:featuredmedia":[{"embeddable":true,"href":"https:\/\/www.aiyin.com\/fr\/wp-json\/wp\/v2\/media\/1805"}],"wp:attachment":[{"href":"https:\/\/www.aiyin.com\/fr\/wp-json\/wp\/v2\/media?parent=1802"}],"wp:term":[{"taxonomy":"product_brand","embeddable":true,"href":"https:\/\/www.aiyin.com\/fr\/wp-json\/wp\/v2\/product_brand?post=1802"},{"taxonomy":"product_cat","embeddable":true,"href":"https:\/\/www.aiyin.com\/fr\/wp-json\/wp\/v2\/product_cat?post=1802"},{"taxonomy":"product_tag","embeddable":true,"href":"https:\/\/www.aiyin.com\/fr\/wp-json\/wp\/v2\/product_tag?post=1802"}],"curies":[{"name":"wp","href":"https:\/\/api.w.org\/{rel}","templated":true}]}}