{"id":1761,"date":"2025-02-12T14:57:55","date_gmt":"2025-02-12T14:57:55","guid":{"rendered":"https:\/\/www.jinghuaceramic.com\/?post_type=product&#038;p=1761"},"modified":"2025-06-14T02:22:03","modified_gmt":"2025-06-14T02:22:03","slug":"wholesale-4-inch-thermal-label-printer-ae241","status":"publish","type":"product","link":"https:\/\/www.aiyin.com\/fr\/product\/wholesale-4-inch-thermal-label-printer-ae241\/","title":{"rendered":"Imprimante d'\u00e9tiquettes thermique personnalis\u00e9e, OEM et ODM disponibles, imprimante d'\u00e9tiquettes 4 pouces - AE241"},"content":{"rendered":"<h2 class=\"wp-block-heading\">D\u00e9tails de l'imprimante d'\u00e9tiquettes thermiques - AE241<\/h2>\n\n\n\n<hr class=\"wp-block-separator has-alpha-channel-opacity\"\/>\n\n\n\n<figure class=\"wp-block-image size-large\"><img decoding=\"async\" width=\"1272\" height=\"1280\" src=\"https:\/\/www.aiyin.com\/wp-content\/uploads\/2025\/02\/Custom-label-printer-AE240-details-1-1272x1280.webp\" alt=\"Imprimante d&#039;\u00e9tiquettes personnalis\u00e9es AE240 d\u00e9tails (1)\" class=\"wp-image-1762\" srcset=\"https:\/\/www.aiyin.com\/wp-content\/uploads\/2025\/02\/Custom-label-printer-AE240-details-1-1272x1280.webp 1272w, https:\/\/www.aiyin.com\/wp-content\/uploads\/2025\/02\/Custom-label-printer-AE240-details-1-150x150.webp 150w, https:\/\/www.aiyin.com\/wp-content\/uploads\/2025\/02\/Custom-label-printer-AE240-details-1-768x773.webp 768w, https:\/\/www.aiyin.com\/wp-content\/uploads\/2025\/02\/Custom-label-printer-AE240-details-1-600x604.webp 600w, https:\/\/www.aiyin.com\/wp-content\/uploads\/2025\/02\/Custom-label-printer-AE240-details-1-100x100.webp 100w\" sizes=\"(max-width: 1272px) 100vw, 1272px\" \/><\/figure>","protected":false},"excerpt":{"rendered":"<p>Imprimante d'\u00e9tiquettes thermiques 4 pouces AE241 en gros, fournissant des solutions professionnelles OEM et ODM d'imprimantes d'\u00e9tiquettes personnalis\u00e9es. L'AE241 adopte la technologie thermique, ne n\u00e9cessite pas d'encre, offre une grande efficacit\u00e9 d'impression, une forte stabilit\u00e9 et est compatible avec de nombreux syst\u00e8mes d'exploitation. C'est un choix id\u00e9al pour l'impression d'\u00e9tiquettes dans les domaines de l'entreposage, de la logistique, de la vente au d\u00e9tail et d'autres industries. N'h\u00e9sitez pas \u00e0 nous contacter pour un devis.<\/p>\n<h2>Caract\u00e9ristiques de l'imprimante d'\u00e9tiquettes thermiques - AE241<\/h2>\n<div>\n<p><strong>Personnalisation OEM et ODM :<\/strong> Les fabricants d'imprimantes d'\u00e9tiquettes AiYin proposent des services OEM et ODM, qui peuvent \u00eatre personnalis\u00e9s en fonction des besoins des clients et r\u00e9pondre \u00e0 l'offre \u00e0 grande \u00e9chelle.<\/p>\n<p><strong>Impression efficace :<\/strong> L'imprimante thermique d'\u00e9tiquettes AE241 utilise la technologie thermique, ne n\u00e9cessite pas d'encre ni de ruban, a une vitesse d'impression rapide, prend en charge l'impression d'\u00e9tiquettes et de lettres de voiture \u00e9lectroniques, et r\u00e9pond aux diff\u00e9rents besoins des entreprises.<\/p>\n<p><strong>Largeur d'impression de 4 pouces :<\/strong> prend en charge l'impression d'\u00e9tiquettes d'une largeur de 4 pouces, ce qui convient \u00e0 une vari\u00e9t\u00e9 de besoins en mati\u00e8re d'\u00e9tiquettes, en particulier les grandes \u00e9tiquettes ou les \u00e9tiquettes de codes-barres.<\/p>\n<p><strong>Forte stabilit\u00e9 :<\/strong> L'imprimante d'\u00e9tiquettes AE241 a \u00e9t\u00e9 rigoureusement test\u00e9e et la dur\u00e9e de vie de l'impression d\u00e9passe les 30 kilom\u00e8tres, ce qui garantit une grande stabilit\u00e9 en cas de charge de travail \u00e9lev\u00e9e \u00e0 long terme.<\/p>\n<p><strong>Corbeille \u00e0 papier visuelle :<\/strong> L'imprimante d'\u00e9tiquettes AE241 poss\u00e8de un bac \u00e0 papier int\u00e9gr\u00e9 et est \u00e9quip\u00e9e d'une fen\u00eatre d'inspection du bac \u00e0 papier, qui permet d'observer l'alimentation en papier et l'utilisation du papier d'impression, ce qui rend l'imprimante plus pratique \u00e0 utiliser.<\/p>\n<\/div>","protected":false},"featured_media":1764,"comment_status":"closed","ping_status":"closed","template":"","meta":{"_acf_changed":true},"product_brand":[],"product_cat":[38],"product_tag":[],"class_list":{"0":"post-1761","1":"product","2":"type-product","3":"status-publish","4":"has-post-thumbnail","6":"product_cat-shipping-label-printer","7":"pa_industrial-grade-no","8":"pa_paper-bin-with-paper-bin","9":"pa_print-width-4-inches","11":"first","12":"instock","13":"shipping-taxable","14":"product-type-simple"},"acf":[],"_links":{"self":[{"href":"https:\/\/www.aiyin.com\/fr\/wp-json\/wp\/v2\/product\/1761","targetHints":{"allow":["GET"]}}],"collection":[{"href":"https:\/\/www.aiyin.com\/fr\/wp-json\/wp\/v2\/product"}],"about":[{"href":"https:\/\/www.aiyin.com\/fr\/wp-json\/wp\/v2\/types\/product"}],"replies":[{"embeddable":true,"href":"https:\/\/www.aiyin.com\/fr\/wp-json\/wp\/v2\/comments?post=1761"}],"wp:featuredmedia":[{"embeddable":true,"href":"https:\/\/www.aiyin.com\/fr\/wp-json\/wp\/v2\/media\/1764"}],"wp:attachment":[{"href":"https:\/\/www.aiyin.com\/fr\/wp-json\/wp\/v2\/media?parent=1761"}],"wp:term":[{"taxonomy":"product_brand","embeddable":true,"href":"https:\/\/www.aiyin.com\/fr\/wp-json\/wp\/v2\/product_brand?post=1761"},{"taxonomy":"product_cat","embeddable":true,"href":"https:\/\/www.aiyin.com\/fr\/wp-json\/wp\/v2\/product_cat?post=1761"},{"taxonomy":"product_tag","embeddable":true,"href":"https:\/\/www.aiyin.com\/fr\/wp-json\/wp\/v2\/product_tag?post=1761"}],"curies":[{"name":"wp","href":"https:\/\/api.w.org\/{rel}","templated":true}]}}