{"id":1747,"date":"2025-02-12T15:25:48","date_gmt":"2025-02-12T15:25:48","guid":{"rendered":"https:\/\/www.jinghuaceramic.com\/?post_type=product&#038;p=1747"},"modified":"2025-06-14T02:23:25","modified_gmt":"2025-06-14T02:23:25","slug":"wholesale-4-inch-desktop-thermal-label-printer-ae240","status":"publish","type":"product","link":"https:\/\/www.aiyin.com\/fr\/product\/wholesale-4-inch-desktop-thermal-label-printer-ae240\/","title":{"rendered":"Wholesale 4-inch Desktop Thermal Label Printer - AE240, Imprimante d'\u00e9tiquettes professionnelle Office Depot"},"content":{"rendered":"<h2 class=\"wp-block-heading\">D\u00e9tails de l'imprimante thermique d'\u00e9tiquettes - AE240<\/h2>\n\n\n\n<hr class=\"wp-block-separator has-alpha-channel-opacity\" \/>\n\n\n\n<figure class=\"wp-block-image size-large\"><img decoding=\"async\" width=\"1255\" height=\"1280\" src=\"https:\/\/www.aiyin.com\/wp-content\/uploads\/2025\/02\/Thermal-Office-Depot-Label-Printer-Details-1-1255x1280.webp\" alt=\"D\u00e9tails de l&#039;imprimante thermique d&#039;\u00e9tiquettes Office Depot (1)\" class=\"wp-image-1748\" srcset=\"https:\/\/www.aiyin.com\/wp-content\/uploads\/2025\/02\/Thermal-Office-Depot-Label-Printer-Details-1-1255x1280.webp 1255w, https:\/\/www.aiyin.com\/wp-content\/uploads\/2025\/02\/Thermal-Office-Depot-Label-Printer-Details-1-768x783.webp 768w, https:\/\/www.aiyin.com\/wp-content\/uploads\/2025\/02\/Thermal-Office-Depot-Label-Printer-Details-1-600x612.webp 600w\" sizes=\"(max-width: 1255px) 100vw, 1255px\" \/><\/figure>\n\n\n\n<p><\/p>","protected":false},"excerpt":{"rendered":"<p>L'imprimante d'\u00e9tiquettes thermique de bureau 4 pouces AE240 permet une impression rapide de 150 mm par seconde, fournit un effet d'impression clair jusqu'\u00e0 203 dpi, ce qui en fait une excellente imprimante d'\u00e9tiquettes d'Office Depot. De plus, le fabricant d'imprimante d'\u00e9tiquettes AiYin fournit un support logiciel professionnel. N'h\u00e9sitez pas \u00e0 nous contacter pour obtenir un devis.<\/p>\n<h2>Caract\u00e9ristiques de l'imprimante thermique d'\u00e9tiquettes de bureau 4 pouces - AE240<\/h2>\n<div>\n<p><strong>Am\u00e9liorer l'efficacit\u00e9 du bureau :<\/strong> Impression \u00e0 grande vitesse et prise en charge de plusieurs types d'\u00e9tiquettes. L'imprimante d'\u00e9tiquettes Office Depot AE240 est particuli\u00e8rement adapt\u00e9e \u00e0 l'impression d'\u00e9tiquettes par lots, contribuant \u00e0 am\u00e9liorer l'efficacit\u00e9 op\u00e9rationnelle des entreprises d'entreposage, de logistique et de commerce \u00e9lectronique.<\/p>\n<p><strong>Connexion multi-interface :<\/strong> L'imprimante d'\u00e9tiquettes thermiques AE240 dispose d'une interface USB int\u00e9gr\u00e9e et prend en charge plusieurs m\u00e9thodes de connexion telles que le Bluetooth pour assurer une connexion transparente avec diff\u00e9rents appareils et s'adapter \u00e0 divers environnements de bureau et d'entreposage.<\/p>\n<p><strong>Longue dur\u00e9e de vie :<\/strong> La dur\u00e9e d'impression peut atteindre 30 kilom\u00e8tres. L'imprimante thermique d'\u00e9tiquettes AE240 a une bonne durabilit\u00e9 et une bonne fiabilit\u00e9 et convient aux sc\u00e9narios d'utilisation \u00e0 haute fr\u00e9quence.<\/p>\n<p><strong>Conception visuelle du carton :<\/strong> L'imprimante d'\u00e9tiquettes thermiques AE240 est \u00e9quip\u00e9e d'une fen\u00eatre d'observation qui permet aux utilisateurs de contr\u00f4ler l'approvisionnement en papier et de le remplacer \u00e0 temps.<\/p>\n<p><strong>Compatibilit\u00e9 avec le papier flexible :<\/strong> La largeur d'impression effective est comprise entre 48 et 108 mm et prend en charge plusieurs types de papier pour \u00e9tiquettes thermiques.<\/p>\n<p><strong>Service OEM et ODM :<\/strong> Le fabricant d'imprimantes d'\u00e9tiquettes AiYIn fournit des solutions d'imprimantes d'\u00e9tiquettes personnalis\u00e9es d'un seul tenant. Les clients peuvent personnaliser la marque et l'apparence de l'imprimante, et nous fournirons une assistance compl\u00e8te en mati\u00e8re de conception et de d\u00e9veloppement.<\/p>\n<\/div>","protected":false},"featured_media":2916,"comment_status":"closed","ping_status":"closed","template":"","meta":{"_acf_changed":true},"product_brand":[],"product_cat":[38],"product_tag":[],"class_list":{"0":"post-1747","1":"product","2":"type-product","3":"status-publish","4":"has-post-thumbnail","6":"product_cat-shipping-label-printer","7":"pa_industrial-grade-no","8":"pa_paper-bin-with-paper-bin","9":"pa_print-width-4-inches","11":"first","12":"instock","13":"shipping-taxable","14":"product-type-simple"},"acf":[],"_links":{"self":[{"href":"https:\/\/www.aiyin.com\/fr\/wp-json\/wp\/v2\/product\/1747","targetHints":{"allow":["GET"]}}],"collection":[{"href":"https:\/\/www.aiyin.com\/fr\/wp-json\/wp\/v2\/product"}],"about":[{"href":"https:\/\/www.aiyin.com\/fr\/wp-json\/wp\/v2\/types\/product"}],"replies":[{"embeddable":true,"href":"https:\/\/www.aiyin.com\/fr\/wp-json\/wp\/v2\/comments?post=1747"}],"wp:featuredmedia":[{"embeddable":true,"href":"https:\/\/www.aiyin.com\/fr\/wp-json\/wp\/v2\/media\/2916"}],"wp:attachment":[{"href":"https:\/\/www.aiyin.com\/fr\/wp-json\/wp\/v2\/media?parent=1747"}],"wp:term":[{"taxonomy":"product_brand","embeddable":true,"href":"https:\/\/www.aiyin.com\/fr\/wp-json\/wp\/v2\/product_brand?post=1747"},{"taxonomy":"product_cat","embeddable":true,"href":"https:\/\/www.aiyin.com\/fr\/wp-json\/wp\/v2\/product_cat?post=1747"},{"taxonomy":"product_tag","embeddable":true,"href":"https:\/\/www.aiyin.com\/fr\/wp-json\/wp\/v2\/product_tag?post=1747"}],"curies":[{"name":"wp","href":"https:\/\/api.w.org\/{rel}","templated":true}]}}