{"id":1743,"date":"2025-02-13T03:00:21","date_gmt":"2025-02-13T03:00:21","guid":{"rendered":"https:\/\/www.jinghuaceramic.com\/?post_type=product&#038;p=1743"},"modified":"2025-06-14T02:25:38","modified_gmt":"2025-06-14T02:25:38","slug":"wholesale-4-inch-desktop-thermal-label-printer-ad240","status":"publish","type":"product","link":"https:\/\/www.aiyin.com\/fr\/product\/wholesale-4-inch-desktop-thermal-label-printer-ad240\/","title":{"rendered":"Wholesale 4-inch Desktop Thermal Label Printer - AD240, Professional Barcode Label Printer, Support OEM and ODM"},"content":{"rendered":"<h2 class=\"wp-block-heading\">D\u00e9tails de l'imprimante thermique d'\u00e9tiquettes de bureau 4 pouces<\/h2>\n\n\n\n<hr class=\"wp-block-separator has-alpha-channel-opacity\"\/>\n\n\n\n<figure class=\"wp-block-image size-large\"><img decoding=\"async\" width=\"1269\" height=\"1280\" src=\"https:\/\/www.aiyin.com\/wp-content\/uploads\/2025\/02\/Barcode-Label-Printer-Details-1-1269x1280.webp\" alt=\"D\u00e9tails de l&#039;imprimante d&#039;\u00e9tiquettes de codes-barres (1)\" class=\"wp-image-1744\" srcset=\"https:\/\/www.aiyin.com\/wp-content\/uploads\/2025\/02\/Barcode-Label-Printer-Details-1-1269x1280.webp 1269w, https:\/\/www.aiyin.com\/wp-content\/uploads\/2025\/02\/Barcode-Label-Printer-Details-1-150x150.webp 150w, https:\/\/www.aiyin.com\/wp-content\/uploads\/2025\/02\/Barcode-Label-Printer-Details-1-768x774.webp 768w, https:\/\/www.aiyin.com\/wp-content\/uploads\/2025\/02\/Barcode-Label-Printer-Details-1-600x605.webp 600w, https:\/\/www.aiyin.com\/wp-content\/uploads\/2025\/02\/Barcode-Label-Printer-Details-1-100x100.webp 100w\" sizes=\"(max-width: 1269px) 100vw, 1269px\" \/><\/figure>","protected":false},"excerpt":{"rendered":"<p>L'imprimante d'\u00e9tiquettes thermiques de bureau 4 pouces AD240 est une imprimante d'\u00e9tiquettes de codes-barres de qualit\u00e9 professionnelle, compatible avec une vari\u00e9t\u00e9 de formats de codes-barres et de papiers d'\u00e9tiquettes, convenant \u00e0 la logistique, au commerce \u00e9lectronique, \u00e0 la vente au d\u00e9tail et \u00e0 d'autres secteurs d'activit\u00e9. Adoptant la technologie d'impression \u00e0 grande vitesse, la vitesse d'impression peut atteindre 150 mm\/s, am\u00e9liorant ainsi l'efficacit\u00e9 du traitement des commandes. Fonctionnement simple, appareil compact, adapt\u00e9 \u00e0 une utilisation de bureau. N'h\u00e9sitez pas \u00e0 nous contacter pour obtenir un devis.<\/p>\n<h2>Caract\u00e9ristiques de l'imprimante thermique d'\u00e9tiquettes 4 pouces AD240<\/h2>\n<div>\n<p><strong>Certification internationale :<\/strong> L'imprimante d'\u00e9tiquettes thermiques AD240 a obtenu les certifications CE, UKCA et FCCID, r\u00e9pond aux normes de s\u00e9curit\u00e9 mondiales et pr\u00e9sente une qualit\u00e9 fiable.<\/p>\n<p><strong>Prise en charge de plusieurs types de codes-barres :<\/strong> En tant qu'imprimante professionnelle d'\u00e9tiquettes de codes-barres, AD240 couvre les codes 1D (Code 128, EAN-13, etc.) et 2D (QR code, Data Matrix, etc.), s'adaptant aux besoins de multiples industries telles que le commerce de d\u00e9tail, l'entreposage et les soins m\u00e9dicaux.<\/p>\n<p><strong>Impression \u00e0 grande vitesse :<\/strong> Avec une capacit\u00e9 d'impression extr\u00eamement rapide de 150 mm\/s, il peut traiter environ 4 200 commandes par heure, ce qui am\u00e9liore consid\u00e9rablement l'efficacit\u00e9 du traitement des commandes et convient aux sc\u00e9narios \u00e0 haut d\u00e9bit tels que la logistique et le commerce \u00e9lectronique.<\/p>\n<p><strong>Divers sc\u00e9narios applicables :<\/strong> L'imprimante d'\u00e9tiquettes de codes-barres AD240 convient aux sc\u00e9narios de demande \u00e0 haute fr\u00e9quence et \u00e0 haute pr\u00e9cision, tels que l'impression de lettres de voiture logistiques, la production d'\u00e9tiquettes de prix pour la vente au d\u00e9tail, la gestion d'inventaire d'entrep\u00f4t et les \u00e9tiquettes d'\u00e9chantillons m\u00e9dicaux.<\/p>\n<p><strong>Soutien aux services OEM et ODM :<\/strong> Le fabricant d'imprimantes d'\u00e9tiquettes AiYin fournit des services complets de personnalisation de la marque, y compris la conception de l'apparence, la s\u00e9lection des couleurs, la personnalisation des fonctions, etc., afin de garantir que votre imprimante thermique b\u00e9n\u00e9ficie d'une reconnaissance de marque unique sur le march\u00e9.<\/p>\n<\/div>","protected":false},"featured_media":1746,"comment_status":"closed","ping_status":"closed","template":"","meta":{"_acf_changed":true},"product_brand":[],"product_cat":[38],"product_tag":[],"class_list":{"0":"post-1743","1":"product","2":"type-product","3":"status-publish","4":"has-post-thumbnail","6":"product_cat-shipping-label-printer","7":"pa_industrial-grade-no","8":"pa_paper-bin-with-paper-bin","9":"pa_print-width-4-inches","11":"first","12":"instock","13":"shipping-taxable","14":"product-type-simple"},"acf":[],"_links":{"self":[{"href":"https:\/\/www.aiyin.com\/fr\/wp-json\/wp\/v2\/product\/1743","targetHints":{"allow":["GET"]}}],"collection":[{"href":"https:\/\/www.aiyin.com\/fr\/wp-json\/wp\/v2\/product"}],"about":[{"href":"https:\/\/www.aiyin.com\/fr\/wp-json\/wp\/v2\/types\/product"}],"replies":[{"embeddable":true,"href":"https:\/\/www.aiyin.com\/fr\/wp-json\/wp\/v2\/comments?post=1743"}],"wp:featuredmedia":[{"embeddable":true,"href":"https:\/\/www.aiyin.com\/fr\/wp-json\/wp\/v2\/media\/1746"}],"wp:attachment":[{"href":"https:\/\/www.aiyin.com\/fr\/wp-json\/wp\/v2\/media?parent=1743"}],"wp:term":[{"taxonomy":"product_brand","embeddable":true,"href":"https:\/\/www.aiyin.com\/fr\/wp-json\/wp\/v2\/product_brand?post=1743"},{"taxonomy":"product_cat","embeddable":true,"href":"https:\/\/www.aiyin.com\/fr\/wp-json\/wp\/v2\/product_cat?post=1743"},{"taxonomy":"product_tag","embeddable":true,"href":"https:\/\/www.aiyin.com\/fr\/wp-json\/wp\/v2\/product_tag?post=1743"}],"curies":[{"name":"wp","href":"https:\/\/api.w.org\/{rel}","templated":true}]}}