{"id":1732,"date":"2025-02-18T01:36:31","date_gmt":"2025-02-18T01:36:31","guid":{"rendered":"https:\/\/www.jinghuaceramic.com\/?post_type=product&#038;p=1732"},"modified":"2025-03-28T07:01:30","modified_gmt":"2025-03-28T07:01:30","slug":"wholesale-3-inch-thermal-label-printer-ad230-ad231","status":"publish","type":"product","link":"https:\/\/www.aiyin.com\/fr\/product\/wholesale-3-inch-thermal-label-printer-ad230-ad231\/","title":{"rendered":"Wholesale 3 inches Thermal Label Printer AD230\/AD231, Professional Sticker Label Printer, Support OEM and ODM"},"content":{"rendered":"<h2 class=\"wp-block-heading\">D\u00e9tails de l'imprimante d'\u00e9tiquettes thermiques AD230\/AD231<\/h2>\n\n\n\n<hr class=\"wp-block-separator has-alpha-channel-opacity\" \/>\n\n\n\n<figure class=\"wp-block-image size-large\"><img decoding=\"async\" width=\"1261\" height=\"1280\" src=\"https:\/\/www.aiyin.com\/wp-content\/uploads\/2025\/02\/Sticker-Label-Printer-Details-1-1261x1280.webp\" alt=\"D\u00e9tails de l&#039;imprimante d&#039;\u00e9tiquettes autocollantes (1)\" class=\"wp-image-1733\" srcset=\"https:\/\/www.aiyin.com\/wp-content\/uploads\/2025\/02\/Sticker-Label-Printer-Details-1-1261x1280.webp 1261w, https:\/\/www.aiyin.com\/wp-content\/uploads\/2025\/02\/Sticker-Label-Printer-Details-1-768x780.webp 768w, https:\/\/www.aiyin.com\/wp-content\/uploads\/2025\/02\/Sticker-Label-Printer-Details-1-600x609.webp 600w\" sizes=\"(max-width: 1261px) 100vw, 1261px\" \/><\/figure>","protected":false},"excerpt":{"rendered":"<p>Imprimante d'\u00e9tiquettes thermiques en gros AD230\/AD231, AD230 prend en charge diff\u00e9rents types de papier thermique, y compris le papier pour \u00e9tiquettes, le papier pour re\u00e7us et le papier autocollant. La t\u00eate d'impression r\u00e9sistante \u00e0 l'usure et la longue dur\u00e9e de vie assurent une qualit\u00e9 d'impression continue et stable, ce qui peut r\u00e9pondre efficacement aux besoins de diverses applications telles que la vente au d\u00e9tail, la logistique, l'entrep\u00f4t, le m\u00e9dical, la production et la restauration. Nous prenons en charge les services OEM et ODM, contactez-nous pour un devis.<\/p>\n<h2>Caract\u00e9ristiques de l'imprimante thermique d'\u00e9tiquettes 3 pouces AD230\/AD231<\/h2>\n<div>\n<p><strong>Conception d'un carton plus grand :<\/strong> L'imprimante d'\u00e9tiquettes thermiques est \u00e9quip\u00e9e d'un grand carton de 104 mm, qui permet aux utilisateurs de charger facilement le papier, et le carton externe peut \u00eatre install\u00e9 pour r\u00e9pondre \u00e0 des besoins plus importants.<\/p>\n<p><strong>Prise en charge de plusieurs codes-barres :<\/strong> L'imprimante d'\u00e9tiquettes thermiques AD230 prend en charge une vari\u00e9t\u00e9 de codes-barres 1D et 2D, y compris CODE39, CODE128, code QR, etc.<\/p>\n<p><strong>Plusieurs types de papier sont possibles :<\/strong> L'imprimante d'\u00e9tiquettes thermiques AD230\/AD231 est compatible avec diff\u00e9rents types de papier thermique, papier autocollant thermique, papier pour \u00e9tiquettes thermiques, papier pour re\u00e7us thermiques.<\/p>\n<p><strong>Plusieurs sc\u00e9narios sont possibles :<\/strong><\/p>\n<ul>\n<li><strong>Logistique et distribution :<\/strong> Convient \u00e0 l'impression d'\u00e9tiquettes express et de documents de transport afin de garantir une transmission pr\u00e9cise des informations au cours du processus logistique.<\/li>\n<li><strong>Gestion des entrep\u00f4ts :<\/strong> Peut imprimer des \u00e9tiquettes d'inventaire et des codes-barres de produits pour faciliter la gestion et le suivi des cargaisons.<\/li>\n<li><strong>Industrie m\u00e9dicale :<\/strong> Utilis\u00e9 pour imprimer des \u00e9tiquettes de m\u00e9dicaments, des \u00e9tiquettes d'informations sur les patients, etc. afin d'am\u00e9liorer la pr\u00e9cision de la gestion des informations m\u00e9dicales.<\/li>\n<li><strong>Fabrication :<\/strong> Peut \u00eatre utilis\u00e9 pour imprimer des \u00e9tiquettes de date de production, des codes de tra\u00e7abilit\u00e9 des produits, etc. afin de garantir la qualit\u00e9 et la conformit\u00e9 des produits.<\/li>\n<\/ul>\n<\/div>","protected":false},"featured_media":1735,"comment_status":"closed","ping_status":"closed","template":"","meta":{"_acf_changed":true},"product_brand":[],"product_cat":[38],"product_tag":[],"class_list":{"0":"post-1732","1":"product","2":"type-product","3":"status-publish","4":"has-post-thumbnail","6":"product_cat-shipping-label-printer","7":"pa_industrial-grade-no","8":"pa_paper-bin-with-paper-bin","9":"pa_print-width-3-inches","11":"first","12":"instock","13":"shipping-taxable","14":"product-type-simple"},"acf":[],"_links":{"self":[{"href":"https:\/\/www.aiyin.com\/fr\/wp-json\/wp\/v2\/product\/1732","targetHints":{"allow":["GET"]}}],"collection":[{"href":"https:\/\/www.aiyin.com\/fr\/wp-json\/wp\/v2\/product"}],"about":[{"href":"https:\/\/www.aiyin.com\/fr\/wp-json\/wp\/v2\/types\/product"}],"replies":[{"embeddable":true,"href":"https:\/\/www.aiyin.com\/fr\/wp-json\/wp\/v2\/comments?post=1732"}],"wp:featuredmedia":[{"embeddable":true,"href":"https:\/\/www.aiyin.com\/fr\/wp-json\/wp\/v2\/media\/1735"}],"wp:attachment":[{"href":"https:\/\/www.aiyin.com\/fr\/wp-json\/wp\/v2\/media?parent=1732"}],"wp:term":[{"taxonomy":"product_brand","embeddable":true,"href":"https:\/\/www.aiyin.com\/fr\/wp-json\/wp\/v2\/product_brand?post=1732"},{"taxonomy":"product_cat","embeddable":true,"href":"https:\/\/www.aiyin.com\/fr\/wp-json\/wp\/v2\/product_cat?post=1732"},{"taxonomy":"product_tag","embeddable":true,"href":"https:\/\/www.aiyin.com\/fr\/wp-json\/wp\/v2\/product_tag?post=1732"}],"curies":[{"name":"wp","href":"https:\/\/api.w.org\/{rel}","templated":true}]}}