{"id":1721,"date":"2025-02-21T01:20:00","date_gmt":"2025-02-21T01:20:00","guid":{"rendered":"https:\/\/www.jinghuaceramic.com\/?post_type=product&#038;p=1721"},"modified":"2025-03-28T05:22:30","modified_gmt":"2025-03-28T05:22:30","slug":"wholesale-3-inches-thermal-label-printer-ac230","status":"publish","type":"product","link":"https:\/\/www.aiyin.com\/fr\/product\/wholesale-3-inches-thermal-label-printer-ac230\/","title":{"rendered":"Wholesale 3 inches Thermal Label Printer AC230, Great for Shipping, Products ; Professional Custom Label Printer Service Support"},"content":{"rendered":"<h2 class=\"wp-block-heading\">D\u00e9tails de l'imprimante thermique d'\u00e9tiquettes - AC230<\/h2>\n\n\n\n<hr class=\"wp-block-separator has-alpha-channel-opacity\" \/>\n\n\n\n<figure class=\"wp-block-image size-large\"><img decoding=\"async\" width=\"1262\" height=\"1280\" src=\"https:\/\/www.aiyin.com\/wp-content\/uploads\/2025\/02\/Thermal-Label-Printer-Details-1-1262x1280.webp\" alt=\"D\u00e9tails sur l&#039;imprimante d&#039;\u00e9tiquettes thermiques (1)\" class=\"wp-image-1722\" srcset=\"https:\/\/www.aiyin.com\/wp-content\/uploads\/2025\/02\/Thermal-Label-Printer-Details-1-1262x1280.webp 1262w, https:\/\/www.aiyin.com\/wp-content\/uploads\/2025\/02\/Thermal-Label-Printer-Details-1-768x779.webp 768w, https:\/\/www.aiyin.com\/wp-content\/uploads\/2025\/02\/Thermal-Label-Printer-Details-1-600x609.webp 600w, https:\/\/www.aiyin.com\/wp-content\/uploads\/2025\/02\/Thermal-Label-Printer-Details-1-100x100.webp 100w\" sizes=\"(max-width: 1262px) 100vw, 1262px\" \/><\/figure>","protected":false},"excerpt":{"rendered":"<p>L'imprimante thermique d'\u00e9tiquettes AC230 est con\u00e7ue pour l'impression d'\u00e9tiquettes d'exp\u00e9dition et de produits, avec les avantages d'une impression efficace, d'un fonctionnement sans encre, d'une durabilit\u00e9 et d'une stabilit\u00e9. Adapt\u00e9e au papier de 25 \u00e0 80 mm, elle constitue un choix id\u00e9al pour les industries de la logistique et de la vente au d\u00e9tail. Nous acceptons les OEM et ODM, n'h\u00e9sitez pas \u00e0 nous contacter pour obtenir un devis.<\/p>\n<h2>Caract\u00e9ristiques de l'imprimante d'\u00e9tiquettes thermiques - A230<\/h2>\n<div>\n<p><strong>Vitesse d'impression efficace :<\/strong> L'imprimante thermique d'\u00e9tiquettes AC230 permet une impression rapide des \u00e9tiquettes et am\u00e9liore l'efficacit\u00e9 du travail. Elle est particuli\u00e8rement adapt\u00e9e aux sc\u00e9narios n\u00e9cessitant une impression \u00e0 grande \u00e9chelle, tels que les \u00e9tiquettes d'exp\u00e9dition et de produits.<\/p>\n<p><strong>Pas d'encre, pas de frais :<\/strong> Gr\u00e2ce \u00e0 la technologie thermique, il n'est pas n\u00e9cessaire d'utiliser de l'encre ou un ruban, ce qui accro\u00eet l'efficacit\u00e9 et r\u00e9duit les co\u00fbts d'utilisation \u00e0 long terme.<\/p>\n<p><strong>Grande durabilit\u00e9 :<\/strong> L'imprimante thermique d'\u00e9tiquettes AC230 est de conception robuste et peut supporter une charge de travail \u00e9lev\u00e9e \u00e0 long terme, convenant \u00e0 une utilisation dans des environnements commerciaux.<\/p>\n<p><strong>Large compatibilit\u00e9 :<\/strong> L'imprimante thermique AC230 est compatible avec une grande vari\u00e9t\u00e9 de types et de tailles d'\u00e9tiquettes pour s'adapter aux diff\u00e9rents besoins d'impression, y compris les \u00e9tiquettes d'exp\u00e9dition, de marchandises et de logistique.<\/p>\n<p><strong>Services OEM et ODM :<\/strong> Nous proposons des services de personnalisation OEM et ODM pour aider les clients \u00e0 personnaliser les imprimantes d'\u00e9tiquettes en fonction des besoins de leur propre marque et \u00e0 cr\u00e9er des produits personnalis\u00e9s qui r\u00e9pondent aux besoins du march\u00e9.<\/p>\n<\/div>","protected":false},"featured_media":2918,"comment_status":"closed","ping_status":"closed","template":"","meta":{"_acf_changed":true},"product_brand":[],"product_cat":[38],"product_tag":[],"class_list":{"0":"post-1721","1":"product","2":"type-product","3":"status-publish","4":"has-post-thumbnail","6":"product_cat-shipping-label-printer","7":"pa_industrial-grade-no","8":"pa_paper-bin-with-paper-bin","9":"pa_print-width-3-inches","11":"first","12":"instock","13":"shipping-taxable","14":"product-type-simple"},"acf":[],"_links":{"self":[{"href":"https:\/\/www.aiyin.com\/fr\/wp-json\/wp\/v2\/product\/1721","targetHints":{"allow":["GET"]}}],"collection":[{"href":"https:\/\/www.aiyin.com\/fr\/wp-json\/wp\/v2\/product"}],"about":[{"href":"https:\/\/www.aiyin.com\/fr\/wp-json\/wp\/v2\/types\/product"}],"replies":[{"embeddable":true,"href":"https:\/\/www.aiyin.com\/fr\/wp-json\/wp\/v2\/comments?post=1721"}],"wp:featuredmedia":[{"embeddable":true,"href":"https:\/\/www.aiyin.com\/fr\/wp-json\/wp\/v2\/media\/2918"}],"wp:attachment":[{"href":"https:\/\/www.aiyin.com\/fr\/wp-json\/wp\/v2\/media?parent=1721"}],"wp:term":[{"taxonomy":"product_brand","embeddable":true,"href":"https:\/\/www.aiyin.com\/fr\/wp-json\/wp\/v2\/product_brand?post=1721"},{"taxonomy":"product_cat","embeddable":true,"href":"https:\/\/www.aiyin.com\/fr\/wp-json\/wp\/v2\/product_cat?post=1721"},{"taxonomy":"product_tag","embeddable":true,"href":"https:\/\/www.aiyin.com\/fr\/wp-json\/wp\/v2\/product_tag?post=1721"}],"curies":[{"name":"wp","href":"https:\/\/api.w.org\/{rel}","templated":true}]}}