{"id":1713,"date":"2025-02-21T09:32:01","date_gmt":"2025-02-21T09:32:01","guid":{"rendered":"https:\/\/www.jinghuaceramic.com\/?post_type=product&#038;p=1713"},"modified":"2025-03-28T07:03:05","modified_gmt":"2025-03-28T07:03:05","slug":"wholesale-bluetooth-label-printer-a82","status":"publish","type":"product","link":"https:\/\/www.aiyin.com\/fr\/product\/wholesale-bluetooth-label-printer-a82\/","title":{"rendered":"Vente en gros d'imprimantes d'\u00e9tiquettes Bluetooth 4 pouces - A82, service d'imprimantes d'\u00e9tiquettes personnalis\u00e9es, prise en charge de plusieurs sc\u00e9narios"},"content":{"rendered":"<h2 class=\"wp-block-heading\">D\u00e9tails de l'imprimante d'\u00e9tiquettes Bluetooth - A82<\/h2>\n\n\n\n<hr class=\"wp-block-separator has-alpha-channel-opacity\" \/>\n\n\n\n<figure class=\"wp-block-image size-large\"><img decoding=\"async\" width=\"1268\" height=\"1280\" src=\"https:\/\/www.aiyin.com\/wp-content\/uploads\/2025\/02\/bluetooth-label-printer-details-1-1268x1280.webp\" alt=\"imprimante d&#039;\u00e9tiquettes bluetooth d\u00e9tails (1)\" class=\"wp-image-1714\" srcset=\"https:\/\/www.aiyin.com\/wp-content\/uploads\/2025\/02\/bluetooth-label-printer-details-1-1268x1280.webp 1268w, https:\/\/www.aiyin.com\/wp-content\/uploads\/2025\/02\/bluetooth-label-printer-details-1-150x150.webp 150w, https:\/\/www.aiyin.com\/wp-content\/uploads\/2025\/02\/bluetooth-label-printer-details-1-768x775.webp 768w, https:\/\/www.aiyin.com\/wp-content\/uploads\/2025\/02\/bluetooth-label-printer-details-1-600x606.webp 600w, https:\/\/www.aiyin.com\/wp-content\/uploads\/2025\/02\/bluetooth-label-printer-details-1-100x100.webp 100w\" sizes=\"(max-width: 1268px) 100vw, 1268px\" \/><\/figure>","protected":false},"excerpt":{"rendered":"<p>Imprimante d'\u00e9tiquettes Bluetooth en gros, offrant une connexion sans fil et des solutions d'impression rapides, prenant en charge l'impression de codes-barres 1D et 2D, adapt\u00e9e \u00e0 l'\u00e9tiquetage des marchandises, \u00e0 la gestion des stocks, \u00e0 l'impression de livraisons express et \u00e0 d'autres sc\u00e9narios. Particuli\u00e8rement adapt\u00e9e aux magasins de d\u00e9tail, \u00e0 la gestion d'entrep\u00f4ts et aux industries logistiques. La vitesse d'impression rapide garantit un fonctionnement efficace, parfaitement adapt\u00e9 aux besoins des entreprises modernes. Support OEM et ODM, contactez-nous pour un devis.<\/p>\n<h2>Caract\u00e9ristiques de l'imprimante d'\u00e9tiquettes Bluetooth - A82<\/h2>\n<div>\n<p><strong>Connexion sans fil :<\/strong> L'imprimante d'\u00e9tiquettes Bluetooth A82 prend en charge la technologie Bluetooth, qui permet une connexion sans fil avec divers appareils mobiles, simplifiant ainsi le processus de connexion entre les appareils.<\/p>\n<p><strong>Conception peu encombrante :<\/strong> La conception sans papier est adopt\u00e9e, et l'ouverture lat\u00e9rale est pratique pour placer le papier, ce qui permet un fonctionnement fluide et une impression rapide.<\/p>\n<p><strong>T\u00eate d'impression r\u00e9sistante \u00e0 l'usure :<\/strong> L'imprimante d'\u00e9tiquettes Bluetooth A82 est dot\u00e9e d'une t\u00eate d'impression professionnelle r\u00e9sistante \u00e0 l'usure qui garantit une qualit\u00e9 d'impression claire et durable.<\/p>\n<p><strong>Convient \u00e0 diff\u00e9rents formats de papier :<\/strong> L'imprimante d'\u00e9tiquettes Bluetooth A82 prend en charge les \u00e9tiquettes thermiques, avec une largeur de papier r\u00e9glable, adapt\u00e9e au papier de 40 \u00e0 112 mm.<\/p>\n<p><strong>Polyvalence :<\/strong><\/p>\n<ul>\n<li><strong>Commerce de d\u00e9tail :<\/strong> Impression d'\u00e9tiquettes de produits, utilis\u00e9es pour imprimer des \u00e9tiquettes de prix, des codes-barres et des instructions sur les produits.<\/li>\n<li><strong>\u00c9tiquettes d'exp\u00e9dition :<\/strong> Assurer la transmission pr\u00e9cise des informations logistiques en imprimant les ordres d'exp\u00e9dition et les \u00e9tiquettes de fret.<\/li>\n<li><strong>\u00c9tiquettes de documents :<\/strong> Imprimez rapidement des \u00e9tiquettes de dossiers et de fichiers pour am\u00e9liorer l'efficacit\u00e9 du bureau et la normalisation de la gestion des documents.<\/li>\n<\/ul>\n<\/div>","protected":false},"featured_media":1716,"comment_status":"closed","ping_status":"closed","template":"","meta":{"_acf_changed":true},"product_brand":[],"product_cat":[38],"product_tag":[],"class_list":{"0":"post-1713","1":"product","2":"type-product","3":"status-publish","4":"has-post-thumbnail","6":"product_cat-shipping-label-printer","7":"pa_industrial-grade-no","8":"pa_paper-bin-without-paper-bin","9":"pa_print-width-4-inches","11":"first","12":"instock","13":"shipping-taxable","14":"product-type-simple"},"acf":[],"_links":{"self":[{"href":"https:\/\/www.aiyin.com\/fr\/wp-json\/wp\/v2\/product\/1713","targetHints":{"allow":["GET"]}}],"collection":[{"href":"https:\/\/www.aiyin.com\/fr\/wp-json\/wp\/v2\/product"}],"about":[{"href":"https:\/\/www.aiyin.com\/fr\/wp-json\/wp\/v2\/types\/product"}],"replies":[{"embeddable":true,"href":"https:\/\/www.aiyin.com\/fr\/wp-json\/wp\/v2\/comments?post=1713"}],"wp:featuredmedia":[{"embeddable":true,"href":"https:\/\/www.aiyin.com\/fr\/wp-json\/wp\/v2\/media\/1716"}],"wp:attachment":[{"href":"https:\/\/www.aiyin.com\/fr\/wp-json\/wp\/v2\/media?parent=1713"}],"wp:term":[{"taxonomy":"product_brand","embeddable":true,"href":"https:\/\/www.aiyin.com\/fr\/wp-json\/wp\/v2\/product_brand?post=1713"},{"taxonomy":"product_cat","embeddable":true,"href":"https:\/\/www.aiyin.com\/fr\/wp-json\/wp\/v2\/product_cat?post=1713"},{"taxonomy":"product_tag","embeddable":true,"href":"https:\/\/www.aiyin.com\/fr\/wp-json\/wp\/v2\/product_tag?post=1713"}],"curies":[{"name":"wp","href":"https:\/\/api.w.org\/{rel}","templated":true}]}}