{"id":1705,"date":"2025-02-21T10:56:31","date_gmt":"2025-02-21T10:56:31","guid":{"rendered":"https:\/\/www.jinghuaceramic.com\/?post_type=product&#038;p=1705"},"modified":"2025-03-28T07:04:22","modified_gmt":"2025-03-28T07:04:22","slug":"wholesale-4-inch-business-label-printer-a81","status":"publish","type":"product","link":"https:\/\/www.aiyin.com\/fr\/product\/wholesale-4-inch-business-label-printer-a81\/","title":{"rendered":"Vente en gros d'imprimantes d'\u00e9tiquettes professionnelles 4 pouces - A81, support OEM et ODM - AiYin Fabricant d'imprimantes d'\u00e9tiquettes"},"content":{"rendered":"<h2 class=\"wp-block-heading\">D\u00e9tails de l'imprimante d'\u00e9tiquettes professionnelles 4 pouces - A81<\/h2>\n\n\n\n<hr class=\"wp-block-separator has-alpha-channel-opacity\" \/>\n\n\n\n<figure class=\"wp-block-image size-large\"><img decoding=\"async\" width=\"1268\" height=\"1280\" src=\"https:\/\/www.aiyin.com\/wp-content\/uploads\/2025\/02\/4-inch-Business-Label-Printer-Details-1-1268x1280.webp\" alt=\"Imprimante d&#039;\u00e9tiquettes commerciales 4 pouces D\u00e9tails (1)\" class=\"wp-image-1706\" srcset=\"https:\/\/www.aiyin.com\/wp-content\/uploads\/2025\/02\/4-inch-Business-Label-Printer-Details-1-1268x1280.webp 1268w, https:\/\/www.aiyin.com\/wp-content\/uploads\/2025\/02\/4-inch-Business-Label-Printer-Details-1-150x150.webp 150w, https:\/\/www.aiyin.com\/wp-content\/uploads\/2025\/02\/4-inch-Business-Label-Printer-Details-1-768x775.webp 768w, https:\/\/www.aiyin.com\/wp-content\/uploads\/2025\/02\/4-inch-Business-Label-Printer-Details-1-600x606.webp 600w, https:\/\/www.aiyin.com\/wp-content\/uploads\/2025\/02\/4-inch-Business-Label-Printer-Details-1-100x100.webp 100w\" sizes=\"(max-width: 1268px) 100vw, 1268px\" \/><\/figure>","protected":false},"excerpt":{"rendered":"<p>Imprimante d'\u00e9tiquettes commerciales 4 pouces, avec des caract\u00e9ristiques telles que l'impression rapide, l'alimentation automatique du papier et la haute r\u00e9solution, adapt\u00e9e aux besoins d'impression d'\u00e9tiquettes efficaces dans diverses industries. Largement utilis\u00e9e dans les supermarch\u00e9s, la logistique, la restauration et d'autres industries, elle prend en charge l'impression de codes-barres 1D et 2D. Avec une capacit\u00e9 de traitement de 4200 commandes par heure, c'est un choix id\u00e9al pour am\u00e9liorer l'efficacit\u00e9 du travail. Convient aux exp\u00e9ditions en vrac, \u00e0 la gestion des entrep\u00f4ts et aux d\u00e9taillants. <strong>Support OEM et ODM, contactez-nous pour un devis.<\/strong><\/p>\n<h2>Caract\u00e9ristiques de l'imprimante d'\u00e9tiquettes professionnelles 4 pouces - A81<\/h2>\n<div>\n<p><strong>Conception peu encombrante :<\/strong> L'imprimante d'\u00e9tiquettes professionnelles a81 adopte une conception unique sans bac \u00e0 papier et un couvercle \u00e0 ouverture lat\u00e9rale, ce qui rend la mise en place du papier et les op\u00e9rations d'impression plus pratiques et moins encombrantes.<\/p>\n<p><strong>Impression rapide :<\/strong> L'imprimante d'\u00e9tiquettes professionnelles A81 a une vitesse d'impression de 150 mm\/s et peut traiter environ 4 200 commandes par heure, r\u00e9pondant ainsi aux besoins d'une impression d'\u00e9tiquettes efficace.<\/p>\n<p><strong>Haute r\u00e9solution d'impression :<\/strong> Avec une r\u00e9solution d'impression de 203 dpi, il convient aux codes-barres 1d (tels que codabar, code128, etc.) et 2d (tels que pdf417, code qr, etc.).<\/p>\n<p><strong>Interface de haute qualit\u00e9 :<\/strong> L'imprimante d'\u00e9tiquettes professionnelles a81 est dot\u00e9e d'une interface USB et d'une connexion Bluetooth en option pour une impression sans fil pratique.<\/p>\n<p><strong>Poids mod\u00e9r\u00e9 :<\/strong> L'appareil p\u00e8se 904 g, ce qui le rend facile \u00e0 placer et \u00e0 utiliser.<\/p>\n<\/div>","protected":false},"featured_media":1708,"comment_status":"closed","ping_status":"closed","template":"","meta":{"_acf_changed":false},"product_brand":[],"product_cat":[38],"product_tag":[],"class_list":{"0":"post-1705","1":"product","2":"type-product","3":"status-publish","4":"has-post-thumbnail","6":"product_cat-shipping-label-printer","7":"pa_industrial-grade-no","8":"pa_paper-bin-without-paper-bin","9":"pa_print-width-4-inches","11":"first","12":"instock","13":"shipping-taxable","14":"product-type-simple"},"acf":[],"_links":{"self":[{"href":"https:\/\/www.aiyin.com\/fr\/wp-json\/wp\/v2\/product\/1705","targetHints":{"allow":["GET"]}}],"collection":[{"href":"https:\/\/www.aiyin.com\/fr\/wp-json\/wp\/v2\/product"}],"about":[{"href":"https:\/\/www.aiyin.com\/fr\/wp-json\/wp\/v2\/types\/product"}],"replies":[{"embeddable":true,"href":"https:\/\/www.aiyin.com\/fr\/wp-json\/wp\/v2\/comments?post=1705"}],"wp:featuredmedia":[{"embeddable":true,"href":"https:\/\/www.aiyin.com\/fr\/wp-json\/wp\/v2\/media\/1708"}],"wp:attachment":[{"href":"https:\/\/www.aiyin.com\/fr\/wp-json\/wp\/v2\/media?parent=1705"}],"wp:term":[{"taxonomy":"product_brand","embeddable":true,"href":"https:\/\/www.aiyin.com\/fr\/wp-json\/wp\/v2\/product_brand?post=1705"},{"taxonomy":"product_cat","embeddable":true,"href":"https:\/\/www.aiyin.com\/fr\/wp-json\/wp\/v2\/product_cat?post=1705"},{"taxonomy":"product_tag","embeddable":true,"href":"https:\/\/www.aiyin.com\/fr\/wp-json\/wp\/v2\/product_tag?post=1705"}],"curies":[{"name":"wp","href":"https:\/\/api.w.org\/{rel}","templated":true}]}}