{"id":1687,"date":"2025-02-21T12:55:52","date_gmt":"2025-02-21T12:55:52","guid":{"rendered":"https:\/\/www.jinghuaceramic.com\/?post_type=product&#038;p=1687"},"modified":"2025-03-28T05:21:18","modified_gmt":"2025-03-28T05:21:18","slug":"wholesale-3-inch-wireless-shipping-thermal-label-printer","status":"publish","type":"product","link":"https:\/\/www.aiyin.com\/fr\/product\/wholesale-3-inch-wireless-shipping-thermal-label-printer\/","title":{"rendered":"Imprimante thermique d'\u00e9tiquettes d'exp\u00e9dition sans fil 3 pouces - A71, support OEM et ODM"},"content":{"rendered":"<h2 class=\"wp-block-heading\">D\u00e9tails de l'imprimante d'\u00e9tiquettes d'exp\u00e9dition sans fil - A71<\/h2>\n\n\n\n<hr class=\"wp-block-separator has-alpha-channel-opacity\" \/>\n\n\n\n<figure class=\"wp-block-image size-large\"><img decoding=\"async\" width=\"1263\" height=\"1280\" src=\"https:\/\/www.aiyin.com\/wp-content\/uploads\/2025\/02\/Wireless-Shipping-Thermal-Label-Printer-Details-1-1263x1280.webp\" alt=\"Imprimante thermique d&#039;\u00e9tiquettes d&#039;exp\u00e9dition sans fil D\u00e9tails (1)\" class=\"wp-image-1698\" srcset=\"https:\/\/www.aiyin.com\/wp-content\/uploads\/2025\/02\/Wireless-Shipping-Thermal-Label-Printer-Details-1-1263x1280.webp 1263w, https:\/\/www.aiyin.com\/wp-content\/uploads\/2025\/02\/Wireless-Shipping-Thermal-Label-Printer-Details-1-768x778.webp 768w, https:\/\/www.aiyin.com\/wp-content\/uploads\/2025\/02\/Wireless-Shipping-Thermal-Label-Printer-Details-1-600x608.webp 600w, https:\/\/www.aiyin.com\/wp-content\/uploads\/2025\/02\/Wireless-Shipping-Thermal-Label-Printer-Details-1-100x100.webp 100w\" sizes=\"(max-width: 1263px) 100vw, 1263px\" \/><\/figure>","protected":false},"excerpt":{"rendered":"<p>Imprimante d'\u00e9tiquettes thermiques avec exp\u00e9dition sans fil en gros, fournissant des solutions d'impression d'\u00e9tiquettes rapides et efficaces. Prenant en charge les \u00e9tiquettes thermiques de 48 mm \u00e0 80 mm de large, elle peut traiter environ 5000 commandes par heure, ce qui convient aux besoins de diverses industries. Nous supportons les OEM et ODM, n'h\u00e9sitez pas \u00e0 nous contacter pour un devis.<\/p>\n<h2>Caract\u00e9ristiques de l'imprimante d'\u00e9tiquettes d'exp\u00e9dition sans fil - A71<\/h2>\n<div>\n<p><strong>Compact et pratique :<\/strong> L'imprimante thermique d'\u00e9tiquettes d'exp\u00e9dition sans fil est 35% plus petite que les imprimantes ordinaires, ce qui permet d'\u00e9conomiser de l'espace et de la transporter facilement.<\/p>\n<p><strong>Vitesse d'impression rapide :<\/strong> L'imprimante thermique d'\u00e9tiquettes d'exp\u00e9dition sans fil a une vitesse d'impression de 220 mm\/s et peut traiter environ 5 000 commandes par heure.<\/p>\n<p><strong>Fonction d'alimentation automatique du papier :<\/strong> L'imprimante thermique d'\u00e9tiquettes d'exp\u00e9dition sans fil n'a pas besoin d'ouvrir le couvercle, l'alimentation automatique du papier et l'ajustement automatique de la position du papier permettent d'\u00e9viter les bourrages ou les sauts de papier.<\/p>\n<p><strong>Large compatibilit\u00e9 :<\/strong> L'impression intelligente est r\u00e9alis\u00e9e gr\u00e2ce \u00e0 un logiciel qui prend en charge les syst\u00e8mes Windows, Mac, Android et ios.<\/p>\n<p style=\"text-align: left\"><strong>Format de papier flexible :<\/strong> L'imprimante thermique d'\u00e9tiquettes d'exp\u00e9dition sans fil prend en charge des largeurs de papier de 48 mm \u00e0 80 mm, ce qui permet de r\u00e9pondre aux besoins de diff\u00e9rents types de sc\u00e9narios. Elle convient aux secteurs de la logistique, de la m\u00e9decine, de la vente au d\u00e9tail et \u00e0 d'autres secteurs.<\/p>\n<\/div>","protected":false},"featured_media":1693,"comment_status":"closed","ping_status":"closed","template":"","meta":{"_acf_changed":true},"product_brand":[],"product_cat":[38],"product_tag":[],"class_list":{"0":"post-1687","1":"product","2":"type-product","3":"status-publish","4":"has-post-thumbnail","6":"product_cat-shipping-label-printer","7":"pa_industrial-grade-no","8":"pa_paper-bin-without-paper-bin","9":"pa_print-width-3-inches","11":"first","12":"instock","13":"shipping-taxable","14":"product-type-simple"},"acf":[],"_links":{"self":[{"href":"https:\/\/www.aiyin.com\/fr\/wp-json\/wp\/v2\/product\/1687","targetHints":{"allow":["GET"]}}],"collection":[{"href":"https:\/\/www.aiyin.com\/fr\/wp-json\/wp\/v2\/product"}],"about":[{"href":"https:\/\/www.aiyin.com\/fr\/wp-json\/wp\/v2\/types\/product"}],"replies":[{"embeddable":true,"href":"https:\/\/www.aiyin.com\/fr\/wp-json\/wp\/v2\/comments?post=1687"}],"wp:featuredmedia":[{"embeddable":true,"href":"https:\/\/www.aiyin.com\/fr\/wp-json\/wp\/v2\/media\/1693"}],"wp:attachment":[{"href":"https:\/\/www.aiyin.com\/fr\/wp-json\/wp\/v2\/media?parent=1687"}],"wp:term":[{"taxonomy":"product_brand","embeddable":true,"href":"https:\/\/www.aiyin.com\/fr\/wp-json\/wp\/v2\/product_brand?post=1687"},{"taxonomy":"product_cat","embeddable":true,"href":"https:\/\/www.aiyin.com\/fr\/wp-json\/wp\/v2\/product_cat?post=1687"},{"taxonomy":"product_tag","embeddable":true,"href":"https:\/\/www.aiyin.com\/fr\/wp-json\/wp\/v2\/product_tag?post=1687"}],"curies":[{"name":"wp","href":"https:\/\/api.w.org\/{rel}","templated":true}]}}