{"id":1536,"date":"2025-02-21T13:25:11","date_gmt":"2025-02-21T13:25:11","guid":{"rendered":"https:\/\/www.jinghuaceramic.com\/?post_type=product&#038;p=1536"},"modified":"2025-03-28T07:05:28","modified_gmt":"2025-03-28T07:05:28","slug":"wholesale-3-inch-thermal-label-printer-a70","status":"publish","type":"product","link":"https:\/\/www.aiyin.com\/fr\/product\/wholesale-3-inch-thermal-label-printer-a70\/","title":{"rendered":"Wholesale 3 inches Desktop Thermal Label Printer - A70, Support OEM et ODM, Largeur de papier : 48-84mm"},"content":{"rendered":"<h2 class=\"wp-block-heading\">D\u00e9tails de l'imprimante thermique d'\u00e9tiquettes - A70<\/h2>\n\n\n\n<hr class=\"wp-block-separator has-alpha-channel-opacity\" \/>\n\n\n\n<figure class=\"wp-block-image size-large\"><img decoding=\"async\" width=\"1260\" height=\"1280\" src=\"https:\/\/www.aiyin.com\/wp-content\/uploads\/2025\/02\/A70-3-inch-Desktop-Thermal-Label-Printer-Details-1-1260x1280.webp\" alt=\"A70 3 inch Desktop Thermal Label Printer D\u00e9tails (1)\" class=\"wp-image-1541\" srcset=\"https:\/\/www.aiyin.com\/wp-content\/uploads\/2025\/02\/A70-3-inch-Desktop-Thermal-Label-Printer-Details-1-1260x1280.webp 1260w, https:\/\/www.aiyin.com\/wp-content\/uploads\/2025\/02\/A70-3-inch-Desktop-Thermal-Label-Printer-Details-1-768x780.webp 768w, https:\/\/www.aiyin.com\/wp-content\/uploads\/2025\/02\/A70-3-inch-Desktop-Thermal-Label-Printer-Details-1-600x610.webp 600w\" sizes=\"(max-width: 1260px) 100vw, 1260px\" \/><\/figure>","protected":false},"excerpt":{"rendered":"<p>Imprimante thermique d'\u00e9tiquettes 3 pouces en gros, l'imprimante thermique d'\u00e9tiquettes 3 pouces A70 est adapt\u00e9e au traitement efficace de diverses t\u00e2ches d'impression d'\u00e9tiquettes gr\u00e2ce \u00e0 son design simple et \u00e0 ses performances d'impression \u00e0 grande vitesse. Avec la fonction d'alimentation automatique du papier, elle simplifie les op\u00e9rations et am\u00e9liore l'efficacit\u00e9 du travail. Elle est largement utilis\u00e9e dans de nombreuses industries telles que le secteur m\u00e9dical, la vente au d\u00e9tail, le commerce \u00e9lectronique, etc. Nous prenons en charge les demandes OEM et ODM, contactez-nous pour un devis.<\/p>\n<h2>Caract\u00e9ristiques de l'imprimante thermique d'\u00e9tiquettes 3 pouces A70<\/h2>\n<div>\n<p><strong>Aspect nouveau et simple :<\/strong> L'imprimante thermique d'\u00e9tiquettes adopte un design moderne, exquis et beau, adapt\u00e9 \u00e0 divers environnements commerciaux et de bureau.<\/p>\n<p><strong>Impression \u00e0 grande vitesse :<\/strong> L'imprimante thermique d'\u00e9tiquettes a une vitesse d'impression de 180 mm\/s et peut imprimer environ 5 000 \u00e9tiquettes par heure. Elle convient aux industries qui exigent une impression efficace, telles que les entrep\u00f4ts de commerce \u00e9lectronique, les supermarch\u00e9s, la logistique express, etc.<\/p>\n<p><strong>Professionnel et durable :<\/strong> L'imprimante thermique d'\u00e9tiquettes utilise une t\u00eate d'impression r\u00e9sistante \u00e0 l'usure de qualit\u00e9 professionnelle, qui imprime clairement et n'est pas facile \u00e0 endommager ; elle permet un travail de longue dur\u00e9e \u00e0 haute intensit\u00e9 et r\u00e9duit les co\u00fbts de maintenance.<\/p>\n<p><strong>Impression en continu :<\/strong> Il n'est pas n\u00e9cessaire d'ajuster le papier manuellement, la position du papier est automatiquement ajust\u00e9e pour am\u00e9liorer la commodit\u00e9 et \u00e9viter les probl\u00e8mes tels que l'obliquit\u00e9, le saut de page et les bourrages de papier. Il r\u00e9pond aux besoins de l'impression \u00e0 grande \u00e9chelle et am\u00e9liore la fluidit\u00e9 du travail.<\/p>\n<p><strong>Fonctionnement pratique :<\/strong> Compatible avec Windows, Mac, Android et d'autres syst\u00e8mes d'exploitation pour r\u00e9pondre aux besoins des diff\u00e9rents utilisateurs, facile \u00e0 remplacer le papier et \u00e0 nettoyer, l'entretien quotidien permet d'\u00e9conomiser du temps et des efforts.<\/p>\n<p><strong>Support OEM et ODM :<\/strong> Nous fournissons des services professionnels de personnalisation OEM et ODM et pouvons adapter l'apparence, la configuration fonctionnelle et le logo de la marque de l'imprimante en fonction des besoins du client.<\/p>\n<\/div>","protected":false},"featured_media":1537,"comment_status":"closed","ping_status":"closed","template":"","meta":{"_acf_changed":false},"product_brand":[],"product_cat":[38],"product_tag":[],"class_list":{"0":"post-1536","1":"product","2":"type-product","3":"status-publish","4":"has-post-thumbnail","6":"product_cat-shipping-label-printer","7":"pa_industrial-grade-no","8":"pa_paper-bin-without-paper-bin","9":"pa_print-width-3-inches","11":"first","12":"instock","13":"shipping-taxable","14":"product-type-simple"},"acf":[],"_links":{"self":[{"href":"https:\/\/www.aiyin.com\/fr\/wp-json\/wp\/v2\/product\/1536","targetHints":{"allow":["GET"]}}],"collection":[{"href":"https:\/\/www.aiyin.com\/fr\/wp-json\/wp\/v2\/product"}],"about":[{"href":"https:\/\/www.aiyin.com\/fr\/wp-json\/wp\/v2\/types\/product"}],"replies":[{"embeddable":true,"href":"https:\/\/www.aiyin.com\/fr\/wp-json\/wp\/v2\/comments?post=1536"}],"wp:featuredmedia":[{"embeddable":true,"href":"https:\/\/www.aiyin.com\/fr\/wp-json\/wp\/v2\/media\/1537"}],"wp:attachment":[{"href":"https:\/\/www.aiyin.com\/fr\/wp-json\/wp\/v2\/media?parent=1536"}],"wp:term":[{"taxonomy":"product_brand","embeddable":true,"href":"https:\/\/www.aiyin.com\/fr\/wp-json\/wp\/v2\/product_brand?post=1536"},{"taxonomy":"product_cat","embeddable":true,"href":"https:\/\/www.aiyin.com\/fr\/wp-json\/wp\/v2\/product_cat?post=1536"},{"taxonomy":"product_tag","embeddable":true,"href":"https:\/\/www.aiyin.com\/fr\/wp-json\/wp\/v2\/product_tag?post=1536"}],"curies":[{"name":"wp","href":"https:\/\/api.w.org\/{rel}","templated":true}]}}