{"id":617,"date":"2025-02-20T13:40:36","date_gmt":"2025-02-20T13:40:36","guid":{"rendered":"https:\/\/www.jinghuaceramic.com\/?post_type=product&#038;p=617"},"modified":"2025-03-28T06:47:33","modified_gmt":"2025-03-28T06:47:33","slug":"wholesale-thermal-label-printer-as220","status":"publish","type":"product","link":"https:\/\/www.aiyin.com\/es\/product\/wholesale-thermal-label-printer-as220\/","title":{"rendered":"Mayorista Impresora t\u00e9rmica de etiquetas de 2,5 pulgadas - AS220, Fabricante de impresoras de etiquetas AiYin"},"content":{"rendered":"<h2 class=\"wp-block-heading\">Detalles de la impresora t\u00e9rmica de etiquetas - AS220<\/h2>\n\n\n\n<hr class=\"wp-block-separator has-alpha-channel-opacity\" \/>\n\n\n<style>.kb-image617_38ff43-96 .kb-image-has-overlay:after{opacity:0.3;}<\/style>\n<figure class=\"wp-block-kadence-image kb-image617_38ff43-96 size-large\"><img decoding=\"async\" width=\"903\" height=\"1280\" src=\"https:\/\/www.aiyin.com\/wp-content\/uploads\/2025\/02\/11-1-903x1280.jpg\" alt=\"\" class=\"kb-img wp-image-2934\" srcset=\"https:\/\/www.aiyin.com\/wp-content\/uploads\/2025\/02\/11-1-903x1280.jpg 903w, https:\/\/www.aiyin.com\/wp-content\/uploads\/2025\/02\/11-1-768x1089.jpg 768w, https:\/\/www.aiyin.com\/wp-content\/uploads\/2025\/02\/11-1-600x851.jpg 600w, https:\/\/www.aiyin.com\/wp-content\/uploads\/2025\/02\/11-1.jpg 1920w\" sizes=\"(max-width: 903px) 100vw, 903px\" \/><\/figure>\n\n\n<style>.kb-image617_7388f3-4b .kb-image-has-overlay:after{opacity:0.3;}<\/style>\n<figure class=\"wp-block-kadence-image kb-image617_7388f3-4b size-large\"><img decoding=\"async\" width=\"1072\" height=\"1280\" src=\"https:\/\/www.aiyin.com\/wp-content\/uploads\/2025\/02\/AS220-Product-introduction-V1.0_00-1072x1280.webp\" alt=\"\" class=\"kb-img wp-image-4113\" srcset=\"https:\/\/www.aiyin.com\/wp-content\/uploads\/2025\/02\/AS220-Product-introduction-V1.0_00-1072x1280.webp 1072w, https:\/\/www.aiyin.com\/wp-content\/uploads\/2025\/02\/AS220-Product-introduction-V1.0_00-768x917.webp 768w, https:\/\/www.aiyin.com\/wp-content\/uploads\/2025\/02\/AS220-Product-introduction-V1.0_00-600x716.webp 600w\" sizes=\"(max-width: 1072px) 100vw, 1072px\" \/><\/figure>\n\n\n\n<figure class=\"wp-block-image size-large\"><img decoding=\"async\" width=\"655\" height=\"1280\" src=\"https:\/\/www.aiyin.com\/wp-content\/uploads\/2025\/01\/thermal-label-printer-AS220-details-3-655x1280.webp\" alt=\"impresora t\u00e9rmica de etiquetas AS220 detalles (3)\" class=\"wp-image-1769\" srcset=\"https:\/\/www.aiyin.com\/wp-content\/uploads\/2025\/01\/thermal-label-printer-AS220-details-3-655x1280.webp 655w, https:\/\/www.aiyin.com\/wp-content\/uploads\/2025\/01\/thermal-label-printer-AS220-details-3-768x1501.webp 768w, https:\/\/www.aiyin.com\/wp-content\/uploads\/2025\/01\/thermal-label-printer-AS220-details-3-600x1173.webp 600w, https:\/\/www.aiyin.com\/wp-content\/uploads\/2025\/01\/thermal-label-printer-AS220-details-3.webp 2000w\" sizes=\"(max-width: 655px) 100vw, 655px\" \/><\/figure>\n\n\n\n<figure class=\"wp-block-image size-large\"><img decoding=\"async\" width=\"647\" height=\"1280\" src=\"https:\/\/www.aiyin.com\/wp-content\/uploads\/2025\/02\/AS220-Product-introduction-V1.0_02-647x1280.webp\" alt=\"\" class=\"wp-image-4115\" srcset=\"https:\/\/www.aiyin.com\/wp-content\/uploads\/2025\/02\/AS220-Product-introduction-V1.0_02-647x1280.webp 647w, https:\/\/www.aiyin.com\/wp-content\/uploads\/2025\/02\/AS220-Product-introduction-V1.0_02-768x1519.webp 768w, https:\/\/www.aiyin.com\/wp-content\/uploads\/2025\/02\/AS220-Product-introduction-V1.0_02-600x1187.webp 600w\" sizes=\"(max-width: 647px) 100vw, 647px\" \/><\/figure>\n\n\n\n<figure class=\"wp-block-image size-large\"><img decoding=\"async\" width=\"886\" height=\"1280\" src=\"https:\/\/www.aiyin.com\/wp-content\/uploads\/2025\/02\/AS220-Product-introduction-V1.0_03-886x1280.webp\" alt=\"\" class=\"wp-image-4116\" srcset=\"https:\/\/www.aiyin.com\/wp-content\/uploads\/2025\/02\/AS220-Product-introduction-V1.0_03-886x1280.webp 886w, https:\/\/www.aiyin.com\/wp-content\/uploads\/2025\/02\/AS220-Product-introduction-V1.0_03-768x1110.webp 768w, https:\/\/www.aiyin.com\/wp-content\/uploads\/2025\/02\/AS220-Product-introduction-V1.0_03-600x867.webp 600w\" sizes=\"(max-width: 886px) 100vw, 886px\" \/><\/figure>\n\n\n\n<figure class=\"wp-block-image size-large\"><img decoding=\"async\" width=\"1280\" height=\"995\" src=\"https:\/\/www.aiyin.com\/wp-content\/uploads\/2025\/02\/AS220-Product-introduction-V1.0_04-1280x995.webp\" alt=\"\" class=\"wp-image-4117\" srcset=\"https:\/\/www.aiyin.com\/wp-content\/uploads\/2025\/02\/AS220-Product-introduction-V1.0_04-1280x995.webp 1280w, https:\/\/www.aiyin.com\/wp-content\/uploads\/2025\/02\/AS220-Product-introduction-V1.0_04-768x597.webp 768w, https:\/\/www.aiyin.com\/wp-content\/uploads\/2025\/02\/AS220-Product-introduction-V1.0_04-600x466.webp 600w\" sizes=\"(max-width: 1280px) 100vw, 1280px\" \/><\/figure>\n\n\n\n<figure class=\"wp-block-image size-large\"><img decoding=\"async\" width=\"1280\" height=\"1077\" src=\"https:\/\/www.aiyin.com\/wp-content\/uploads\/2025\/02\/AS220-Product-introduction-V1.0_05-1280x1077.webp\" alt=\"\" class=\"wp-image-4118\" srcset=\"https:\/\/www.aiyin.com\/wp-content\/uploads\/2025\/02\/AS220-Product-introduction-V1.0_05-1280x1077.webp 1280w, https:\/\/www.aiyin.com\/wp-content\/uploads\/2025\/02\/AS220-Product-introduction-V1.0_05-768x646.webp 768w, https:\/\/www.aiyin.com\/wp-content\/uploads\/2025\/02\/AS220-Product-introduction-V1.0_05-600x505.webp 600w\" sizes=\"(max-width: 1280px) 100vw, 1280px\" \/><\/figure>\n\n\n\n<figure class=\"wp-block-image size-large\"><img decoding=\"async\" width=\"1280\" height=\"876\" src=\"https:\/\/www.aiyin.com\/wp-content\/uploads\/2025\/01\/thermal-label-printer-AS220-details-1-1280x876.webp\" alt=\"impresora t\u00e9rmica de etiquetas AS220 detalles (1)\" class=\"wp-image-1767\" srcset=\"https:\/\/www.aiyin.com\/wp-content\/uploads\/2025\/01\/thermal-label-printer-AS220-details-1-1280x876.webp 1280w, https:\/\/www.aiyin.com\/wp-content\/uploads\/2025\/01\/thermal-label-printer-AS220-details-1-768x526.webp 768w, https:\/\/www.aiyin.com\/wp-content\/uploads\/2025\/01\/thermal-label-printer-AS220-details-1-600x411.webp 600w, https:\/\/www.aiyin.com\/wp-content\/uploads\/2025\/01\/thermal-label-printer-AS220-details-1.webp 2000w\" sizes=\"(max-width: 1280px) 100vw, 1280px\" \/><\/figure>","protected":false},"excerpt":{"rendered":"<p>Impresora t\u00e9rmica de etiquetas rollo AS220 al por mayor, es una de las mejores impresoras de etiquetas de env\u00edo, equipada con una bandeja de papel sin eje de gran capacidad de 127 mm, adecuada para comercio electr\u00f3nico, log\u00edstica de almacenamiento y venta al por menor y otros escenarios. Totalmente compatible con las principales plataformas de comercio electr\u00f3nico y entrega urgente internacional. El fabricante de impresoras de etiquetas Aiyin ofrece servicios personalizados oem y odm, p\u00f3ngase en contacto con nosotros para obtener un presupuesto.<\/p>\n<h2>Caracter\u00edsticas de la impresora t\u00e9rmica de etiquetas Rollo de 2,5 pulgadas <span class=\"notranslate fyzs-translate-target fyzs-translate-target-wrapper\" style=\"vertical-align: inherit\"><span class=\"notranslate fyzs-translate-target fyzs-translate-target-box\" style=\"vertical-align: inherit\"><span class=\"notranslate fyzs-translate-target fyzs-translate-target-text\" style=\"vertical-align: inherit\" title=\"Caracter\u00edsticas de la impresora t\u00e9rmica de etiquetas de 2,5 pulgadas - AS220\">-AS220<\/span><\/span><\/span><\/h2>\n<div>\n<p><strong>Papelera de gran capacidad:<\/strong> La impresora de etiquetas AS220 est\u00e1 equipada con una bandeja de papel de gran di\u00e1metro de 127 mm, lo que reduce la molestia de tener que cambiar el papel con frecuencia.<\/p>\n<p><strong>Compatible con etiquetas de varios tama\u00f1os:<\/strong> La impresora de etiquetas AS220 soporta 15-65mm de ancho de papel, que puede satisfacer las necesidades de impresi\u00f3n de etiquetas de diferentes escenarios.Ampliamente utilizado en tiendas de t\u00e9 con leche, supermercados, pulseras m\u00e9dicas, lugares esc\u00e9nicos y otras industrias.<\/p>\n<p><strong>Conexi\u00f3n y edici\u00f3n multiterminal:<\/strong> Admite la conexi\u00f3n Bluetooth de tel\u00e9fonos m\u00f3viles y USB de ordenadores, la sincronizaci\u00f3n en la nube de la informaci\u00f3n de plantillas y una operaci\u00f3n de edici\u00f3n sencilla y c\u00f3moda.<\/p>\n<p><strong>Potente sistema de alimentaci\u00f3n:<\/strong> Equipada con el mismo motor de gran di\u00e1metro que la impresora de 4 pulgadas, puede trabajar f\u00e1cilmente con papel de etiquetas de distintos materiales y grosores.<\/p>\n<p><strong>Botones de funci\u00f3n independientes:<\/strong> Equipada con botones independientes como encendido, reimpresi\u00f3n, apertura de tapa, pausa, etc., el funcionamiento es m\u00e1s c\u00f3modo y seguro.<\/p>\n<p><strong>Servicio de impresi\u00f3n de etiquetas personalizadas: <\/strong>AiYin ofrece servicios profesionales de impresoras de etiquetas personalizadas OEM y ODM. Nuestros servicios personalizados incluyen apariencia personalizada, funciones, tipos de etiquetas y proporcionan herramientas de software eficientes.<\/p>\n<\/div>","protected":false},"featured_media":1773,"comment_status":"closed","ping_status":"closed","template":"","meta":{"_acf_changed":true},"product_brand":[],"product_cat":[38],"product_tag":[],"class_list":{"0":"post-617","1":"product","2":"type-product","3":"status-publish","4":"has-post-thumbnail","6":"product_cat-shipping-label-printer","7":"pa_industrial-grade-no","8":"pa_paper-bin-with-paper-bin","9":"pa_print-width-2-5-inches","11":"first","12":"instock","13":"shipping-taxable","14":"product-type-simple"},"acf":[],"_links":{"self":[{"href":"https:\/\/www.aiyin.com\/es\/wp-json\/wp\/v2\/product\/617","targetHints":{"allow":["GET"]}}],"collection":[{"href":"https:\/\/www.aiyin.com\/es\/wp-json\/wp\/v2\/product"}],"about":[{"href":"https:\/\/www.aiyin.com\/es\/wp-json\/wp\/v2\/types\/product"}],"replies":[{"embeddable":true,"href":"https:\/\/www.aiyin.com\/es\/wp-json\/wp\/v2\/comments?post=617"}],"wp:featuredmedia":[{"embeddable":true,"href":"https:\/\/www.aiyin.com\/es\/wp-json\/wp\/v2\/media\/1773"}],"wp:attachment":[{"href":"https:\/\/www.aiyin.com\/es\/wp-json\/wp\/v2\/media?parent=617"}],"wp:term":[{"taxonomy":"product_brand","embeddable":true,"href":"https:\/\/www.aiyin.com\/es\/wp-json\/wp\/v2\/product_brand?post=617"},{"taxonomy":"product_cat","embeddable":true,"href":"https:\/\/www.aiyin.com\/es\/wp-json\/wp\/v2\/product_cat?post=617"},{"taxonomy":"product_tag","embeddable":true,"href":"https:\/\/www.aiyin.com\/es\/wp-json\/wp\/v2\/product_tag?post=617"}],"curies":[{"name":"wp","href":"https:\/\/api.w.org\/{rel}","templated":true}]}}