{"id":5569,"date":"2025-10-14T02:03:37","date_gmt":"2025-10-14T02:03:37","guid":{"rendered":"https:\/\/www.aiyin.com\/?post_type=product&#038;p=5569"},"modified":"2025-10-28T06:52:04","modified_gmt":"2025-10-28T06:52:04","slug":"wholesale-mini-handheld-photo-printer-p21-take-photos-immediately-and-print-them-out-you-can-also-record-videos","status":"publish","type":"product","link":"https:\/\/www.aiyin.com\/es\/product\/wholesale-mini-handheld-photo-printer-p21-take-photos-immediately-and-print-them-out-you-can-also-record-videos\/","title":{"rendered":"Mayorista Mini Impresora Fotogr\u00e1fica de Mano - P21, Haz Fotos Inmediatamente e Impr\u00edmelas. Tambi\u00e9n Puede Grabar V\u00eddeos"},"content":{"rendered":"<h2 class=\"wp-block-heading\">Detalles de la Mini impresora fotogr\u00e1fica - P21<\/h2>\n\n\n\n<hr class=\"wp-block-separator has-alpha-channel-opacity\"\/>\n\n\n\n<figure class=\"wp-block-image size-full\"><img decoding=\"async\" width=\"2582\" height=\"3654\" src=\"https:\/\/www.aiyin.com\/wp-content\/uploads\/2025\/10\/P21-Handheld-Photo-Printer.webp\" alt=\"\" class=\"wp-image-5570\" srcset=\"https:\/\/www.aiyin.com\/wp-content\/uploads\/2025\/10\/P21-Handheld-Photo-Printer.webp 2582w, https:\/\/www.aiyin.com\/wp-content\/uploads\/2025\/10\/P21-Handheld-Photo-Printer-904x1280.webp 904w, https:\/\/www.aiyin.com\/wp-content\/uploads\/2025\/10\/P21-Handheld-Photo-Printer-768x1087.webp 768w, https:\/\/www.aiyin.com\/wp-content\/uploads\/2025\/10\/P21-Handheld-Photo-Printer-8x12.webp 8w, https:\/\/www.aiyin.com\/wp-content\/uploads\/2025\/10\/P21-Handheld-Photo-Printer-600x849.webp 600w\" sizes=\"(max-width: 2582px) 100vw, 2582px\" \/><\/figure>\n\n\n\n<p><\/p>","protected":false},"excerpt":{"rendered":"<p>Las mini impresoras fotogr\u00e1ficas al por mayor son muy adecuadas para la iluminaci\u00f3n art\u00edstica de los ni\u00f1os. Esta serie est\u00e1 equipada con una c\u00e1mara y una pantalla. Puede imprimir r\u00e1pidamente despu\u00e9s de disparar con un solo clic, lo que es similar al efecto de Polaroid. Es ideal para fomentar la habilidad de los ni\u00f1os para la fotograf\u00eda y la interacci\u00f3n entre padres e hijos.<\/p>\n<h2>Caracter\u00edsticas de la Mini impresora fotogr\u00e1fica - P21<\/h2>\n<div>\n<p><strong>Fotografiar e imprimir en uno:<\/strong> La mini impresora fotogr\u00e1fica cuenta con doble c\u00e1mara frontal y trasera, con la que podr\u00e1s hacerte fotos a ti mismo o a otras personas f\u00e1cilmente, y dispone de funciones de disparo continuo y temporizaci\u00f3n, lo que aporta una gran experiencia de usuario.<\/p>\n<p><strong>Creaci\u00f3n libre, estimula la creatividad de los ni\u00f1os:<\/strong> 22 lindos e interesantes marcos de fotos + 5 filtros, libre de elegir combinaciones, tomar fotos interesantes. Tambi\u00e9n puede DIY graffiti creativo para hacer las fotos v\u00edvidas.<\/p>\n<p><strong>Grabaci\u00f3n de v\u00eddeo HD:<\/strong> La mini impresora fotogr\u00e1fica tiene una gran pantalla en color de 2,4 pulgadas para presentar con claridad la grabaci\u00f3n de v\u00eddeo y grabar la infancia animada.<\/p>\n<p><strong>Juegos y m\u00fasica:<\/strong> Equipado con varios minijuegos y compatible con la reproducci\u00f3n de m\u00fasica.<\/p>\n<p><strong>Admite personalizaci\u00f3n OEM y ODM:<\/strong> El fabricante de impresoras de etiquetas AiYin admite la personalizaci\u00f3n OEM y ODM. Los clientes pueden personalizar soluciones exclusivas de impresi\u00f3n de etiquetas de acuerdo con su propia imagen de marca y necesidades espec\u00edficas.<\/p>\n<\/div>","protected":false},"featured_media":5572,"comment_status":"closed","ping_status":"closed","template":"","meta":{"_acf_changed":false},"product_brand":[],"product_cat":[21],"product_tag":[],"class_list":{"0":"post-5569","1":"product","2":"type-product","3":"status-publish","4":"has-post-thumbnail","6":"product_cat-home-office-printer","7":"pa_function-photo-printer","8":"pa_print-width-2-inches","10":"first","11":"instock","12":"shipping-taxable","13":"product-type-simple"},"acf":[],"_links":{"self":[{"href":"https:\/\/www.aiyin.com\/es\/wp-json\/wp\/v2\/product\/5569","targetHints":{"allow":["GET"]}}],"collection":[{"href":"https:\/\/www.aiyin.com\/es\/wp-json\/wp\/v2\/product"}],"about":[{"href":"https:\/\/www.aiyin.com\/es\/wp-json\/wp\/v2\/types\/product"}],"replies":[{"embeddable":true,"href":"https:\/\/www.aiyin.com\/es\/wp-json\/wp\/v2\/comments?post=5569"}],"wp:featuredmedia":[{"embeddable":true,"href":"https:\/\/www.aiyin.com\/es\/wp-json\/wp\/v2\/media\/5572"}],"wp:attachment":[{"href":"https:\/\/www.aiyin.com\/es\/wp-json\/wp\/v2\/media?parent=5569"}],"wp:term":[{"taxonomy":"product_brand","embeddable":true,"href":"https:\/\/www.aiyin.com\/es\/wp-json\/wp\/v2\/product_brand?post=5569"},{"taxonomy":"product_cat","embeddable":true,"href":"https:\/\/www.aiyin.com\/es\/wp-json\/wp\/v2\/product_cat?post=5569"},{"taxonomy":"product_tag","embeddable":true,"href":"https:\/\/www.aiyin.com\/es\/wp-json\/wp\/v2\/product_tag?post=5569"}],"curies":[{"name":"wp","href":"https:\/\/api.w.org\/{rel}","templated":true}]}}