{"id":4972,"date":"2025-07-18T23:36:46","date_gmt":"2025-07-18T23:36:46","guid":{"rendered":"https:\/\/www.aiyin.com\/?post_type=product&#038;p=4972"},"modified":"2025-07-18T23:36:51","modified_gmt":"2025-07-18T23:36:51","slug":"wholesale-thermal-printer-folding-paper-100-x-150mm","status":"publish","type":"product","link":"https:\/\/www.aiyin.com\/es\/product\/wholesale-thermal-printer-folding-paper-100-x-150mm\/","title":{"rendered":"Mayorista Papel plegado para impresora t\u00e9rmica 100 \u00d7 150mm- Adecuado para impresora de etiquetas de env\u00edo"},"content":{"rendered":"<h2 class=\"wp-block-heading\">Detalles del papel plegable para impresora t\u00e9rmica<\/h2>\n\n\n\n<hr class=\"wp-block-separator has-alpha-channel-opacity\"\/>\n\n\n\n<div class=\"wp-block-columns is-layout-flex wp-container-core-columns-is-layout-9d6595d7 wp-block-columns-is-layout-flex\">\n<div class=\"wp-block-column is-layout-flow wp-block-column-is-layout-flow\">\n<figure class=\"wp-block-image size-full\"><img decoding=\"async\" width=\"720\" height=\"720\" src=\"https:\/\/www.aiyin.com\/wp-content\/uploads\/2025\/07\/100x150-4x6-3-proof-Direct-Thermal-Printing-Paper2.webp\" alt=\"\" class=\"wp-image-4973\" srcset=\"https:\/\/www.aiyin.com\/wp-content\/uploads\/2025\/07\/100x150-4x6-3-proof-Direct-Thermal-Printing-Paper2.webp 720w, https:\/\/www.aiyin.com\/wp-content\/uploads\/2025\/07\/100x150-4x6-3-proof-Direct-Thermal-Printing-Paper2-150x150.webp 150w, https:\/\/www.aiyin.com\/wp-content\/uploads\/2025\/07\/100x150-4x6-3-proof-Direct-Thermal-Printing-Paper2-12x12.webp 12w, https:\/\/www.aiyin.com\/wp-content\/uploads\/2025\/07\/100x150-4x6-3-proof-Direct-Thermal-Printing-Paper2-300x300.webp 300w, https:\/\/www.aiyin.com\/wp-content\/uploads\/2025\/07\/100x150-4x6-3-proof-Direct-Thermal-Printing-Paper2-600x600.webp 600w, https:\/\/www.aiyin.com\/wp-content\/uploads\/2025\/07\/100x150-4x6-3-proof-Direct-Thermal-Printing-Paper2-100x100.webp 100w\" sizes=\"(max-width: 720px) 100vw, 720px\" \/><\/figure>\n\n\n\n<figure class=\"wp-block-image size-full\"><img decoding=\"async\" width=\"1000\" height=\"1000\" src=\"https:\/\/www.aiyin.com\/wp-content\/uploads\/2025\/07\/100x150-4x6-3-proof-Direct-Thermal-Printing-Paper4.webp\" alt=\"\" class=\"wp-image-4975\" srcset=\"https:\/\/www.aiyin.com\/wp-content\/uploads\/2025\/07\/100x150-4x6-3-proof-Direct-Thermal-Printing-Paper4.webp 1000w, https:\/\/www.aiyin.com\/wp-content\/uploads\/2025\/07\/100x150-4x6-3-proof-Direct-Thermal-Printing-Paper4-150x150.webp 150w, https:\/\/www.aiyin.com\/wp-content\/uploads\/2025\/07\/100x150-4x6-3-proof-Direct-Thermal-Printing-Paper4-768x768.webp 768w, https:\/\/www.aiyin.com\/wp-content\/uploads\/2025\/07\/100x150-4x6-3-proof-Direct-Thermal-Printing-Paper4-12x12.webp 12w, https:\/\/www.aiyin.com\/wp-content\/uploads\/2025\/07\/100x150-4x6-3-proof-Direct-Thermal-Printing-Paper4-300x300.webp 300w, https:\/\/www.aiyin.com\/wp-content\/uploads\/2025\/07\/100x150-4x6-3-proof-Direct-Thermal-Printing-Paper4-600x600.webp 600w, https:\/\/www.aiyin.com\/wp-content\/uploads\/2025\/07\/100x150-4x6-3-proof-Direct-Thermal-Printing-Paper4-100x100.webp 100w\" sizes=\"(max-width: 1000px) 100vw, 1000px\" \/><\/figure>\n<\/div>\n\n\n\n<div class=\"wp-block-column is-layout-flow wp-block-column-is-layout-flow\">\n<figure class=\"wp-block-image size-full\"><img decoding=\"async\" width=\"720\" height=\"720\" src=\"https:\/\/www.aiyin.com\/wp-content\/uploads\/2025\/07\/100x150-4x6-3-proof-Direct-Thermal-Printing-Paper1.webp\" alt=\"\" class=\"wp-image-4974\" srcset=\"https:\/\/www.aiyin.com\/wp-content\/uploads\/2025\/07\/100x150-4x6-3-proof-Direct-Thermal-Printing-Paper1.webp 720w, https:\/\/www.aiyin.com\/wp-content\/uploads\/2025\/07\/100x150-4x6-3-proof-Direct-Thermal-Printing-Paper1-150x150.webp 150w, https:\/\/www.aiyin.com\/wp-content\/uploads\/2025\/07\/100x150-4x6-3-proof-Direct-Thermal-Printing-Paper1-12x12.webp 12w, https:\/\/www.aiyin.com\/wp-content\/uploads\/2025\/07\/100x150-4x6-3-proof-Direct-Thermal-Printing-Paper1-300x300.webp 300w, https:\/\/www.aiyin.com\/wp-content\/uploads\/2025\/07\/100x150-4x6-3-proof-Direct-Thermal-Printing-Paper1-600x600.webp 600w, https:\/\/www.aiyin.com\/wp-content\/uploads\/2025\/07\/100x150-4x6-3-proof-Direct-Thermal-Printing-Paper1-100x100.webp 100w\" sizes=\"(max-width: 720px) 100vw, 720px\" \/><\/figure>\n\n\n\n<figure class=\"wp-block-image size-full\"><img decoding=\"async\" width=\"1000\" height=\"1000\" src=\"https:\/\/www.aiyin.com\/wp-content\/uploads\/2025\/07\/100x150-4x6-3-proof-Direct-Thermal-Printing-Paper5.webp\" alt=\"\" class=\"wp-image-4976\" srcset=\"https:\/\/www.aiyin.com\/wp-content\/uploads\/2025\/07\/100x150-4x6-3-proof-Direct-Thermal-Printing-Paper5.webp 1000w, https:\/\/www.aiyin.com\/wp-content\/uploads\/2025\/07\/100x150-4x6-3-proof-Direct-Thermal-Printing-Paper5-150x150.webp 150w, https:\/\/www.aiyin.com\/wp-content\/uploads\/2025\/07\/100x150-4x6-3-proof-Direct-Thermal-Printing-Paper5-768x768.webp 768w, https:\/\/www.aiyin.com\/wp-content\/uploads\/2025\/07\/100x150-4x6-3-proof-Direct-Thermal-Printing-Paper5-12x12.webp 12w, https:\/\/www.aiyin.com\/wp-content\/uploads\/2025\/07\/100x150-4x6-3-proof-Direct-Thermal-Printing-Paper5-300x300.webp 300w, https:\/\/www.aiyin.com\/wp-content\/uploads\/2025\/07\/100x150-4x6-3-proof-Direct-Thermal-Printing-Paper5-600x600.webp 600w, https:\/\/www.aiyin.com\/wp-content\/uploads\/2025\/07\/100x150-4x6-3-proof-Direct-Thermal-Printing-Paper5-100x100.webp 100w\" sizes=\"(max-width: 1000px) 100vw, 1000px\" \/><\/figure>\n<\/div>\n<\/div>","protected":false},"excerpt":{"rendered":"<p>Papeles t\u00e9rmicos plegados al por mayor, compatibles con las principales impresoras t\u00e9rmicas de env\u00edo, rendimiento fiable, fuerte adhesivo para garantizar que las etiquetas se adhieran firmemente al cart\u00f3n, ideal para aplicaciones de comercio electr\u00f3nico, gesti\u00f3n de almacenes y log\u00edstica.<\/p>\n<h2>Caracter\u00edsticas del papel plegable para impresora t\u00e9rmica<\/h2>\n<div>\n<p><strong>Impresi\u00f3n clara:<\/strong> Al utilizar materiales t\u00e9rmicos de alta calidad, admite la impresi\u00f3n n\u00edtida de c\u00f3digos QR, c\u00f3digos de barras, informaci\u00f3n de direcciones, etc., lo que garantiza un escaneado expr\u00e9s sin problemas.<\/p>\n<p><strong>Fuerte viscosidad:<\/strong> Gracias a su fuerte viscosidad, puede adherirse firmemente a la superficie de distintos materiales, como cartones, envases de pl\u00e1stico y bolsas expr\u00e9s, para evitar que se caiga o se da\u00f1e durante el transporte.<\/p>\n<p><strong>Impermeable y resistente al desgaste:<\/strong> Tiene excelentes propiedades de impermeabilidad, resistencia al aceite y resistencia a los ara\u00f1azos. Incluso en d\u00edas h\u00famedos y lluviosos o en transportes de larga distancia, la informaci\u00f3n log\u00edstica puede seguir siendo completa y clara.<\/p>\n<p><strong>Aplicable a diversos escenarios:<\/strong> adecuado para la entrega de pedidos de comercio electr\u00f3nico, pedidos de log\u00edstica expr\u00e9s, gesti\u00f3n de inventarios de almac\u00e9n, etiquetas de flete internacional, etc.<\/p>\n<\/div>","protected":false},"featured_media":4977,"comment_status":"closed","ping_status":"closed","template":"","meta":{"_acf_changed":true},"product_brand":[],"product_cat":[120],"product_tag":[],"class_list":{"0":"post-4972","1":"product","2":"type-product","3":"status-publish","4":"has-post-thumbnail","6":"product_cat-wholesale-thermal-paper-rolls","7":"pa_paper-for-shipping-label-printer","9":"first","10":"instock","11":"shipping-taxable","12":"product-type-simple"},"acf":[],"_links":{"self":[{"href":"https:\/\/www.aiyin.com\/es\/wp-json\/wp\/v2\/product\/4972","targetHints":{"allow":["GET"]}}],"collection":[{"href":"https:\/\/www.aiyin.com\/es\/wp-json\/wp\/v2\/product"}],"about":[{"href":"https:\/\/www.aiyin.com\/es\/wp-json\/wp\/v2\/types\/product"}],"replies":[{"embeddable":true,"href":"https:\/\/www.aiyin.com\/es\/wp-json\/wp\/v2\/comments?post=4972"}],"wp:featuredmedia":[{"embeddable":true,"href":"https:\/\/www.aiyin.com\/es\/wp-json\/wp\/v2\/media\/4977"}],"wp:attachment":[{"href":"https:\/\/www.aiyin.com\/es\/wp-json\/wp\/v2\/media?parent=4972"}],"wp:term":[{"taxonomy":"product_brand","embeddable":true,"href":"https:\/\/www.aiyin.com\/es\/wp-json\/wp\/v2\/product_brand?post=4972"},{"taxonomy":"product_cat","embeddable":true,"href":"https:\/\/www.aiyin.com\/es\/wp-json\/wp\/v2\/product_cat?post=4972"},{"taxonomy":"product_tag","embeddable":true,"href":"https:\/\/www.aiyin.com\/es\/wp-json\/wp\/v2\/product_tag?post=4972"}],"curies":[{"name":"wp","href":"https:\/\/api.w.org\/{rel}","templated":true}]}}