{"id":4949,"date":"2025-02-20T07:09:10","date_gmt":"2025-02-20T07:09:10","guid":{"rendered":"https:\/\/www.aiyin.com\/?post_type=product&#038;p=4949"},"modified":"2025-07-18T23:56:54","modified_gmt":"2025-07-18T23:56:54","slug":"wholesale-thermal-paper-rolls-for-mini-thermal-printers","status":"publish","type":"product","link":"https:\/\/www.aiyin.com\/es\/product\/wholesale-thermal-paper-rolls-for-mini-thermal-printers\/","title":{"rendered":"Mayorista Papel T\u00e9rmico Rollos 56mm X 6.9M para Mini Impresora T\u00e9rmica de Bolsillo - Pegatina Autoadhesiva 3 Rollos para Notas, Textos, Diario, Foto"},"content":{"rendered":"<h2 class=\"wp-block-heading\">Detalles de los rollos de papel t\u00e9rmico 56 mm X 6,9 m<\/h2>\n\n\n\n<hr class=\"wp-block-separator has-alpha-channel-opacity\"\/>\n\n\n\n<figure class=\"wp-block-image size-large\"><img decoding=\"async\" width=\"1280\" height=\"1280\" src=\"https:\/\/www.aiyin.com\/wp-content\/uploads\/2025\/07\/Mini-Thermal-Pocket-Printer-56mm-X-6.9M-2-1280x1280.webp\" alt=\"\" class=\"wp-image-4950\" srcset=\"https:\/\/www.aiyin.com\/wp-content\/uploads\/2025\/07\/Mini-Thermal-Pocket-Printer-56mm-X-6.9M-2-1280x1280.webp 1280w, https:\/\/www.aiyin.com\/wp-content\/uploads\/2025\/07\/Mini-Thermal-Pocket-Printer-56mm-X-6.9M-2-150x150.webp 150w, https:\/\/www.aiyin.com\/wp-content\/uploads\/2025\/07\/Mini-Thermal-Pocket-Printer-56mm-X-6.9M-2-768x768.webp 768w, https:\/\/www.aiyin.com\/wp-content\/uploads\/2025\/07\/Mini-Thermal-Pocket-Printer-56mm-X-6.9M-2-12x12.webp 12w, https:\/\/www.aiyin.com\/wp-content\/uploads\/2025\/07\/Mini-Thermal-Pocket-Printer-56mm-X-6.9M-2-300x300.webp 300w, https:\/\/www.aiyin.com\/wp-content\/uploads\/2025\/07\/Mini-Thermal-Pocket-Printer-56mm-X-6.9M-2-600x600.webp 600w, https:\/\/www.aiyin.com\/wp-content\/uploads\/2025\/07\/Mini-Thermal-Pocket-Printer-56mm-X-6.9M-2-100x100.webp 100w, https:\/\/www.aiyin.com\/wp-content\/uploads\/2025\/07\/Mini-Thermal-Pocket-Printer-56mm-X-6.9M-2.webp 1600w\" sizes=\"(max-width: 1280px) 100vw, 1280px\" \/><\/figure>\n\n\n\n<figure class=\"wp-block-image size-large\"><img decoding=\"async\" width=\"1280\" height=\"1280\" src=\"https:\/\/www.aiyin.com\/wp-content\/uploads\/2025\/07\/Mini-Thermal-Pocket-Printer-56mm-X-6.9M-4-1280x1280.webp\" alt=\"\" class=\"wp-image-4951\" srcset=\"https:\/\/www.aiyin.com\/wp-content\/uploads\/2025\/07\/Mini-Thermal-Pocket-Printer-56mm-X-6.9M-4-1280x1280.webp 1280w, https:\/\/www.aiyin.com\/wp-content\/uploads\/2025\/07\/Mini-Thermal-Pocket-Printer-56mm-X-6.9M-4-150x150.webp 150w, https:\/\/www.aiyin.com\/wp-content\/uploads\/2025\/07\/Mini-Thermal-Pocket-Printer-56mm-X-6.9M-4-768x768.webp 768w, https:\/\/www.aiyin.com\/wp-content\/uploads\/2025\/07\/Mini-Thermal-Pocket-Printer-56mm-X-6.9M-4-12x12.webp 12w, https:\/\/www.aiyin.com\/wp-content\/uploads\/2025\/07\/Mini-Thermal-Pocket-Printer-56mm-X-6.9M-4-300x300.webp 300w, https:\/\/www.aiyin.com\/wp-content\/uploads\/2025\/07\/Mini-Thermal-Pocket-Printer-56mm-X-6.9M-4-600x600.webp 600w, https:\/\/www.aiyin.com\/wp-content\/uploads\/2025\/07\/Mini-Thermal-Pocket-Printer-56mm-X-6.9M-4-100x100.webp 100w, https:\/\/www.aiyin.com\/wp-content\/uploads\/2025\/07\/Mini-Thermal-Pocket-Printer-56mm-X-6.9M-4.webp 1600w\" sizes=\"(max-width: 1280px) 100vw, 1280px\" \/><\/figure>\n\n\n\n<figure class=\"wp-block-image size-large\"><img decoding=\"async\" width=\"1280\" height=\"1280\" src=\"https:\/\/www.aiyin.com\/wp-content\/uploads\/2025\/07\/Mini-Thermal-Pocket-Printer-56mm-X-6.9M-3-1280x1280.webp\" alt=\"\" class=\"wp-image-4952\" srcset=\"https:\/\/www.aiyin.com\/wp-content\/uploads\/2025\/07\/Mini-Thermal-Pocket-Printer-56mm-X-6.9M-3-1280x1280.webp 1280w, https:\/\/www.aiyin.com\/wp-content\/uploads\/2025\/07\/Mini-Thermal-Pocket-Printer-56mm-X-6.9M-3-150x150.webp 150w, https:\/\/www.aiyin.com\/wp-content\/uploads\/2025\/07\/Mini-Thermal-Pocket-Printer-56mm-X-6.9M-3-768x768.webp 768w, https:\/\/www.aiyin.com\/wp-content\/uploads\/2025\/07\/Mini-Thermal-Pocket-Printer-56mm-X-6.9M-3-12x12.webp 12w, https:\/\/www.aiyin.com\/wp-content\/uploads\/2025\/07\/Mini-Thermal-Pocket-Printer-56mm-X-6.9M-3-300x300.webp 300w, https:\/\/www.aiyin.com\/wp-content\/uploads\/2025\/07\/Mini-Thermal-Pocket-Printer-56mm-X-6.9M-3-600x600.webp 600w, https:\/\/www.aiyin.com\/wp-content\/uploads\/2025\/07\/Mini-Thermal-Pocket-Printer-56mm-X-6.9M-3-100x100.webp 100w, https:\/\/www.aiyin.com\/wp-content\/uploads\/2025\/07\/Mini-Thermal-Pocket-Printer-56mm-X-6.9M-3.webp 1600w\" sizes=\"(max-width: 1280px) 100vw, 1280px\" \/><\/figure>\n\n\n\n<figure class=\"wp-block-image size-large\"><img decoding=\"async\" width=\"1280\" height=\"1280\" src=\"https:\/\/www.aiyin.com\/wp-content\/uploads\/2025\/07\/Mini-Thermal-Pocket-Printer-56mm-X-6.9M-5-1280x1280.webp\" alt=\"\" class=\"wp-image-4953\" srcset=\"https:\/\/www.aiyin.com\/wp-content\/uploads\/2025\/07\/Mini-Thermal-Pocket-Printer-56mm-X-6.9M-5-1280x1280.webp 1280w, https:\/\/www.aiyin.com\/wp-content\/uploads\/2025\/07\/Mini-Thermal-Pocket-Printer-56mm-X-6.9M-5-150x150.webp 150w, https:\/\/www.aiyin.com\/wp-content\/uploads\/2025\/07\/Mini-Thermal-Pocket-Printer-56mm-X-6.9M-5-768x768.webp 768w, https:\/\/www.aiyin.com\/wp-content\/uploads\/2025\/07\/Mini-Thermal-Pocket-Printer-56mm-X-6.9M-5-12x12.webp 12w, https:\/\/www.aiyin.com\/wp-content\/uploads\/2025\/07\/Mini-Thermal-Pocket-Printer-56mm-X-6.9M-5-300x300.webp 300w, https:\/\/www.aiyin.com\/wp-content\/uploads\/2025\/07\/Mini-Thermal-Pocket-Printer-56mm-X-6.9M-5-600x600.webp 600w, https:\/\/www.aiyin.com\/wp-content\/uploads\/2025\/07\/Mini-Thermal-Pocket-Printer-56mm-X-6.9M-5-100x100.webp 100w, https:\/\/www.aiyin.com\/wp-content\/uploads\/2025\/07\/Mini-Thermal-Pocket-Printer-56mm-X-6.9M-5.webp 1600w\" sizes=\"(max-width: 1280px) 100vw, 1280px\" \/><\/figure>","protected":false},"excerpt":{"rendered":"<p>Papel para mini impresora t\u00e9rmica al por mayor, adecuado para impresi\u00f3n de notas, bricolaje de cuadernos, impresi\u00f3n de recibos, impresi\u00f3n de etiquetas y muchos otros usos. P\u00f3ngase en contacto con nosotros para realizar su pedido.<\/p>\n<h2>Caracter\u00edsticas de los rollos de papel t\u00e9rmico 56 mm X 6,9 m<\/h2>\n<div>\n<p><strong>Aplicaci\u00f3n polivalente:<\/strong> Este papel para etiquetas es adecuado para una gran variedad de escenarios, como etiquetas FBA, etiquetas de correo, etiquetas de informaci\u00f3n alimentaria, etiquetas de envasado de productos, etc., para satisfacer fines comerciales y de organizaci\u00f3n dom\u00e9stica.<\/p>\n<p><strong>Impresi\u00f3n de alta calidad:<\/strong> Admite la impresi\u00f3n de alta definici\u00f3n de c\u00f3digos QR y texto fino para garantizar una alta legibilidad e informaci\u00f3n precisa.<\/p>\n<p><strong>Buena adherencia:<\/strong> Fabricado con material adhesivo de alta calidad, no es f\u00e1cil que se caiga.<\/p>\n<p><strong>Venta directa de f\u00e1brica:<\/strong> Producimos y suministramos directamente papel de etiquetas para garantizar que los clientes obtengan productos de alta calidad a un coste menor.<\/p>\n<\/div>","protected":false},"featured_media":4954,"comment_status":"closed","ping_status":"closed","template":"","meta":{"_acf_changed":true},"product_brand":[],"product_cat":[120],"product_tag":[],"class_list":{"0":"post-4949","1":"product","2":"type-product","3":"status-publish","4":"has-post-thumbnail","6":"product_cat-wholesale-thermal-paper-rolls","7":"pa_paper-for-mini-printer","9":"first","10":"instock","11":"shipping-taxable","12":"product-type-simple"},"acf":[],"_links":{"self":[{"href":"https:\/\/www.aiyin.com\/es\/wp-json\/wp\/v2\/product\/4949","targetHints":{"allow":["GET"]}}],"collection":[{"href":"https:\/\/www.aiyin.com\/es\/wp-json\/wp\/v2\/product"}],"about":[{"href":"https:\/\/www.aiyin.com\/es\/wp-json\/wp\/v2\/types\/product"}],"replies":[{"embeddable":true,"href":"https:\/\/www.aiyin.com\/es\/wp-json\/wp\/v2\/comments?post=4949"}],"wp:featuredmedia":[{"embeddable":true,"href":"https:\/\/www.aiyin.com\/es\/wp-json\/wp\/v2\/media\/4954"}],"wp:attachment":[{"href":"https:\/\/www.aiyin.com\/es\/wp-json\/wp\/v2\/media?parent=4949"}],"wp:term":[{"taxonomy":"product_brand","embeddable":true,"href":"https:\/\/www.aiyin.com\/es\/wp-json\/wp\/v2\/product_brand?post=4949"},{"taxonomy":"product_cat","embeddable":true,"href":"https:\/\/www.aiyin.com\/es\/wp-json\/wp\/v2\/product_cat?post=4949"},{"taxonomy":"product_tag","embeddable":true,"href":"https:\/\/www.aiyin.com\/es\/wp-json\/wp\/v2\/product_tag?post=4949"}],"curies":[{"name":"wp","href":"https:\/\/api.w.org\/{rel}","templated":true}]}}