{"id":4787,"date":"2025-02-20T09:50:11","date_gmt":"2025-02-20T09:50:11","guid":{"rendered":"https:\/\/www.aiyin.com\/?post_type=product&#038;p=4787"},"modified":"2025-07-11T07:47:15","modified_gmt":"2025-07-11T07:47:15","slug":"wholesale-a4-portable-thermal-printer-a10","status":"publish","type":"product","link":"https:\/\/www.aiyin.com\/es\/product\/wholesale-a4-portable-thermal-printer-a10\/","title":{"rendered":"Mayorista Impresora t\u00e9rmica port\u00e1til A4 - A10, , Oferta Editar software, Soporte de conexi\u00f3n inal\u00e1mbrica"},"content":{"rendered":"<h2 class=\"wp-block-heading\">Detalles de la impresora t\u00e9rmica port\u00e1til A4 - A10<\/h2>\n\n\n\n<hr class=\"wp-block-separator has-alpha-channel-opacity\"\/>\n\n\n\n<figure class=\"wp-block-image size-full\"><img decoding=\"async\" width=\"905\" height=\"1280\" src=\"https:\/\/www.aiyin.com\/wp-content\/uploads\/2025\/02\/A4-Portable-Thermal-Printer-Details-1.webp\" alt=\"Impresora t\u00e9rmica port\u00e1til A4 Detalles (1)\" class=\"wp-image-4833\" srcset=\"https:\/\/www.aiyin.com\/wp-content\/uploads\/2025\/02\/A4-Portable-Thermal-Printer-Details-1.webp 905w, https:\/\/www.aiyin.com\/wp-content\/uploads\/2025\/02\/A4-Portable-Thermal-Printer-Details-1-768x1086.webp 768w, https:\/\/www.aiyin.com\/wp-content\/uploads\/2025\/02\/A4-Portable-Thermal-Printer-Details-1-8x12.webp 8w, https:\/\/www.aiyin.com\/wp-content\/uploads\/2025\/02\/A4-Portable-Thermal-Printer-Details-1-600x849.webp 600w\" sizes=\"(max-width: 905px) 100vw, 905px\" \/><\/figure>","protected":false},"excerpt":{"rendered":"<p>Mayorista de impresoras t\u00e9rmicas port\u00e1tiles A4, puede manejar f\u00e1cilmente una gran variedad de documentos, desde documentos A4 hasta etiquetas de env\u00edo y recibos. Equipada con una bater\u00eda de 1800 mAh y compatible con la conexi\u00f3n inal\u00e1mbrica Bluetooth, cumple con diversos escenarios de uso y es muy adecuada para compradores al por mayor dirigidos a estudiantes, trabajadores remotos y peque\u00f1as empresas. Esta serie admite OEM y ODM, p\u00f3ngase en contacto con nosotros para obtener un presupuesto.<\/p>\n<h2>Caracter\u00edsticas de la impresora t\u00e9rmica port\u00e1til A4 - A10<\/h2>\n<div>\n<p><strong>Aplicaci\u00f3n inteligente:<\/strong> Admite la gesti\u00f3n de tareas de impresi\u00f3n a trav\u00e9s de la APP oficial de AiYin. Los usuarios pueden editar f\u00e1cilmente archivos, seleccionar formatos de impresi\u00f3n, establecer plantillas, etc., realizar el control remoto inal\u00e1mbrico y mejorar la eficiencia del trabajo.<\/p>\n<p><strong>Bater\u00eda de larga duraci\u00f3n:<\/strong> Bater\u00eda de litio recargable de 1800mAh incorporada, una carga puede satisfacer el uso continuo a largo plazo, adecuado para la oficina m\u00f3vil, viajes de negocios al aire libre y otros escenarios.<\/p>\n<p><strong>Se adapta a m\u00faltiples tama\u00f1os de papel:<\/strong> Admite varios ajustes de anchura de papel, de 56 mm a 216 mm, para satisfacer las diversas necesidades de impresi\u00f3n de documentos de tama\u00f1o A4, papel de etiquetas, facturas, recibos, \u00f3rdenes de transporte, fotos, carteles, etc.<\/p>\n<p><strong>Dise\u00f1o ligero:<\/strong> El cuerpo compacto s\u00f3lo mide 250\u00d733\u00d753 mm y pesa 415 g. Se puede guardar f\u00e1cilmente en una mochila o un caj\u00f3n, y es extremadamente port\u00e1til.<\/p>\n<p><strong>Soporte OEM y ODM:<\/strong> La impresora t\u00e9rmica AiYin puede proporcionar servicios de personalizaci\u00f3n en profundidad para pedidos al por mayor con el fin de ayudarle a crear sus productos de marca exclusivos.<\/p>\n<\/div>","protected":false},"featured_media":4829,"comment_status":"closed","ping_status":"closed","template":"","meta":{"_acf_changed":true},"product_brand":[],"product_cat":[21],"product_tag":[],"class_list":{"0":"post-4787","1":"product","2":"type-product","3":"status-publish","4":"has-post-thumbnail","6":"product_cat-home-office-printer","7":"pa_function-letter-a4-thermal-printer","8":"pa_print-width-8-inches","10":"first","11":"instock","12":"shipping-taxable","13":"product-type-simple"},"acf":[],"_links":{"self":[{"href":"https:\/\/www.aiyin.com\/es\/wp-json\/wp\/v2\/product\/4787","targetHints":{"allow":["GET"]}}],"collection":[{"href":"https:\/\/www.aiyin.com\/es\/wp-json\/wp\/v2\/product"}],"about":[{"href":"https:\/\/www.aiyin.com\/es\/wp-json\/wp\/v2\/types\/product"}],"replies":[{"embeddable":true,"href":"https:\/\/www.aiyin.com\/es\/wp-json\/wp\/v2\/comments?post=4787"}],"wp:featuredmedia":[{"embeddable":true,"href":"https:\/\/www.aiyin.com\/es\/wp-json\/wp\/v2\/media\/4829"}],"wp:attachment":[{"href":"https:\/\/www.aiyin.com\/es\/wp-json\/wp\/v2\/media?parent=4787"}],"wp:term":[{"taxonomy":"product_brand","embeddable":true,"href":"https:\/\/www.aiyin.com\/es\/wp-json\/wp\/v2\/product_brand?post=4787"},{"taxonomy":"product_cat","embeddable":true,"href":"https:\/\/www.aiyin.com\/es\/wp-json\/wp\/v2\/product_cat?post=4787"},{"taxonomy":"product_tag","embeddable":true,"href":"https:\/\/www.aiyin.com\/es\/wp-json\/wp\/v2\/product_tag?post=4787"}],"curies":[{"name":"wp","href":"https:\/\/api.w.org\/{rel}","templated":true}]}}