{"id":4780,"date":"2025-02-22T07:27:23","date_gmt":"2025-02-22T07:27:23","guid":{"rendered":"https:\/\/www.aiyin.com\/?post_type=product&#038;p=4780"},"modified":"2025-07-11T07:52:40","modified_gmt":"2025-07-11T07:52:40","slug":"wholesale-mobile-pocket-label-printer-q3","status":"publish","type":"product","link":"https:\/\/www.aiyin.com\/es\/product\/wholesale-mobile-pocket-label-printer-q3\/","title":{"rendered":"Mayorista Impresora m\u00f3vil de etiquetas de bolsillo de 2 pulgadas para iPhone - Q3, compatible con Bluetooth, f\u00e1cil de manejar"},"content":{"rendered":"<h2 class=\"wp-block-heading\">Detalles de la impresora m\u00f3vil de bolsillo - Q3<\/h2>\n\n\n\n<hr class=\"wp-block-separator has-alpha-channel-opacity\"\/>\n\n\n\n<figure class=\"wp-block-image size-full\"><img decoding=\"async\" width=\"905\" height=\"1280\" src=\"https:\/\/www.aiyin.com\/wp-content\/uploads\/2025\/02\/Mobile-Pocket-Label-Printer-Q3-Details-1.webp\" alt=\"Impresora m\u00f3vil de etiquetas de bolsillo Q3 Detalles (1)\" class=\"wp-image-4826\" srcset=\"https:\/\/www.aiyin.com\/wp-content\/uploads\/2025\/02\/Mobile-Pocket-Label-Printer-Q3-Details-1.webp 905w, https:\/\/www.aiyin.com\/wp-content\/uploads\/2025\/02\/Mobile-Pocket-Label-Printer-Q3-Details-1-768x1086.webp 768w, https:\/\/www.aiyin.com\/wp-content\/uploads\/2025\/02\/Mobile-Pocket-Label-Printer-Q3-Details-1-8x12.webp 8w, https:\/\/www.aiyin.com\/wp-content\/uploads\/2025\/02\/Mobile-Pocket-Label-Printer-Q3-Details-1-600x849.webp 600w\" sizes=\"(max-width: 905px) 100vw, 905px\" \/><\/figure>","protected":false},"excerpt":{"rendered":"<p>Mayorista Impresora t\u00e9rmica de bolsillo port\u00e1til de 2 pulgadas, puede imprimir etiquetas claras y n\u00edtidas, pegatinas, recibos, notas y fotos. F\u00e1cil de operar a trav\u00e9s de la aplicaci\u00f3n m\u00f3vil, proporcionando soluciones pr\u00e1cticas y creativas para las necesidades diarias de etiquetado. Apoyo OEM y ODM, recepci\u00f3n para entrarnos en contacto con para la cita.<\/p>\n<h2>Caracter\u00edsticas de la impresora t\u00e9rmica de etiquetas de bolsillo port\u00e1til - Q3<\/h2>\n<div>\n<p><strong>Port\u00e1til y f\u00e1cil de transportar:<\/strong> La impresora m\u00f3vil de etiquetas de bolsillo puede guardarse f\u00e1cilmente en un bolsillo o bolso sin que suponga una carga, de modo que la impresi\u00f3n ya no est\u00e1 restringida por el lugar y el momento.<\/p>\n<p><strong>Impresi\u00f3n multifuncional:<\/strong> La impresora m\u00f3vil de etiquetas de bolsillo Q3 es un dispositivo de impresi\u00f3n inteligente que integra impresi\u00f3n de fotos, creaci\u00f3n de etiquetas, personalizaci\u00f3n de pegatinas, escritura de notas y salida de listas.<\/p>\n<p><strong>Conexi\u00f3n r\u00e1pida:<\/strong> A trav\u00e9s de la aplicaci\u00f3n inteligente exclusiva \"Iyin\", los usuarios pueden editar texto, insertar im\u00e1genes y utilizar plantillas enriquecidas en sus tel\u00e9fonos m\u00f3viles para conseguir realmente una experiencia de impresi\u00f3n instant\u00e1nea \"lo que ves es lo que obtienes\".<\/p>\n<p><strong>Bajo coste de mantenimiento:<\/strong> La impresora m\u00f3vil de etiquetas de bolsillo Q3 no requiere la sustituci\u00f3n peri\u00f3dica de cartuchos de tinta o cintas de carb\u00f3n, y el papel t\u00e9rmico es barato, el dispositivo es f\u00e1cil de usar y no requiere un mantenimiento complicado.<\/p>\n<p><strong>Perfecto asistente familiar:<\/strong> La impresora m\u00f3vil de etiquetas de bolsillo Q3 puede imprimir etiquetas f\u00e1cilmente, clasificar y marcar art\u00edculos como condimentos de cocina, fechas de caducidad de medicamentos y archivar expedientes. Tambi\u00e9n puede imprimir pegatinas de aniversario y felicitaciones navide\u00f1as para dejar constancia de la vida familiar.<\/p>\n<\/div>","protected":false},"featured_media":4822,"comment_status":"closed","ping_status":"closed","template":"","meta":{"_acf_changed":false},"product_brand":[],"product_cat":[21],"product_tag":[],"class_list":{"0":"post-4780","1":"product","2":"type-product","3":"status-publish","4":"has-post-thumbnail","6":"product_cat-home-office-printer","7":"pa_function-mini-printer","8":"pa_print-width-2-inches","10":"first","11":"instock","12":"shipping-taxable","13":"product-type-simple"},"acf":[],"_links":{"self":[{"href":"https:\/\/www.aiyin.com\/es\/wp-json\/wp\/v2\/product\/4780","targetHints":{"allow":["GET"]}}],"collection":[{"href":"https:\/\/www.aiyin.com\/es\/wp-json\/wp\/v2\/product"}],"about":[{"href":"https:\/\/www.aiyin.com\/es\/wp-json\/wp\/v2\/types\/product"}],"replies":[{"embeddable":true,"href":"https:\/\/www.aiyin.com\/es\/wp-json\/wp\/v2\/comments?post=4780"}],"wp:featuredmedia":[{"embeddable":true,"href":"https:\/\/www.aiyin.com\/es\/wp-json\/wp\/v2\/media\/4822"}],"wp:attachment":[{"href":"https:\/\/www.aiyin.com\/es\/wp-json\/wp\/v2\/media?parent=4780"}],"wp:term":[{"taxonomy":"product_brand","embeddable":true,"href":"https:\/\/www.aiyin.com\/es\/wp-json\/wp\/v2\/product_brand?post=4780"},{"taxonomy":"product_cat","embeddable":true,"href":"https:\/\/www.aiyin.com\/es\/wp-json\/wp\/v2\/product_cat?post=4780"},{"taxonomy":"product_tag","embeddable":true,"href":"https:\/\/www.aiyin.com\/es\/wp-json\/wp\/v2\/product_tag?post=4780"}],"curies":[{"name":"wp","href":"https:\/\/api.w.org\/{rel}","templated":true}]}}