{"id":4773,"date":"2025-04-18T06:04:23","date_gmt":"2025-04-18T06:04:23","guid":{"rendered":"https:\/\/www.aiyin.com\/?post_type=product&#038;p=4773"},"modified":"2025-06-16T02:06:34","modified_gmt":"2025-06-16T02:06:34","slug":"wholesale-2-inch-wireless-mini-label-printer-b23b","status":"publish","type":"product","link":"https:\/\/www.aiyin.com\/es\/product\/wholesale-2-inch-wireless-mini-label-printer-b23b\/","title":{"rendered":"Mayorista Mini Impresora Inal\u00e1mbrica de Etiquetas de 2 pulgadas - B23b - AiYin Mini Impresora de Etiquetas Fabricante"},"content":{"rendered":"<h2 class=\"wp-block-heading\">Detalles de la mini impresora de etiquetas inal\u00e1mbrica - B23b<\/h2>\n\n\n\n<hr class=\"wp-block-separator has-alpha-channel-opacity\"\/>\n\n\n\n<figure class=\"wp-block-image size-full\"><img decoding=\"async\" width=\"905\" height=\"1280\" src=\"https:\/\/www.aiyin.com\/wp-content\/uploads\/2025\/04\/B23b-Wireless-Mini-Label-Printer-Details-1.webp\" alt=\"Mini impresora de etiquetas inal\u00e1mbrica B23b Detalles (1)\" class=\"wp-image-4815\" srcset=\"https:\/\/www.aiyin.com\/wp-content\/uploads\/2025\/04\/B23b-Wireless-Mini-Label-Printer-Details-1.webp 905w, https:\/\/www.aiyin.com\/wp-content\/uploads\/2025\/04\/B23b-Wireless-Mini-Label-Printer-Details-1-768x1086.webp 768w, https:\/\/www.aiyin.com\/wp-content\/uploads\/2025\/04\/B23b-Wireless-Mini-Label-Printer-Details-1-8x12.webp 8w, https:\/\/www.aiyin.com\/wp-content\/uploads\/2025\/04\/B23b-Wireless-Mini-Label-Printer-Details-1-600x849.webp 600w\" sizes=\"(max-width: 905px) 100vw, 905px\" \/><\/figure>","protected":false},"excerpt":{"rendered":"<p>Mayorista Mini Impresora de Etiquetas Inal\u00e1mbrica de 2 pulgadas, Impresora M\u00f3vil Multifunci\u00f3n - b23b, soporta m\u00faltiples tipos de papel, ofrece soporte de aplicaciones, y proporciona plantillas f\u00e1ciles de usar para la impresi\u00f3n r\u00e1pida y f\u00e1cil de etiquetas personalizadas, c\u00f3digos de barras y recibos. Soporta OEM y ODM, por favor p\u00f3ngase en contacto con nosotros para una cotizaci\u00f3n.<\/p>\n<h2>Caracter\u00edsticas de la mini impresora de etiquetas inal\u00e1mbrica - B23b<\/h2>\n<div>\n<p><strong>F\u00e1cil de usar:<\/strong> Con la facilidad de uso en su n\u00facleo, la mini impresora de etiquetas B23b tiene una interfaz f\u00e1cil de usar y un dise\u00f1o minimalista que es f\u00e1cil de usar para cualquier persona.<\/p>\n<p><strong>Conexi\u00f3n inal\u00e1mbrica Bluetooth:<\/strong> Gracias a la tecnolog\u00eda Bluetooth integrada, la mini impresora de etiquetas B23b puede conectarse a la impresora desde cualquier lugar dentro del alcance de Bluetooth, ahorrando espacio en el escritorio.<\/p>\n<p><strong>Construcci\u00f3n ligera y port\u00e1til:<\/strong> La B23b tiene un dise\u00f1o ligero y cabe f\u00e1cilmente en mochilas peque\u00f1as, bolsos peque\u00f1os y cajones, por lo que es ideal para usarla en casa o de viaje.<\/p>\n<p><strong>Capacidad de impresi\u00f3n multifunci\u00f3n:<\/strong> La B23b puede imprimir en varios tipos de papel, como papel de recibos y etiquetas autoadhesivas y papel de etiquetas normal, y resulta pr\u00e1ctica para imprimir c\u00f3digos de barras de inventario, imprimir recibos, etc.<\/p>\n<p><strong>Buena calidad de impresi\u00f3n:<\/strong> La B23b produce una calidad de impresi\u00f3n de 203 ppp (puntos por pulgada), por lo que sus etiquetas, c\u00f3digos de barras y texto son claros y f\u00e1cilmente legibles.<\/p>\n<p><strong>Dise\u00f1o adaptado a los ni\u00f1os:<\/strong> Para garantizar la seguridad y facilitar el manejo, la B23b est\u00e1 especialmente pensada para los ni\u00f1os y es una herramienta eficaz para estimular su creatividad.<\/p>\n<\/div>","protected":false},"featured_media":4817,"comment_status":"closed","ping_status":"closed","template":"","meta":{"_acf_changed":true},"product_brand":[],"product_cat":[21],"product_tag":[],"class_list":{"0":"post-4773","1":"product","2":"type-product","3":"status-publish","4":"has-post-thumbnail","6":"product_cat-home-office-printer","7":"pa_function-mini-printer","8":"pa_print-width-2-inches","10":"first","11":"instock","12":"shipping-taxable","13":"product-type-simple"},"acf":[],"_links":{"self":[{"href":"https:\/\/www.aiyin.com\/es\/wp-json\/wp\/v2\/product\/4773","targetHints":{"allow":["GET"]}}],"collection":[{"href":"https:\/\/www.aiyin.com\/es\/wp-json\/wp\/v2\/product"}],"about":[{"href":"https:\/\/www.aiyin.com\/es\/wp-json\/wp\/v2\/types\/product"}],"replies":[{"embeddable":true,"href":"https:\/\/www.aiyin.com\/es\/wp-json\/wp\/v2\/comments?post=4773"}],"wp:featuredmedia":[{"embeddable":true,"href":"https:\/\/www.aiyin.com\/es\/wp-json\/wp\/v2\/media\/4817"}],"wp:attachment":[{"href":"https:\/\/www.aiyin.com\/es\/wp-json\/wp\/v2\/media?parent=4773"}],"wp:term":[{"taxonomy":"product_brand","embeddable":true,"href":"https:\/\/www.aiyin.com\/es\/wp-json\/wp\/v2\/product_brand?post=4773"},{"taxonomy":"product_cat","embeddable":true,"href":"https:\/\/www.aiyin.com\/es\/wp-json\/wp\/v2\/product_cat?post=4773"},{"taxonomy":"product_tag","embeddable":true,"href":"https:\/\/www.aiyin.com\/es\/wp-json\/wp\/v2\/product_tag?post=4773"}],"curies":[{"name":"wp","href":"https:\/\/api.w.org\/{rel}","templated":true}]}}