{"id":4755,"date":"2025-06-13T09:48:14","date_gmt":"2025-06-13T09:48:14","guid":{"rendered":"https:\/\/www.aiyin.com\/?post_type=product&#038;p=4755"},"modified":"2025-06-16T02:56:30","modified_gmt":"2025-06-16T02:56:30","slug":"wholesale-mini-photo-printer-p20","status":"publish","type":"product","link":"https:\/\/www.aiyin.com\/es\/product\/wholesale-mini-photo-printer-p20\/","title":{"rendered":"Mayorista Kids Retro Mini Photo Printer - P20, Haz Fotos Inmediatamente E Impr\u00edmelas. Tambi\u00e9n Puede Grabar V\u00eddeos"},"content":{"rendered":"<h2 class=\"wp-block-heading\">Detalles de la Mini impresora fotogr\u00e1fica - P20<\/h2>\n\n\n\n<hr class=\"wp-block-separator has-alpha-channel-opacity\"\/>\n\n\n\n<figure class=\"wp-block-image size-full\"><img decoding=\"async\" width=\"1620\" height=\"1648\" src=\"https:\/\/www.aiyin.com\/wp-content\/uploads\/2025\/06\/P20-Mini-Photo-Printer-Details-1.webp\" alt=\"Detalles de la mini impresora fotogr\u00e1fica P20 (1)\" class=\"wp-image-4804\" srcset=\"https:\/\/www.aiyin.com\/wp-content\/uploads\/2025\/06\/P20-Mini-Photo-Printer-Details-1.webp 1620w, https:\/\/www.aiyin.com\/wp-content\/uploads\/2025\/06\/P20-Mini-Photo-Printer-Details-1-1258x1280.webp 1258w, https:\/\/www.aiyin.com\/wp-content\/uploads\/2025\/06\/P20-Mini-Photo-Printer-Details-1-768x781.webp 768w, https:\/\/www.aiyin.com\/wp-content\/uploads\/2025\/06\/P20-Mini-Photo-Printer-Details-1-12x12.webp 12w, https:\/\/www.aiyin.com\/wp-content\/uploads\/2025\/06\/P20-Mini-Photo-Printer-Details-1-600x610.webp 600w\" sizes=\"(max-width: 1620px) 100vw, 1620px\" \/><\/figure>\n\n\n\n<figure class=\"wp-block-image size-full\"><img decoding=\"async\" width=\"905\" height=\"1280\" src=\"https:\/\/www.aiyin.com\/wp-content\/uploads\/2025\/06\/P20-Mini-Photo-Printer-Details-2.webp\" alt=\"Detalles de la mini impresora fotogr\u00e1fica P20 (2)\" class=\"wp-image-4805\" srcset=\"https:\/\/www.aiyin.com\/wp-content\/uploads\/2025\/06\/P20-Mini-Photo-Printer-Details-2.webp 905w, https:\/\/www.aiyin.com\/wp-content\/uploads\/2025\/06\/P20-Mini-Photo-Printer-Details-2-768x1086.webp 768w, https:\/\/www.aiyin.com\/wp-content\/uploads\/2025\/06\/P20-Mini-Photo-Printer-Details-2-8x12.webp 8w, https:\/\/www.aiyin.com\/wp-content\/uploads\/2025\/06\/P20-Mini-Photo-Printer-Details-2-600x849.webp 600w\" sizes=\"(max-width: 905px) 100vw, 905px\" \/><\/figure>","protected":false},"excerpt":{"rendered":"<p>Las mini impresoras fotogr\u00e1ficas al por mayor son muy adecuadas para la iluminaci\u00f3n art\u00edstica de los ni\u00f1os. Esta serie est\u00e1 equipada con una c\u00e1mara y una pantalla. Puede imprimir r\u00e1pidamente despu\u00e9s de disparar con un solo clic, lo que es similar al efecto de Polaroid. Es ideal para fomentar la habilidad de los ni\u00f1os para la fotograf\u00eda y la interacci\u00f3n entre padres e hijos.<\/p>\n<h2>Caracter\u00edsticas de la Mini impresora fotogr\u00e1fica - P20<\/h2>\n<div>\n<p><strong>Fotografiar e imprimir en uno:<\/strong> La mini impresora fotogr\u00e1fica cuenta con doble c\u00e1mara frontal y trasera, con la que podr\u00e1s hacerte fotos a ti mismo o a otras personas f\u00e1cilmente, y dispone de funciones de disparo continuo y temporizaci\u00f3n, lo que aporta una gran experiencia de usuario.<\/p>\n<p><strong>Impresi\u00f3n en dos colores:<\/strong> La mini impresora fotogr\u00e1fica admite la impresi\u00f3n en dos colores, lo que hace que los detalles impresos de personas y objetos sean m\u00e1s v\u00edvidos.<\/p>\n<p><strong>Creaci\u00f3n libre, estimula la creatividad de los ni\u00f1os:<\/strong> 22 lindos e interesantes marcos de fotos + 5 filtros, libre de elegir combinaciones, tomar fotos interesantes. Tambi\u00e9n puede DIY graffiti creativo para hacer las fotos v\u00edvidas.<\/p>\n<p><strong>Grabaci\u00f3n de v\u00eddeo HD:<\/strong> La mini impresora fotogr\u00e1fica tiene una gran pantalla en color de 2,4 pulgadas para presentar con claridad la grabaci\u00f3n de v\u00eddeo y grabar la infancia animada.<\/p>\n<p><strong>Juegos y m\u00fasica:<\/strong> Equipado con varios minijuegos y compatible con la reproducci\u00f3n de m\u00fasica.<\/p>\n<p><strong>Admite personalizaci\u00f3n OEM y ODM:<\/strong> El fabricante de impresoras de etiquetas AiYin admite la personalizaci\u00f3n OEM y ODM. Los clientes pueden personalizar soluciones exclusivas de impresi\u00f3n de etiquetas de acuerdo con su propia imagen de marca y necesidades espec\u00edficas.<\/p>\n<\/div>","protected":false},"featured_media":4808,"comment_status":"closed","ping_status":"closed","template":"","meta":{"_acf_changed":false},"product_brand":[],"product_cat":[21],"product_tag":[],"class_list":{"0":"post-4755","1":"product","2":"type-product","3":"status-publish","4":"has-post-thumbnail","6":"product_cat-home-office-printer","7":"pa_function-photo-printer","8":"pa_print-width-2-inches","10":"first","11":"instock","12":"shipping-taxable","13":"product-type-simple"},"acf":[],"_links":{"self":[{"href":"https:\/\/www.aiyin.com\/es\/wp-json\/wp\/v2\/product\/4755","targetHints":{"allow":["GET"]}}],"collection":[{"href":"https:\/\/www.aiyin.com\/es\/wp-json\/wp\/v2\/product"}],"about":[{"href":"https:\/\/www.aiyin.com\/es\/wp-json\/wp\/v2\/types\/product"}],"replies":[{"embeddable":true,"href":"https:\/\/www.aiyin.com\/es\/wp-json\/wp\/v2\/comments?post=4755"}],"wp:featuredmedia":[{"embeddable":true,"href":"https:\/\/www.aiyin.com\/es\/wp-json\/wp\/v2\/media\/4808"}],"wp:attachment":[{"href":"https:\/\/www.aiyin.com\/es\/wp-json\/wp\/v2\/media?parent=4755"}],"wp:term":[{"taxonomy":"product_brand","embeddable":true,"href":"https:\/\/www.aiyin.com\/es\/wp-json\/wp\/v2\/product_brand?post=4755"},{"taxonomy":"product_cat","embeddable":true,"href":"https:\/\/www.aiyin.com\/es\/wp-json\/wp\/v2\/product_cat?post=4755"},{"taxonomy":"product_tag","embeddable":true,"href":"https:\/\/www.aiyin.com\/es\/wp-json\/wp\/v2\/product_tag?post=4755"}],"curies":[{"name":"wp","href":"https:\/\/api.w.org\/{rel}","templated":true}]}}