{"id":4746,"date":"2025-02-20T10:00:48","date_gmt":"2025-02-20T10:00:48","guid":{"rendered":"https:\/\/www.aiyin.com\/?post_type=product&#038;p=4746"},"modified":"2025-06-16T02:19:43","modified_gmt":"2025-06-16T02:19:43","slug":"wholesale-a4-portable-thermal-printer-a42","status":"publish","type":"product","link":"https:\/\/www.aiyin.com\/es\/product\/wholesale-a4-portable-thermal-printer-a42\/","title":{"rendered":"Mayorista Impresora T\u00e9rmica Port\u00e1til A4 - A42, Impresi\u00f3n sin tinta, Bajos costes de funcionamiento, Ofertas Editar Software"},"content":{"rendered":"<h2 class=\"wp-block-heading\">Detalles de la impresora t\u00e9rmica port\u00e1til A4 - A42<\/h2>\n\n\n\n<hr class=\"wp-block-separator has-alpha-channel-opacity\"\/>\n\n\n\n<figure class=\"wp-block-image size-full\"><img decoding=\"async\" width=\"905\" height=\"1280\" src=\"https:\/\/www.aiyin.com\/wp-content\/uploads\/2025\/02\/Details-of-A4-Portable-Thermal-Printer-\u2013-A421.webp\" alt=\"Detalles de Impresora t\u00e9rmica port\u00e1til A4 - A42(1)\" class=\"wp-image-4798\" srcset=\"https:\/\/www.aiyin.com\/wp-content\/uploads\/2025\/02\/Details-of-A4-Portable-Thermal-Printer-\u2013-A421.webp 905w, https:\/\/www.aiyin.com\/wp-content\/uploads\/2025\/02\/Details-of-A4-Portable-Thermal-Printer-\u2013-A421-768x1086.webp 768w, https:\/\/www.aiyin.com\/wp-content\/uploads\/2025\/02\/Details-of-A4-Portable-Thermal-Printer-\u2013-A421-8x12.webp 8w, https:\/\/www.aiyin.com\/wp-content\/uploads\/2025\/02\/Details-of-A4-Portable-Thermal-Printer-\u2013-A421-600x849.webp 600w\" sizes=\"(max-width: 905px) 100vw, 905px\" \/><\/figure>","protected":false},"excerpt":{"rendered":"<p>La impresora t\u00e9rmica port\u00e1til A4 mayorista A42 est\u00e1 dise\u00f1ada para empresarios y estudiantes que buscan una impresora fiable y de bajo coste de mantenimiento. Esta impresora es peque\u00f1a y ligera, equipada con una potente bater\u00eda de 1800 mAh y puerto de carga r\u00e1pida Tipo-C, perfecta para la oficina m\u00f3vil. Este producto admite OEM y ODM, p\u00f3ngase en contacto con nosotros para obtener un presupuesto.<\/p>\n<h2>Caracter\u00edsticas de la impresora t\u00e9rmica port\u00e1til A4 - A42<\/h2>\n<div>\n<p><strong>Bajo coste de mantenimiento:<\/strong> La impresora t\u00e9rmica port\u00e1til A4 puede imprimir sin tinta, eliminando los problemas de limpieza de boquillas y obstrucci\u00f3n de tinta, especialmente adecuada para escenas de aprendizaje u oficina con impresi\u00f3n frecuente.<\/p>\n<p><strong>Port\u00e1til y f\u00e1cil de usar:<\/strong> La impresora t\u00e9rmica port\u00e1til A4 - A42 tiene un tama\u00f1o compacto y pesa s\u00f3lo 680 g (unas dos latas de Coca-Cola), por lo que puede guardarse f\u00e1cilmente en una mochila y llevarse a viajes de negocios y a clase.<\/p>\n<p><strong>Bater\u00eda integrada:<\/strong> Bater\u00eda incorporada de 1800mAh de gran capacidad, equipada con carga r\u00e1pida Tipo-C, para lograr una larga duraci\u00f3n de la bater\u00eda.<\/p>\n<p><strong>Diversos escenarios de uso:<\/strong> Admite la impresi\u00f3n de documentos, patrones, fotos, ilustraciones e incluso pegatinas de tatuajes DIY.<\/p>\n<\/div>","protected":false},"featured_media":4800,"comment_status":"closed","ping_status":"closed","template":"","meta":{"_acf_changed":true},"product_brand":[],"product_cat":[21],"product_tag":[],"class_list":{"0":"post-4746","1":"product","2":"type-product","3":"status-publish","4":"has-post-thumbnail","6":"product_cat-home-office-printer","7":"pa_function-letter-a4-thermal-printer","8":"pa_print-width-8-inches","10":"first","11":"instock","12":"shipping-taxable","13":"product-type-simple"},"acf":[],"_links":{"self":[{"href":"https:\/\/www.aiyin.com\/es\/wp-json\/wp\/v2\/product\/4746","targetHints":{"allow":["GET"]}}],"collection":[{"href":"https:\/\/www.aiyin.com\/es\/wp-json\/wp\/v2\/product"}],"about":[{"href":"https:\/\/www.aiyin.com\/es\/wp-json\/wp\/v2\/types\/product"}],"replies":[{"embeddable":true,"href":"https:\/\/www.aiyin.com\/es\/wp-json\/wp\/v2\/comments?post=4746"}],"wp:featuredmedia":[{"embeddable":true,"href":"https:\/\/www.aiyin.com\/es\/wp-json\/wp\/v2\/media\/4800"}],"wp:attachment":[{"href":"https:\/\/www.aiyin.com\/es\/wp-json\/wp\/v2\/media?parent=4746"}],"wp:term":[{"taxonomy":"product_brand","embeddable":true,"href":"https:\/\/www.aiyin.com\/es\/wp-json\/wp\/v2\/product_brand?post=4746"},{"taxonomy":"product_cat","embeddable":true,"href":"https:\/\/www.aiyin.com\/es\/wp-json\/wp\/v2\/product_cat?post=4746"},{"taxonomy":"product_tag","embeddable":true,"href":"https:\/\/www.aiyin.com\/es\/wp-json\/wp\/v2\/product_tag?post=4746"}],"curies":[{"name":"wp","href":"https:\/\/api.w.org\/{rel}","templated":true}]}}