{"id":4424,"date":"2025-02-21T09:00:50","date_gmt":"2025-02-21T09:00:50","guid":{"rendered":"https:\/\/www.aiyin.com\/?post_type=product&#038;p=4424"},"modified":"2025-04-21T02:25:27","modified_gmt":"2025-04-21T02:25:27","slug":"wholesale-4-inches-bluetooth-shipping-label-printer-e41","status":"publish","type":"product","link":"https:\/\/www.aiyin.com\/es\/product\/wholesale-4-inches-bluetooth-shipping-label-printer-e41\/","title":{"rendered":"Mayorista Impresora de Etiquetas de Env\u00edo Bluetooth de 4 pulgadas - E41, Excelente Impresora de Etiquetas UPS, Impresora de Etiquetas FedEx"},"content":{"rendered":"<h2 class=\"wp-block-heading\">Detalles de la impresora Bluetooth de etiquetas de env\u00edo - E41<\/h2>\n\n\n\n<hr class=\"wp-block-separator has-alpha-channel-opacity\"\/>\n\n\n\n<figure class=\"wp-block-image size-large\"><img decoding=\"async\" width=\"1277\" height=\"1280\" src=\"https:\/\/www.aiyin.com\/wp-content\/uploads\/2025\/04\/E41-11-1277x1280.webp\" alt=\"\" class=\"wp-image-4425\" srcset=\"https:\/\/www.aiyin.com\/wp-content\/uploads\/2025\/04\/E41-11-1277x1280.webp 1277w, https:\/\/www.aiyin.com\/wp-content\/uploads\/2025\/04\/E41-11-150x150.webp 150w, https:\/\/www.aiyin.com\/wp-content\/uploads\/2025\/04\/E41-11-768x770.webp 768w, https:\/\/www.aiyin.com\/wp-content\/uploads\/2025\/04\/E41-11-12x12.webp 12w, https:\/\/www.aiyin.com\/wp-content\/uploads\/2025\/04\/E41-11-300x300.webp 300w, https:\/\/www.aiyin.com\/wp-content\/uploads\/2025\/04\/E41-11-600x602.webp 600w, https:\/\/www.aiyin.com\/wp-content\/uploads\/2025\/04\/E41-11-100x100.webp 100w\" sizes=\"(max-width: 1277px) 100vw, 1277px\" \/><\/figure>","protected":false},"excerpt":{"rendered":"<p>Impresora profesional de etiquetas en rollo de 4 pulgadas al por mayor, la E41 ofrece m\u00e1s ventajas para la impresi\u00f3n de etiquetas de alta demanda. Cuenta con una alineaci\u00f3n inteligente y una tecnolog\u00eda de sensores precisa para garantizar un funcionamiento fluido y eficiente. Compatible con una amplia gama de materiales y sistemas operativos, dise\u00f1ada para ser fiable y f\u00e1cil de usar, es la soluci\u00f3n perfecta para la impresi\u00f3n de etiquetas a granel (incluyendo etiquetas de UPS y FedEx). El fabricante de etiquetas AiYin ofrece servicios profesionales de OEM y ODM, p\u00f3ngase en contacto con nosotros para solicitar un presupuesto.<\/p>\n<h2>Caracter\u00edsticas de la impresora profesional de etiquetas en rollo de 4 pulgadas - E41<\/h2>\n<div>\n<p><strong>Impresi\u00f3n de alta velocidad: <\/strong>Impresora de etiquetas de env\u00edo - E41 admite la impresi\u00f3n r\u00e1pida de etiquetas, adecuada para entornos con grandes vol\u00famenes de pedidos de env\u00edo e impresi\u00f3n de pedidos.<\/p>\n<p><strong>Amplia compatibilidad:<\/strong> Compatible con las principales plataformas log\u00edsticas como UPS y FedEx, as\u00ed como con plataformas de comercio electr\u00f3nico populares como Shopify, Amazon y eBay. Esto hace que sea flexible para satisfacer diferentes necesidades empresariales.<\/p>\n<p><strong>Fiable y duradero:<\/strong> La E41 se ha fabricado para ofrecer un rendimiento duradero y resistir el uso diario en entornos de gran actividad. Es robusta y duradera, lo que garantiza que pueda satisfacer las necesidades de las operaciones de env\u00edo a gran velocidad.<\/p>\n<p><strong>F\u00e1cil configuraci\u00f3n y funcionamiento:<\/strong> Incluso los usuarios con menos experiencia t\u00e9cnica pueden configurarla y utilizarla f\u00e1cilmente. El emparejamiento Bluetooth es r\u00e1pido y el dise\u00f1o intuitivo permite imprimir sin complicaciones.<\/p>\n<p><strong>Admite OEM y ODM:<\/strong> El fabricante de impresoras de etiquetas de env\u00edo AiYin proporciona soporte OEM y ODM para ayudarle a construir su impresora de etiquetas de env\u00edo de marca.<\/p>\n<\/div>","protected":false},"featured_media":4427,"comment_status":"closed","ping_status":"closed","template":"","meta":{"_acf_changed":true},"product_brand":[],"product_cat":[38],"product_tag":[],"class_list":{"0":"post-4424","1":"product","2":"type-product","3":"status-publish","4":"has-post-thumbnail","6":"product_cat-shipping-label-printer","7":"pa_industrial-grade-no","8":"pa_paper-bin-without-paper-bin","9":"pa_print-width-4-inches","11":"first","12":"instock","13":"shipping-taxable","14":"product-type-simple"},"acf":[],"_links":{"self":[{"href":"https:\/\/www.aiyin.com\/es\/wp-json\/wp\/v2\/product\/4424","targetHints":{"allow":["GET"]}}],"collection":[{"href":"https:\/\/www.aiyin.com\/es\/wp-json\/wp\/v2\/product"}],"about":[{"href":"https:\/\/www.aiyin.com\/es\/wp-json\/wp\/v2\/types\/product"}],"replies":[{"embeddable":true,"href":"https:\/\/www.aiyin.com\/es\/wp-json\/wp\/v2\/comments?post=4424"}],"wp:featuredmedia":[{"embeddable":true,"href":"https:\/\/www.aiyin.com\/es\/wp-json\/wp\/v2\/media\/4427"}],"wp:attachment":[{"href":"https:\/\/www.aiyin.com\/es\/wp-json\/wp\/v2\/media?parent=4424"}],"wp:term":[{"taxonomy":"product_brand","embeddable":true,"href":"https:\/\/www.aiyin.com\/es\/wp-json\/wp\/v2\/product_brand?post=4424"},{"taxonomy":"product_cat","embeddable":true,"href":"https:\/\/www.aiyin.com\/es\/wp-json\/wp\/v2\/product_cat?post=4424"},{"taxonomy":"product_tag","embeddable":true,"href":"https:\/\/www.aiyin.com\/es\/wp-json\/wp\/v2\/product_tag?post=4424"}],"curies":[{"name":"wp","href":"https:\/\/api.w.org\/{rel}","templated":true}]}}