{"id":4418,"date":"2025-02-17T04:01:25","date_gmt":"2025-02-17T04:01:25","guid":{"rendered":"https:\/\/www.aiyin.com\/?post_type=product&#038;p=4418"},"modified":"2025-04-21T02:29:34","modified_gmt":"2025-04-21T02:29:34","slug":"wholesale-4-inches-desktop-thermal-transfer-printer-at241-341","status":"publish","type":"product","link":"https:\/\/www.aiyin.com\/es\/product\/wholesale-4-inches-desktop-thermal-transfer-printer-at241-341\/","title":{"rendered":"Mayorista Impresora de Transferencia T\u00e9rmica de Sobremesa de 4 pulgadas - AT241 \/ 341, Admite Impresi\u00f3n por Transferencia T\u00e9rmica y T\u00e9rmica Directa"},"content":{"rendered":"<h2 class=\"wp-block-heading\">Detalles de la impresora de cinta de transferencia t\u00e9rmica de sobremesa - AT241 \/ 341 <\/h2>\n\n\n\n<hr class=\"wp-block-separator has-alpha-channel-opacity\"\/>\n\n\n\n<figure class=\"wp-block-image size-large\"><img decoding=\"async\" width=\"1273\" height=\"1280\" src=\"https:\/\/www.aiyin.com\/wp-content\/uploads\/2025\/04\/AT241-11-1273x1280.webp\" alt=\"\" class=\"wp-image-4419\" srcset=\"https:\/\/www.aiyin.com\/wp-content\/uploads\/2025\/04\/AT241-11-1273x1280.webp 1273w, https:\/\/www.aiyin.com\/wp-content\/uploads\/2025\/04\/AT241-11-150x150.webp 150w, https:\/\/www.aiyin.com\/wp-content\/uploads\/2025\/04\/AT241-11-768x772.webp 768w, https:\/\/www.aiyin.com\/wp-content\/uploads\/2025\/04\/AT241-11-12x12.webp 12w, https:\/\/www.aiyin.com\/wp-content\/uploads\/2025\/04\/AT241-11-600x603.webp 600w, https:\/\/www.aiyin.com\/wp-content\/uploads\/2025\/04\/AT241-11-100x100.webp 100w\" sizes=\"(max-width: 1273px) 100vw, 1273px\" \/><\/figure>","protected":false},"excerpt":{"rendered":"<p>La impresora mayorista de transferencia t\u00e9rmica de sobremesa de 4 pulgadas, admite los modos de impresi\u00f3n de transferencia t\u00e9rmica y t\u00e9rmica directa, tiene una bandeja de papel de gran capacidad, un cabezal de impresi\u00f3n de alta calidad y ofrece m\u00faltiples opciones de conexi\u00f3n. Proporciona una soluci\u00f3n fiable para las necesidades de impresi\u00f3n de etiquetas de gran volumen. Admite OEM y ODM, p\u00f3ngase en contacto con nosotros para solicitar un presupuesto.<\/p>\n<h2>Caracter\u00edsticas de la impresora de transferencia t\u00e9rmica de sobremesa - AT241 \/ 341\u00a0<\/h2>\n<div>\n<p><strong>Modo de impresi\u00f3n dual:<\/strong> La AT241\/341 ofrece modos de impresi\u00f3n por transferencia t\u00e9rmica y t\u00e9rmica directa, lo que permite a las empresas alternar f\u00e1cilmente entre los modos de impresi\u00f3n en un solo dispositivo en funci\u00f3n de sus necesidades espec\u00edficas.<\/p>\n<p><strong>Cabezal de impresi\u00f3n de alta calidad:<\/strong> La AT241\/341 est\u00e1 equipada con un cabezal de impresi\u00f3n de alta gama que proporciona una impresi\u00f3n clara y de alta resoluci\u00f3n, garantizando que los c\u00f3digos de barras, el texto y los gr\u00e1ficos sean claros y f\u00e1ciles de leer.<\/p>\n<p><strong>Bandeja de papel de gran capacidad:<\/strong> La impresora de transferencia t\u00e9rmica est\u00e1 equipada con una bandeja de papel de gran capacidad para reducir la frecuencia de los cambios de papel, lo que la hace ideal para ubicaciones como almacenes, plantas de fabricaci\u00f3n o centros de distribuci\u00f3n minorista.<\/p>\n<p><strong>M\u00faltiples interfaces de comunicaci\u00f3n:<\/strong> La impresora por termotransferencia AT241\/341 est\u00e1 equipada con una serie de opciones de comunicaci\u00f3n, como USB, bluetooth, puertos serie y puertos de red, que pueden adaptarse f\u00e1cilmente a su configuraci\u00f3n y proporcionar siempre una conexi\u00f3n fiable.<\/p>\n<\/div>","protected":false},"featured_media":4422,"comment_status":"closed","ping_status":"closed","template":"","meta":{"_acf_changed":true},"product_brand":[],"product_cat":[20],"product_tag":[],"class_list":{"0":"post-4418","1":"product","2":"type-product","3":"status-publish","4":"has-post-thumbnail","6":"product_cat-thermal-transfer-printer","7":"pa_industrial-grade-no","8":"pa_paper-bin-with-paper-bin","9":"pa_print-width-4-inches","11":"first","12":"instock","13":"shipping-taxable","14":"product-type-simple"},"acf":[],"_links":{"self":[{"href":"https:\/\/www.aiyin.com\/es\/wp-json\/wp\/v2\/product\/4418","targetHints":{"allow":["GET"]}}],"collection":[{"href":"https:\/\/www.aiyin.com\/es\/wp-json\/wp\/v2\/product"}],"about":[{"href":"https:\/\/www.aiyin.com\/es\/wp-json\/wp\/v2\/types\/product"}],"replies":[{"embeddable":true,"href":"https:\/\/www.aiyin.com\/es\/wp-json\/wp\/v2\/comments?post=4418"}],"wp:featuredmedia":[{"embeddable":true,"href":"https:\/\/www.aiyin.com\/es\/wp-json\/wp\/v2\/media\/4422"}],"wp:attachment":[{"href":"https:\/\/www.aiyin.com\/es\/wp-json\/wp\/v2\/media?parent=4418"}],"wp:term":[{"taxonomy":"product_brand","embeddable":true,"href":"https:\/\/www.aiyin.com\/es\/wp-json\/wp\/v2\/product_brand?post=4418"},{"taxonomy":"product_cat","embeddable":true,"href":"https:\/\/www.aiyin.com\/es\/wp-json\/wp\/v2\/product_cat?post=4418"},{"taxonomy":"product_tag","embeddable":true,"href":"https:\/\/www.aiyin.com\/es\/wp-json\/wp\/v2\/product_tag?post=4418"}],"curies":[{"name":"wp","href":"https:\/\/api.w.org\/{rel}","templated":true}]}}