{"id":4409,"date":"2025-04-19T02:41:34","date_gmt":"2025-04-19T02:41:34","guid":{"rendered":"https:\/\/www.aiyin.com\/?post_type=product&#038;p=4409"},"modified":"2025-06-09T08:48:59","modified_gmt":"2025-06-09T08:48:59","slug":"wholesale-0-5-inches-mini-handheld-label-printer-d110","status":"publish","type":"product","link":"https:\/\/www.aiyin.com\/es\/product\/wholesale-0-5-inches-mini-handheld-label-printer-d110\/","title":{"rendered":"Mayorista Mini impresora port\u00e1til de etiquetas de 0,5 pulgadas - D110, conexi\u00f3n Bluetooth, admite pegatinas, c\u00f3digos de barras, c\u00f3digos QR y mucho m\u00e1s"},"content":{"rendered":"<h2 class=\"wp-block-heading\">Detalles de la mini impresora port\u00e1til de etiquetas - D110<\/h2>\n\n\n\n<hr class=\"wp-block-separator has-alpha-channel-opacity\"\/>\n\n\n\n<figure class=\"wp-block-image size-full\"><img decoding=\"async\" width=\"1722\" height=\"2436\" src=\"https:\/\/www.aiyin.com\/wp-content\/uploads\/2025\/04\/details_mini-label-printer-D110-1.webp\" alt=\"mini impresora de etiquetas D110 detalles\" class=\"wp-image-4705\" srcset=\"https:\/\/www.aiyin.com\/wp-content\/uploads\/2025\/04\/details_mini-label-printer-D110-1.webp 1722w, https:\/\/www.aiyin.com\/wp-content\/uploads\/2025\/04\/details_mini-label-printer-D110-1-905x1280.webp 905w, https:\/\/www.aiyin.com\/wp-content\/uploads\/2025\/04\/details_mini-label-printer-D110-1-768x1086.webp 768w, https:\/\/www.aiyin.com\/wp-content\/uploads\/2025\/04\/details_mini-label-printer-D110-1-8x12.webp 8w, https:\/\/www.aiyin.com\/wp-content\/uploads\/2025\/04\/details_mini-label-printer-D110-1-600x849.webp 600w\" sizes=\"(max-width: 1722px) 100vw, 1722px\" \/><\/figure>","protected":false},"excerpt":{"rendered":"<p>Mini impresora port\u00e1til de etiquetas al por mayor, adecuada para organizar suministros de oficina e inventario, tambi\u00e9n muy adecuada para diversas aplicaciones como etiquetar productos, art\u00edculos personales, a\u00f1adir c\u00f3digos de barras de productos, etc. Es una opci\u00f3n ideal para el hogar, oficina, organizaci\u00f3n y otros lugares. Soporta OEM y ODM, cont\u00e1ctenos para una cotizaci\u00f3n.<\/p>\n<h2>Caracter\u00edsticas de la mini impresora port\u00e1til de etiquetas - D110<\/h2>\n<div>\n<p><strong>Dise\u00f1o compacto y port\u00e1til:<\/strong> Ligera y port\u00e1til, la D110 es f\u00e1cil de transportar y guardar, y se puede poner f\u00e1cilmente en la mano, el bolso o el bolsillo para imprimir etiquetas en cualquier momento y lugar.<\/p>\n<p><strong>M\u00faltiples opciones de etiquetado:<\/strong> La mini impresora port\u00e1til de etiquetas es adecuada para imprimir muchos tipos de etiquetas, como etiquetas de productos, impresi\u00f3n de c\u00f3digos de barras, etiquetas de direcciones, etc.<\/p>\n<p><strong>Adecuada para peque\u00f1as tareas de etiquetado:<\/strong> Con un ancho de etiqueta de 0,5 pulgadas, la minietiquetadora port\u00e1til D110 es adecuada para etiquetar art\u00edculos peque\u00f1os como tarros, recipientes de especias, cuadernos o carpetas.<\/p>\n<p><strong>Opciones de embalaje personalizables:<\/strong> La disponibilidad de diferentes estilos de envasado (convencional y de supermercado al por menor) proporciona flexibilidad para los minoristas o el uso personal.<\/p>\n<p><strong>Admite personalizaci\u00f3n OEM y ODM:<\/strong> El fabricante de impresoras de etiquetas AiYIn admite la personalizaci\u00f3n OEM y ODM. Los clientes pueden personalizar soluciones de impresi\u00f3n de etiquetas \u00fanicas de acuerdo con su propia imagen de marca y requisitos espec\u00edficos.<\/p>\n<\/div>","protected":false},"featured_media":4708,"comment_status":"closed","ping_status":"closed","template":"","meta":{"_acf_changed":true},"product_brand":[],"product_cat":[21],"product_tag":[],"class_list":{"0":"post-4409","1":"product","2":"type-product","3":"status-publish","4":"has-post-thumbnail","6":"product_cat-home-office-printer","7":"pa_function-home-label-maker","8":"pa_function-mini-printer","9":"pa_print-width-0-5-inches","11":"first","12":"instock","13":"shipping-taxable","14":"product-type-simple"},"acf":[],"_links":{"self":[{"href":"https:\/\/www.aiyin.com\/es\/wp-json\/wp\/v2\/product\/4409","targetHints":{"allow":["GET"]}}],"collection":[{"href":"https:\/\/www.aiyin.com\/es\/wp-json\/wp\/v2\/product"}],"about":[{"href":"https:\/\/www.aiyin.com\/es\/wp-json\/wp\/v2\/types\/product"}],"replies":[{"embeddable":true,"href":"https:\/\/www.aiyin.com\/es\/wp-json\/wp\/v2\/comments?post=4409"}],"wp:featuredmedia":[{"embeddable":true,"href":"https:\/\/www.aiyin.com\/es\/wp-json\/wp\/v2\/media\/4708"}],"wp:attachment":[{"href":"https:\/\/www.aiyin.com\/es\/wp-json\/wp\/v2\/media?parent=4409"}],"wp:term":[{"taxonomy":"product_brand","embeddable":true,"href":"https:\/\/www.aiyin.com\/es\/wp-json\/wp\/v2\/product_brand?post=4409"},{"taxonomy":"product_cat","embeddable":true,"href":"https:\/\/www.aiyin.com\/es\/wp-json\/wp\/v2\/product_cat?post=4409"},{"taxonomy":"product_tag","embeddable":true,"href":"https:\/\/www.aiyin.com\/es\/wp-json\/wp\/v2\/product_tag?post=4409"}],"curies":[{"name":"wp","href":"https:\/\/api.w.org\/{rel}","templated":true}]}}