{"id":4400,"date":"2025-04-19T03:15:28","date_gmt":"2025-04-19T03:15:28","guid":{"rendered":"https:\/\/www.aiyin.com\/?post_type=product&#038;p=4400"},"modified":"2025-06-09T08:25:45","modified_gmt":"2025-06-09T08:25:45","slug":"wholesale-0-5-inches-mini-handheld-barcode-label-printer-d12","status":"publish","type":"product","link":"https:\/\/www.aiyin.com\/es\/product\/wholesale-0-5-inches-mini-handheld-barcode-label-printer-d12\/","title":{"rendered":"Mayorista Mini impresora port\u00e1til de etiquetas de c\u00f3digos de barras de 0,5 pulgadas - D12, conexi\u00f3n Bluetooth, admite pegatinas, c\u00f3digos de barras, c\u00f3digos QR y mucho m\u00e1s"},"content":{"rendered":"<h2 class=\"wp-block-heading\">Detalles de la Mini impresora port\u00e1til de etiquetas de c\u00f3digos de barras - D12<\/h2>\n\n\n\n<hr class=\"wp-block-separator has-alpha-channel-opacity\"\/>\n\n\n\n<figure class=\"wp-block-image size-full\"><img decoding=\"async\" width=\"905\" height=\"1280\" src=\"https:\/\/www.aiyin.com\/wp-content\/uploads\/2025\/04\/Details_Mini-Handheld-Printer-D12-1.webp\" alt=\"Detalles_Mini impresora port\u00e1til D12 (1)\" class=\"wp-image-4690\" srcset=\"https:\/\/www.aiyin.com\/wp-content\/uploads\/2025\/04\/Details_Mini-Handheld-Printer-D12-1.webp 905w, https:\/\/www.aiyin.com\/wp-content\/uploads\/2025\/04\/Details_Mini-Handheld-Printer-D12-1-768x1086.webp 768w, https:\/\/www.aiyin.com\/wp-content\/uploads\/2025\/04\/Details_Mini-Handheld-Printer-D12-1-8x12.webp 8w, https:\/\/www.aiyin.com\/wp-content\/uploads\/2025\/04\/Details_Mini-Handheld-Printer-D12-1-600x849.webp 600w\" sizes=\"(max-width: 905px) 100vw, 905px\" \/><\/figure>","protected":false},"excerpt":{"rendered":"<p>Venta al por mayor mini impresora port\u00e1til de etiquetas D12, adecuado para el hogar, oficina, organizaci\u00f3n, y otros lugares, que le ayuda a gestionar los elementos de manera eficiente. Aiyin App proporciona plantillas ricas, incluyendo etiquetas de c\u00f3digos de barras, etiquetas de precios y texto personalizado, y es compatible con la conexi\u00f3n Bluetooth. Le ayuda a crear etiquetas de manera eficiente. P\u00f3ngase en contacto con nosotros para la compra al por mayor.<\/p>\n<h2>Caracter\u00edsticas de la mini impresora port\u00e1til de etiquetas de c\u00f3digos de barras - D12<\/h2>\n<div>\n<p><strong>Amplia gama de aplicaciones:<\/strong> La mini impresora port\u00e1til de etiquetas de c\u00f3digos de barras es adecuada para imprimir etiquetas peque\u00f1as y concisas para diversos fines, como crear etiquetas de c\u00f3digos de barras, imprimir etiquetas de precios de alimentos, etc.<\/p>\n<p><strong>Etiquetado personalizable:<\/strong> Proporcionamos asistencia profesional para App, lo que le permite imprimir c\u00f3digos de barras, texto y logotipos en diversos materiales para etiquetas.<\/p>\n<p><strong>Dise\u00f1o port\u00e1til:<\/strong> La D12 tiene un tama\u00f1o reducido, por lo que esta mini impresora es f\u00e1cil de transportar a distintos lugares y se puede guardar f\u00e1cilmente cuando no se utiliza.<\/p>\n<p><strong>Admite OEM y ODM:<\/strong> Ofrecemos servicios de impresora de etiquetas personalizada OEM y ODM para ayudarle a crear una impresora de etiquetas de marca.<\/p>\n<\/div>","protected":false},"featured_media":4692,"comment_status":"closed","ping_status":"closed","template":"","meta":{"_acf_changed":true},"product_brand":[],"product_cat":[21],"product_tag":[130,129],"class_list":{"0":"post-4400","1":"product","2":"type-product","3":"status-publish","4":"has-post-thumbnail","6":"product_cat-home-office-printer","7":"product_tag-0-5inch","8":"product_tag-stylish-printer","9":"pa_function-home-label-maker","10":"pa_function-mini-printer","11":"pa_print-width-0-5-inches","13":"first","14":"instock","15":"shipping-taxable","16":"product-type-simple"},"acf":[],"_links":{"self":[{"href":"https:\/\/www.aiyin.com\/es\/wp-json\/wp\/v2\/product\/4400","targetHints":{"allow":["GET"]}}],"collection":[{"href":"https:\/\/www.aiyin.com\/es\/wp-json\/wp\/v2\/product"}],"about":[{"href":"https:\/\/www.aiyin.com\/es\/wp-json\/wp\/v2\/types\/product"}],"replies":[{"embeddable":true,"href":"https:\/\/www.aiyin.com\/es\/wp-json\/wp\/v2\/comments?post=4400"}],"wp:featuredmedia":[{"embeddable":true,"href":"https:\/\/www.aiyin.com\/es\/wp-json\/wp\/v2\/media\/4692"}],"wp:attachment":[{"href":"https:\/\/www.aiyin.com\/es\/wp-json\/wp\/v2\/media?parent=4400"}],"wp:term":[{"taxonomy":"product_brand","embeddable":true,"href":"https:\/\/www.aiyin.com\/es\/wp-json\/wp\/v2\/product_brand?post=4400"},{"taxonomy":"product_cat","embeddable":true,"href":"https:\/\/www.aiyin.com\/es\/wp-json\/wp\/v2\/product_cat?post=4400"},{"taxonomy":"product_tag","embeddable":true,"href":"https:\/\/www.aiyin.com\/es\/wp-json\/wp\/v2\/product_tag?post=4400"}],"curies":[{"name":"wp","href":"https:\/\/api.w.org\/{rel}","templated":true}]}}