{"id":4382,"date":"2025-02-24T01:34:06","date_gmt":"2025-02-24T01:34:06","guid":{"rendered":"https:\/\/www.aiyin.com\/?post_type=product&#038;p=4382"},"modified":"2025-06-09T09:55:28","modified_gmt":"2025-06-09T09:55:28","slug":"wholesale-2-inches-inkless-instant-photo-and-label-printer-b22s","status":"publish","type":"product","link":"https:\/\/www.aiyin.com\/es\/product\/wholesale-2-inches-inkless-instant-photo-and-label-printer-b22s\/","title":{"rendered":"Mayorista Impresora instant\u00e1nea de fotos y etiquetas de 2 pulgadas sin tinta - B22s, Soporta OEM y ODM"},"content":{"rendered":"<h2 class=\"wp-block-heading\">Detalles de la impresora instant\u00e1nea de fotos y etiquetas sin tinta - B22s<\/h2>\n\n\n\n<hr class=\"wp-block-separator has-alpha-channel-opacity\"\/>\n\n\n\n<figure class=\"wp-block-image size-large\"><img decoding=\"async\" width=\"905\" height=\"1280\" src=\"https:\/\/www.aiyin.com\/wp-content\/uploads\/2025\/04\/B22s-11-905x1280.webp\" alt=\"\" class=\"wp-image-4383\" srcset=\"https:\/\/www.aiyin.com\/wp-content\/uploads\/2025\/04\/B22s-11-905x1280.webp 905w, https:\/\/www.aiyin.com\/wp-content\/uploads\/2025\/04\/B22s-11-768x1086.webp 768w, https:\/\/www.aiyin.com\/wp-content\/uploads\/2025\/04\/B22s-11-8x12.webp 8w, https:\/\/www.aiyin.com\/wp-content\/uploads\/2025\/04\/B22s-11-600x849.webp 600w, https:\/\/www.aiyin.com\/wp-content\/uploads\/2025\/04\/B22s-11.webp 1722w\" sizes=\"(max-width: 905px) 100vw, 905px\" \/><\/figure>","protected":false},"excerpt":{"rendered":"<p>Impresora instant\u00e1nea de fotos y etiquetas de 2 pulgadas sin tinta - B22s. Efectivamente satisfacer todas sus necesidades de impresi\u00f3n m\u00f3vil, con conectividad inal\u00e1mbrica bluetooth, los usuarios pueden imprimir f\u00e1cilmente directamente desde sus tel\u00e9fonos inteligentes o tabletas. Impresora de etiquetas b22s est\u00e1 disponible en colores de moda como el blanco puro, verde vibrante y rosa melocot\u00f3n. Apoyo OEM y ODM, recepci\u00f3n para entrarnos en contacto con para una cita.<\/p>\n<h2>Caracter\u00edsticas de la impresora instant\u00e1nea de fotos y etiquetas sin tinta - B22s<\/h2>\n<div>\n<p><strong>Vers\u00e1til:<\/strong> Esta impresora instant\u00e1nea de fotos y etiquetas sin tinta puede imprimir etiquetas, patrones, fotos, etc., y una sola m\u00e1quina puede realizar m\u00faltiples tareas.<\/p>\n<p><strong>Conexi\u00f3n inal\u00e1mbrica Bluetooth:<\/strong> Nuestra impresora instant\u00e1nea de fotos y etiquetas sin tinta admite conexi\u00f3n Bluetooth, lo que permite imprimir de forma inal\u00e1mbrica desde smartphones o tablets, proporcionando mayor flexibilidad y libertad.<\/p>\n<p><strong>M\u00faltiples plantillas:<\/strong> AiYin proporciona una aplicaci\u00f3n de funcionamiento inteligente que admite una gran variedad de plantillas, lo que enriquece las posibilidades creativas de los usuarios a la hora de escribir, organizar y producir.<\/p>\n<p><strong>Duraci\u00f3n suficiente de la bater\u00eda:<\/strong> La impresora de etiquetas est\u00e1 equipada con una bater\u00eda de 1200 mAh de capacidad, que proporciona energ\u00eda suficiente para un uso prolongado, permitiendo a los usuarios imprimir varios proyectos antes de tener que recargarla.<\/p>\n<p><strong>Elegantes opciones de color:<\/strong> La impresora de etiquetas est\u00e1 disponible en varios colores, como blanco puro, verde vibrante y melocot\u00f3n, para satisfacer el estilo y las preferencias personales.<\/p>\n<\/div>","protected":false},"featured_media":4717,"comment_status":"closed","ping_status":"closed","template":"","meta":{"_acf_changed":true},"product_brand":[],"product_cat":[21],"product_tag":[],"class_list":{"0":"post-4382","1":"product","2":"type-product","3":"status-publish","4":"has-post-thumbnail","6":"product_cat-home-office-printer","7":"pa_function-mini-printer","8":"pa_print-width-2-inches","10":"first","11":"instock","12":"shipping-taxable","13":"product-type-simple"},"acf":[],"_links":{"self":[{"href":"https:\/\/www.aiyin.com\/es\/wp-json\/wp\/v2\/product\/4382","targetHints":{"allow":["GET"]}}],"collection":[{"href":"https:\/\/www.aiyin.com\/es\/wp-json\/wp\/v2\/product"}],"about":[{"href":"https:\/\/www.aiyin.com\/es\/wp-json\/wp\/v2\/types\/product"}],"replies":[{"embeddable":true,"href":"https:\/\/www.aiyin.com\/es\/wp-json\/wp\/v2\/comments?post=4382"}],"wp:featuredmedia":[{"embeddable":true,"href":"https:\/\/www.aiyin.com\/es\/wp-json\/wp\/v2\/media\/4717"}],"wp:attachment":[{"href":"https:\/\/www.aiyin.com\/es\/wp-json\/wp\/v2\/media?parent=4382"}],"wp:term":[{"taxonomy":"product_brand","embeddable":true,"href":"https:\/\/www.aiyin.com\/es\/wp-json\/wp\/v2\/product_brand?post=4382"},{"taxonomy":"product_cat","embeddable":true,"href":"https:\/\/www.aiyin.com\/es\/wp-json\/wp\/v2\/product_cat?post=4382"},{"taxonomy":"product_tag","embeddable":true,"href":"https:\/\/www.aiyin.com\/es\/wp-json\/wp\/v2\/product_tag?post=4382"}],"curies":[{"name":"wp","href":"https:\/\/api.w.org\/{rel}","templated":true}]}}