{"id":4368,"date":"2025-02-20T10:22:58","date_gmt":"2025-02-20T10:22:58","guid":{"rendered":"https:\/\/www.aiyin.com\/?post_type=product&#038;p=4368"},"modified":"2025-06-16T02:16:14","modified_gmt":"2025-06-16T02:16:14","slug":"wholesale-a4-portable-thermal-printer-a41","status":"publish","type":"product","link":"https:\/\/www.aiyin.com\/es\/product\/wholesale-a4-portable-thermal-printer-a41\/","title":{"rendered":"Mayorista Impresora T\u00e9rmica Port\u00e1til A4 - A41, Impresi\u00f3n n\u00edtida, Admite M\u00faltiples M\u00e9todos de Conexi\u00f3n, Ofrece Software de Edici\u00f3n"},"content":{"rendered":"<h2 class=\"wp-block-heading\">Detalles de la impresora t\u00e9rmica port\u00e1til A4 - A41<\/h2>\n\n\n\n<hr class=\"wp-block-separator has-alpha-channel-opacity\"\/>\n\n\n\n<figure class=\"wp-block-image size-large\"><img decoding=\"async\" width=\"905\" height=\"1280\" src=\"https:\/\/www.aiyin.com\/wp-content\/uploads\/2025\/04\/A41-11-905x1280.webp\" alt=\"\" class=\"wp-image-4369\" srcset=\"https:\/\/www.aiyin.com\/wp-content\/uploads\/2025\/04\/A41-11-905x1280.webp 905w, https:\/\/www.aiyin.com\/wp-content\/uploads\/2025\/04\/A41-11-768x1086.webp 768w, https:\/\/www.aiyin.com\/wp-content\/uploads\/2025\/04\/A41-11-8x12.webp 8w, https:\/\/www.aiyin.com\/wp-content\/uploads\/2025\/04\/A41-11-600x849.webp 600w, https:\/\/www.aiyin.com\/wp-content\/uploads\/2025\/04\/A41-11.webp 1722w\" sizes=\"(max-width: 905px) 100vw, 905px\" \/><\/figure>","protected":false},"excerpt":{"rendered":"<p>Impresora t\u00e9rmica A4 al por mayor, la impresora t\u00e9rmica A4 es una opci\u00f3n ideal para que las empresas simplifiquen los procesos de impresi\u00f3n. No requiere tinta ni t\u00f3ner. Es econ\u00f3mica y f\u00e1cil de mantener. Puede imprimir facturas, etiquetas, documentos y otros contenidos. Ofrecemos opciones flexibles de venta al por mayor para garantizarle pedidos al por mayor al mejor precio. P\u00f3ngase en contacto con nosotros.<\/p>\n<h2>Caracter\u00edsticas de la impresora t\u00e9rmica port\u00e1til A4 - A41<\/h2>\n<div>\n<p><strong>F\u00e1cil de usar:<\/strong> Las impresoras t\u00e9rmicas A4 de AiYin son f\u00e1ciles de usar. Las empresas pueden integrarlas r\u00e1pidamente en los sistemas existentes sin necesidad de conocimientos t\u00e9cnicos.<\/p>\n<p><strong>Compatibilidad con aplicaciones:<\/strong> Los usuarios pueden descargar las aplicaciones de AiYin desde plataformas como App Store y Google Play para gestionar f\u00e1cilmente las tareas de impresi\u00f3n.<\/p>\n<p><strong>Bajo coste de mantenimiento:<\/strong> Las impresoras t\u00e9rmicas est\u00e1n dise\u00f1adas pensando en la simplicidad. Las impresoras t\u00e9rmicas tienen menos piezas m\u00f3viles, lo que reduce la probabilidad de fallos mec\u00e1nicos y reduce las costosas reparaciones.<\/p>\n<p><strong>Funcionamiento silencioso:<\/strong> Las impresoras t\u00e9rmicas A4 son silenciosas, por lo que resultan ideales para empresas que valoran un entorno silencioso y profesional.<\/p>\n<\/div>","protected":false},"featured_media":4371,"comment_status":"closed","ping_status":"closed","template":"","meta":{"_acf_changed":true},"product_brand":[],"product_cat":[21],"product_tag":[],"class_list":{"0":"post-4368","1":"product","2":"type-product","3":"status-publish","4":"has-post-thumbnail","6":"product_cat-home-office-printer","7":"pa_function-letter-a4-thermal-printer","8":"pa_print-width-8-inches","10":"first","11":"instock","12":"shipping-taxable","13":"product-type-simple"},"acf":[],"_links":{"self":[{"href":"https:\/\/www.aiyin.com\/es\/wp-json\/wp\/v2\/product\/4368","targetHints":{"allow":["GET"]}}],"collection":[{"href":"https:\/\/www.aiyin.com\/es\/wp-json\/wp\/v2\/product"}],"about":[{"href":"https:\/\/www.aiyin.com\/es\/wp-json\/wp\/v2\/types\/product"}],"replies":[{"embeddable":true,"href":"https:\/\/www.aiyin.com\/es\/wp-json\/wp\/v2\/comments?post=4368"}],"wp:featuredmedia":[{"embeddable":true,"href":"https:\/\/www.aiyin.com\/es\/wp-json\/wp\/v2\/media\/4371"}],"wp:attachment":[{"href":"https:\/\/www.aiyin.com\/es\/wp-json\/wp\/v2\/media?parent=4368"}],"wp:term":[{"taxonomy":"product_brand","embeddable":true,"href":"https:\/\/www.aiyin.com\/es\/wp-json\/wp\/v2\/product_brand?post=4368"},{"taxonomy":"product_cat","embeddable":true,"href":"https:\/\/www.aiyin.com\/es\/wp-json\/wp\/v2\/product_cat?post=4368"},{"taxonomy":"product_tag","embeddable":true,"href":"https:\/\/www.aiyin.com\/es\/wp-json\/wp\/v2\/product_tag?post=4368"}],"curies":[{"name":"wp","href":"https:\/\/api.w.org\/{rel}","templated":true}]}}