{"id":4360,"date":"2025-02-20T09:20:51","date_gmt":"2025-02-20T09:20:51","guid":{"rendered":"https:\/\/www.aiyin.com\/?post_type=product&#038;p=4360"},"modified":"2025-06-16T02:11:44","modified_gmt":"2025-06-16T02:11:44","slug":"wholesale-thermal-printer-for-tattoos-a9","status":"publish","type":"product","link":"https:\/\/www.aiyin.com\/es\/product\/wholesale-thermal-printer-for-tattoos-a9\/","title":{"rendered":"Mayorista de Impresoras T\u00e9rmicas para Tatuajes A9s - con Opciones de Dise\u00f1o Personalizables y Amplia Librer\u00eda de Plantillas"},"content":{"rendered":"<h2 class=\"wp-block-heading\" id=\"block-6f2e5961-43bf-4743-b305-1d1915b1225b\">Detalles de la impresora t\u00e9rmica para tatuajes - A9s<\/h2>\n\n\n\n<hr class=\"wp-block-separator has-alpha-channel-opacity\"\/>\n\n\n<style>.kb-image4360_910a4a-ee .kb-image-has-overlay:after{opacity:0.3;}<\/style>\n<figure class=\"wp-block-kadence-image kb-image4360_910a4a-ee size-large\"><img decoding=\"async\" width=\"905\" height=\"1280\" src=\"https:\/\/www.aiyin.com\/wp-content\/uploads\/2025\/02\/A9s-1-905x1280.webp\" alt=\"\" class=\"kb-img wp-image-4745\" srcset=\"https:\/\/www.aiyin.com\/wp-content\/uploads\/2025\/02\/A9s-1-905x1280.webp 905w, https:\/\/www.aiyin.com\/wp-content\/uploads\/2025\/02\/A9s-1-768x1086.webp 768w, https:\/\/www.aiyin.com\/wp-content\/uploads\/2025\/02\/A9s-1-8x12.webp 8w, https:\/\/www.aiyin.com\/wp-content\/uploads\/2025\/02\/A9s-1-600x848.webp 600w\" sizes=\"(max-width: 905px) 100vw, 905px\" \/><\/figure>","protected":false},"excerpt":{"rendered":"<p>Impresora t\u00e9rmica de tatuajes A9s al por mayor, imprime conect\u00e1ndote a la App, la App tiene una rica biblioteca de plantillas de tatuajes pre-hechas, simplificando el proceso de creaci\u00f3n de tatuajes. Ofrecemos precios al por mayor muy competitivos y opciones personalizables, recepci\u00f3n para entrarnos en contacto con.<\/p>\n<h2>Caracter\u00edsticas de la impresora t\u00e9rmica para tatuajes - A9s<\/h2>\n<div><strong>Impresi\u00f3n de alta velocidad:<\/strong> La impresora t\u00e9rmica de tatuajes A9s puede imprimir r\u00e1pidamente dise\u00f1os de tatuajes de alta definici\u00f3n, ayudando a los usuarios a ahorrar tiempo y crear r\u00e1pidamente los mejores resultados.<\/div>\n<div><strong>Amplia biblioteca de plantillas:<\/strong> A9s proporciona una rica plantilla de tatuaje, que es conveniente para los usuarios seleccionar e imprimir varios patrones para satisfacer las necesidades de diferentes clientes.<\/div>\n<div><strong>F\u00e1cil de usar:<\/strong> AiYin proporciona control App de impresoras t\u00e9rmicas de tatuajes, con una interfaz de operaci\u00f3n simple, los usuarios pueden configurar y controlar f\u00e1cilmente el proceso de impresi\u00f3n, reduciendo la complejidad de la operaci\u00f3n.<\/div>\n<div><strong>Efecto de impresi\u00f3n de alta definici\u00f3n:<\/strong> El efecto de impresi\u00f3n de alta resoluci\u00f3n garantiza que cada dise\u00f1o de tatuaje pueda presentarse con detalle y claridad, reduciendo la posibilidad de que aparezcan motivos borrosos.<\/div>\n<div><strong>Fiable y duradero:<\/strong> El producto ha superado m\u00faltiples certificaciones internacionales como CE, ISO, UKCA, etc., y ofrece un servicio posventa profesional.<\/div>","protected":false},"featured_media":4361,"comment_status":"closed","ping_status":"closed","template":"","meta":{"_acf_changed":true},"product_brand":[],"product_cat":[21],"product_tag":[],"class_list":{"0":"post-4360","1":"product","2":"type-product","3":"status-publish","4":"has-post-thumbnail","6":"product_cat-home-office-printer","7":"pa_function-tattoo-stencil-printer","8":"pa_print-width-8-inches","10":"first","11":"instock","12":"shipping-taxable","13":"product-type-simple"},"acf":[],"_links":{"self":[{"href":"https:\/\/www.aiyin.com\/es\/wp-json\/wp\/v2\/product\/4360","targetHints":{"allow":["GET"]}}],"collection":[{"href":"https:\/\/www.aiyin.com\/es\/wp-json\/wp\/v2\/product"}],"about":[{"href":"https:\/\/www.aiyin.com\/es\/wp-json\/wp\/v2\/types\/product"}],"replies":[{"embeddable":true,"href":"https:\/\/www.aiyin.com\/es\/wp-json\/wp\/v2\/comments?post=4360"}],"wp:featuredmedia":[{"embeddable":true,"href":"https:\/\/www.aiyin.com\/es\/wp-json\/wp\/v2\/media\/4361"}],"wp:attachment":[{"href":"https:\/\/www.aiyin.com\/es\/wp-json\/wp\/v2\/media?parent=4360"}],"wp:term":[{"taxonomy":"product_brand","embeddable":true,"href":"https:\/\/www.aiyin.com\/es\/wp-json\/wp\/v2\/product_brand?post=4360"},{"taxonomy":"product_cat","embeddable":true,"href":"https:\/\/www.aiyin.com\/es\/wp-json\/wp\/v2\/product_cat?post=4360"},{"taxonomy":"product_tag","embeddable":true,"href":"https:\/\/www.aiyin.com\/es\/wp-json\/wp\/v2\/product_tag?post=4360"}],"curies":[{"name":"wp","href":"https:\/\/api.w.org\/{rel}","templated":true}]}}