{"id":4339,"date":"2025-02-20T09:29:46","date_gmt":"2025-02-20T09:29:46","guid":{"rendered":"https:\/\/www.aiyin.com\/?post_type=product&#038;p=4339"},"modified":"2025-06-16T01:08:10","modified_gmt":"2025-06-16T01:08:10","slug":"wholesale-thermal-tattoo-printer-a8","status":"publish","type":"product","link":"https:\/\/www.aiyin.com\/es\/product\/wholesale-thermal-tattoo-printer-a8\/","title":{"rendered":"Mayorista de Impresoras t\u00e9rmicas para tatuajes - A8s, Suministre abundantes plantillas"},"content":{"rendered":"<h2 class=\"wp-block-heading\" id=\"block-6f2e5961-43bf-4743-b305-1d1915b1225b\">Detalles de la impresora t\u00e9rmica de tatuajes - A8s<\/h2>\n\n\n\n<hr class=\"wp-block-separator has-alpha-channel-opacity\"\/>\n\n\n\n<figure class=\"wp-block-image size-large\"><img decoding=\"async\" width=\"905\" height=\"1280\" src=\"https:\/\/www.aiyin.com\/wp-content\/uploads\/2025\/02\/A8s-1-905x1280.webp\" alt=\"\" class=\"wp-image-4741\" srcset=\"https:\/\/www.aiyin.com\/wp-content\/uploads\/2025\/02\/A8s-1-905x1280.webp 905w, https:\/\/www.aiyin.com\/wp-content\/uploads\/2025\/02\/A8s-1-768x1086.webp 768w, https:\/\/www.aiyin.com\/wp-content\/uploads\/2025\/02\/A8s-1-8x12.webp 8w, https:\/\/www.aiyin.com\/wp-content\/uploads\/2025\/02\/A8s-1-600x848.webp 600w\" sizes=\"(max-width: 905px) 100vw, 905px\" \/><\/figure>","protected":false},"excerpt":{"rendered":"<p>Impresora t\u00e9rmica de tatuajes al por mayor, esta impresora t\u00e9rmica de tatuajes A8s tiene una velocidad ultra alta y capacidades de impresi\u00f3n de alta resoluci\u00f3n, asegurando que cada detalle del dise\u00f1o del tatuaje se presenta claramente. La APP est\u00e1 equipada con una rica biblioteca de plantillas de tatuaje, los usuarios pueden seleccionar f\u00e1cilmente e imprimir patrones de dise\u00f1o, mejorando en gran medida la eficiencia del trabajo. Ofrecemos servicios profesionales al por mayor y opciones personalizadas, por favor p\u00f3ngase en contacto con nosotros para una cotizaci\u00f3n.<\/p>\n<h2>Caracter\u00edsticas de la impresora t\u00e9rmica de tatuajes - A8s<\/h2>\n<div>\n<p><strong>Interfaz de usuario amigable:<\/strong> La impresora t\u00e9rmica de tatuajes A8s es f\u00e1cil de usar. La aplicaci\u00f3n es sencilla y c\u00f3moda de usar, por lo que los usuarios pueden elegir e imprimir f\u00e1cilmente y en poco tiempo. La interfaz f\u00e1cil de usar para principiantes proporciona una experiencia ininterrumpida.<\/p>\n<p><strong>Funciones de personalizaci\u00f3n:<\/strong> Adem\u00e1s de las plantillas de la aplicaci\u00f3n, la A8s tambi\u00e9n admite la importaci\u00f3n de dise\u00f1os personalizados, perfectos para quienes deseen imprimir su propia obra \u00fanica. Esto abre la puerta a muchos estilos diferentes de tatuajes y preferencias personales.<\/p>\n<p><strong>Configuraci\u00f3n y funcionamiento sencillos:<\/strong> Con una configuraci\u00f3n sencilla y una interfaz intuitiva, los usuarios pueden empezar a imprimir dise\u00f1os f\u00e1cilmente, con altos \u00edndices de productividad.<\/p>\n<p><strong>Duradero y estable:<\/strong> El producto ha obtenido varias certificaciones internacionales, como CE, ISO, UKCA, etc., y ofrece un servicio posventa profesional.<\/p>\n<\/div>","protected":false},"featured_media":4342,"comment_status":"closed","ping_status":"closed","template":"","meta":{"_acf_changed":true},"product_brand":[],"product_cat":[21],"product_tag":[],"class_list":{"0":"post-4339","1":"product","2":"type-product","3":"status-publish","4":"has-post-thumbnail","6":"product_cat-home-office-printer","7":"pa_function-tattoo-stencil-printer","8":"pa_print-width-8-inches","10":"first","11":"instock","12":"shipping-taxable","13":"product-type-simple"},"acf":[],"_links":{"self":[{"href":"https:\/\/www.aiyin.com\/es\/wp-json\/wp\/v2\/product\/4339","targetHints":{"allow":["GET"]}}],"collection":[{"href":"https:\/\/www.aiyin.com\/es\/wp-json\/wp\/v2\/product"}],"about":[{"href":"https:\/\/www.aiyin.com\/es\/wp-json\/wp\/v2\/types\/product"}],"replies":[{"embeddable":true,"href":"https:\/\/www.aiyin.com\/es\/wp-json\/wp\/v2\/comments?post=4339"}],"wp:featuredmedia":[{"embeddable":true,"href":"https:\/\/www.aiyin.com\/es\/wp-json\/wp\/v2\/media\/4342"}],"wp:attachment":[{"href":"https:\/\/www.aiyin.com\/es\/wp-json\/wp\/v2\/media?parent=4339"}],"wp:term":[{"taxonomy":"product_brand","embeddable":true,"href":"https:\/\/www.aiyin.com\/es\/wp-json\/wp\/v2\/product_brand?post=4339"},{"taxonomy":"product_cat","embeddable":true,"href":"https:\/\/www.aiyin.com\/es\/wp-json\/wp\/v2\/product_cat?post=4339"},{"taxonomy":"product_tag","embeddable":true,"href":"https:\/\/www.aiyin.com\/es\/wp-json\/wp\/v2\/product_tag?post=4339"}],"curies":[{"name":"wp","href":"https:\/\/api.w.org\/{rel}","templated":true}]}}