{"id":3526,"date":"2025-02-20T07:08:11","date_gmt":"2025-02-20T07:08:11","guid":{"rendered":"https:\/\/www.jinghuaceramic.com\/?post_type=product&#038;p=3526"},"modified":"2025-07-08T08:42:53","modified_gmt":"2025-07-08T08:42:53","slug":"wholesale-mini-thermal-printer-paper-40-x-30mm","status":"publish","type":"product","link":"https:\/\/www.aiyin.com\/es\/product\/wholesale-mini-thermal-printer-paper-40-x-30mm\/","title":{"rendered":"Mayorista Papel para Mini Impresora T\u00e9rmica 40 \u00d7 30mm, Adecuado para Mini Impresoras AiYin de Hogar y Oficina"},"content":{"rendered":"<h2 class=\"wp-block-heading\">Detalles del papel para mini impresora t\u00e9rmica 40 \u00d7 30 mm<\/h2>\n\n\n\n<hr class=\"wp-block-separator has-alpha-channel-opacity\" \/>\n\n\n\n<div class=\"wp-block-columns is-layout-flex wp-container-core-columns-is-layout-9d6595d7 wp-block-columns-is-layout-flex\">\n<div class=\"wp-block-column is-layout-flow wp-block-column-is-layout-flow\" style=\"flex-basis:25%\"><\/div>\n\n\n\n<div class=\"wp-block-column is-layout-flow wp-block-column-is-layout-flow\" style=\"flex-basis:50%\"><\/div>\n\n\n\n<div class=\"wp-block-column is-layout-flow wp-block-column-is-layout-flow\" style=\"flex-basis:25%\"><\/div>\n<\/div>\n\n\n\n<div class=\"wp-block-columns is-layout-flex wp-container-core-columns-is-layout-9d6595d7 wp-block-columns-is-layout-flex\">\n<div class=\"wp-block-column is-layout-flow wp-block-column-is-layout-flow\">\n<figure class=\"wp-block-image size-large\"><img decoding=\"async\" width=\"1280\" height=\"1280\" src=\"https:\/\/www.aiyin.com\/wp-content\/uploads\/2025\/03\/Wholesale-Mini-Thermal-Printer-Paper-40-\u00d7-30mm-4-1280x1280.webp\" alt=\"Mayorista Papel para Mini Impresora T\u00e9rmica 40 \u00d7 30mm (4)\" class=\"wp-image-3530\" srcset=\"https:\/\/www.aiyin.com\/wp-content\/uploads\/2025\/03\/Wholesale-Mini-Thermal-Printer-Paper-40-\u00d7-30mm-4-1280x1280.webp 1280w, https:\/\/www.aiyin.com\/wp-content\/uploads\/2025\/03\/Wholesale-Mini-Thermal-Printer-Paper-40-\u00d7-30mm-4-150x150.webp 150w, https:\/\/www.aiyin.com\/wp-content\/uploads\/2025\/03\/Wholesale-Mini-Thermal-Printer-Paper-40-\u00d7-30mm-4-768x768.webp 768w, https:\/\/www.aiyin.com\/wp-content\/uploads\/2025\/03\/Wholesale-Mini-Thermal-Printer-Paper-40-\u00d7-30mm-4-300x300.webp 300w, https:\/\/www.aiyin.com\/wp-content\/uploads\/2025\/03\/Wholesale-Mini-Thermal-Printer-Paper-40-\u00d7-30mm-4-600x600.webp 600w, https:\/\/www.aiyin.com\/wp-content\/uploads\/2025\/03\/Wholesale-Mini-Thermal-Printer-Paper-40-\u00d7-30mm-4-100x100.webp 100w, https:\/\/www.aiyin.com\/wp-content\/uploads\/2025\/03\/Wholesale-Mini-Thermal-Printer-Paper-40-\u00d7-30mm-4.webp 1500w\" sizes=\"(max-width: 1280px) 100vw, 1280px\" \/><\/figure>\n<\/div>\n\n\n\n<div class=\"wp-block-column is-layout-flow wp-block-column-is-layout-flow\">\n<figure class=\"wp-block-image size-large\"><img decoding=\"async\" width=\"1280\" height=\"1280\" src=\"https:\/\/www.aiyin.com\/wp-content\/uploads\/2025\/03\/Wholesale-Mini-Thermal-Printer-Paper-40-\u00d7-30mm-5-1280x1280.webp\" alt=\"Mayorista Papel para Mini Impresora T\u00e9rmica 40 \u00d7 30mm (5)\" class=\"wp-image-3531\" srcset=\"\" sizes=\"(max-width: 1280px) 100vw, 1280px\" data-srcset=\"\" \/><\/figure>\n<\/div>\n\n\n\n<div class=\"wp-block-column is-layout-flow wp-block-column-is-layout-flow\">\n<figure class=\"wp-block-image size-large\"><img decoding=\"async\" width=\"1280\" height=\"1280\" src=\"https:\/\/www.aiyin.com\/wp-content\/uploads\/2025\/03\/Wholesale-Mini-Thermal-Printer-Paper-40-\u00d7-30mm-6-1280x1280.webp\" alt=\"Mayorista Papel para Mini Impresora T\u00e9rmica 40 \u00d7 30mm (6)\" class=\"wp-image-3532\" srcset=\"https:\/\/www.aiyin.com\/wp-content\/uploads\/2025\/03\/Wholesale-Mini-Thermal-Printer-Paper-40-\u00d7-30mm-6-1280x1280.webp 1280w, https:\/\/www.aiyin.com\/wp-content\/uploads\/2025\/03\/Wholesale-Mini-Thermal-Printer-Paper-40-\u00d7-30mm-6-150x150.webp 150w, https:\/\/www.aiyin.com\/wp-content\/uploads\/2025\/03\/Wholesale-Mini-Thermal-Printer-Paper-40-\u00d7-30mm-6-768x768.webp 768w, https:\/\/www.aiyin.com\/wp-content\/uploads\/2025\/03\/Wholesale-Mini-Thermal-Printer-Paper-40-\u00d7-30mm-6-300x300.webp 300w, https:\/\/www.aiyin.com\/wp-content\/uploads\/2025\/03\/Wholesale-Mini-Thermal-Printer-Paper-40-\u00d7-30mm-6-600x600.webp 600w, https:\/\/www.aiyin.com\/wp-content\/uploads\/2025\/03\/Wholesale-Mini-Thermal-Printer-Paper-40-\u00d7-30mm-6-100x100.webp 100w, https:\/\/www.aiyin.com\/wp-content\/uploads\/2025\/03\/Wholesale-Mini-Thermal-Printer-Paper-40-\u00d7-30mm-6.webp 1500w\" sizes=\"(max-width: 1280px) 100vw, 1280px\" \/><\/figure>\n<\/div>\n<\/div>\n\n\n\n<div class=\"wp-block-columns is-layout-flex wp-container-core-columns-is-layout-9d6595d7 wp-block-columns-is-layout-flex\">\n<div class=\"wp-block-column is-layout-flow wp-block-column-is-layout-flow\">\n<figure class=\"wp-block-image size-large\"><img decoding=\"async\" width=\"1280\" height=\"1280\" src=\"https:\/\/www.aiyin.com\/wp-content\/uploads\/2025\/03\/Wholesale-Mini-Thermal-Printer-Paper-40-\u00d7-30mm-1-1280x1280.webp\" alt=\"Mayorista Mini papel para impresora t\u00e9rmica 40 \u00d7 30mm (1)\" class=\"wp-image-3527\" srcset=\"https:\/\/www.aiyin.com\/wp-content\/uploads\/2025\/03\/Wholesale-Mini-Thermal-Printer-Paper-40-\u00d7-30mm-1-1280x1280.webp 1280w, https:\/\/www.aiyin.com\/wp-content\/uploads\/2025\/03\/Wholesale-Mini-Thermal-Printer-Paper-40-\u00d7-30mm-1-150x150.webp 150w, https:\/\/www.aiyin.com\/wp-content\/uploads\/2025\/03\/Wholesale-Mini-Thermal-Printer-Paper-40-\u00d7-30mm-1-768x768.webp 768w, https:\/\/www.aiyin.com\/wp-content\/uploads\/2025\/03\/Wholesale-Mini-Thermal-Printer-Paper-40-\u00d7-30mm-1-300x300.webp 300w, https:\/\/www.aiyin.com\/wp-content\/uploads\/2025\/03\/Wholesale-Mini-Thermal-Printer-Paper-40-\u00d7-30mm-1-600x600.webp 600w, https:\/\/www.aiyin.com\/wp-content\/uploads\/2025\/03\/Wholesale-Mini-Thermal-Printer-Paper-40-\u00d7-30mm-1-100x100.webp 100w, https:\/\/www.aiyin.com\/wp-content\/uploads\/2025\/03\/Wholesale-Mini-Thermal-Printer-Paper-40-\u00d7-30mm-1.webp 1500w\" sizes=\"(max-width: 1280px) 100vw, 1280px\" \/><\/figure>\n<\/div>\n\n\n\n<div class=\"wp-block-column is-layout-flow wp-block-column-is-layout-flow\">\n<figure class=\"wp-block-image size-large\"><img decoding=\"async\" width=\"1280\" height=\"1280\" src=\"https:\/\/www.aiyin.com\/wp-content\/uploads\/2025\/03\/Wholesale-Mini-Thermal-Printer-Paper-40-\u00d7-30mm-2-1280x1280.webp\" alt=\"Mayorista Papel para Mini Impresora T\u00e9rmica 40 \u00d7 30mm (2)\" class=\"wp-image-3528\" srcset=\"https:\/\/www.aiyin.com\/wp-content\/uploads\/2025\/03\/Wholesale-Mini-Thermal-Printer-Paper-40-\u00d7-30mm-2-1280x1280.webp 1280w, https:\/\/www.aiyin.com\/wp-content\/uploads\/2025\/03\/Wholesale-Mini-Thermal-Printer-Paper-40-\u00d7-30mm-2-150x150.webp 150w, https:\/\/www.aiyin.com\/wp-content\/uploads\/2025\/03\/Wholesale-Mini-Thermal-Printer-Paper-40-\u00d7-30mm-2-768x768.webp 768w, https:\/\/www.aiyin.com\/wp-content\/uploads\/2025\/03\/Wholesale-Mini-Thermal-Printer-Paper-40-\u00d7-30mm-2-300x300.webp 300w, https:\/\/www.aiyin.com\/wp-content\/uploads\/2025\/03\/Wholesale-Mini-Thermal-Printer-Paper-40-\u00d7-30mm-2-600x600.webp 600w, https:\/\/www.aiyin.com\/wp-content\/uploads\/2025\/03\/Wholesale-Mini-Thermal-Printer-Paper-40-\u00d7-30mm-2-100x100.webp 100w, https:\/\/www.aiyin.com\/wp-content\/uploads\/2025\/03\/Wholesale-Mini-Thermal-Printer-Paper-40-\u00d7-30mm-2.webp 1500w\" sizes=\"(max-width: 1280px) 100vw, 1280px\" \/><\/figure>\n<\/div>\n\n\n\n<div class=\"wp-block-column is-layout-flow wp-block-column-is-layout-flow\">\n<figure class=\"wp-block-image size-large\"><img decoding=\"async\" width=\"1280\" height=\"1280\" src=\"https:\/\/www.aiyin.com\/wp-content\/uploads\/2025\/03\/Wholesale-Mini-Thermal-Printer-Paper-40-\u00d7-30mm-3-1280x1280.webp\" alt=\"Mayorista Papel para Mini Impresora T\u00e9rmica 40 \u00d7 30mm (3)\" class=\"wp-image-3529\" srcset=\"https:\/\/www.aiyin.com\/wp-content\/uploads\/2025\/03\/Wholesale-Mini-Thermal-Printer-Paper-40-\u00d7-30mm-3-1280x1280.webp 1280w, https:\/\/www.aiyin.com\/wp-content\/uploads\/2025\/03\/Wholesale-Mini-Thermal-Printer-Paper-40-\u00d7-30mm-3-150x150.webp 150w, https:\/\/www.aiyin.com\/wp-content\/uploads\/2025\/03\/Wholesale-Mini-Thermal-Printer-Paper-40-\u00d7-30mm-3-768x768.webp 768w, https:\/\/www.aiyin.com\/wp-content\/uploads\/2025\/03\/Wholesale-Mini-Thermal-Printer-Paper-40-\u00d7-30mm-3-300x300.webp 300w, https:\/\/www.aiyin.com\/wp-content\/uploads\/2025\/03\/Wholesale-Mini-Thermal-Printer-Paper-40-\u00d7-30mm-3-600x600.webp 600w, https:\/\/www.aiyin.com\/wp-content\/uploads\/2025\/03\/Wholesale-Mini-Thermal-Printer-Paper-40-\u00d7-30mm-3-100x100.webp 100w, https:\/\/www.aiyin.com\/wp-content\/uploads\/2025\/03\/Wholesale-Mini-Thermal-Printer-Paper-40-\u00d7-30mm-3.webp 1500w\" sizes=\"(max-width: 1280px) 100vw, 1280px\" \/><\/figure>\n<\/div>\n<\/div>","protected":false},"excerpt":{"rendered":"<p>Papel para mini impresora t\u00e9rmica al por mayor, adecuado para impresi\u00f3n de notas, bricolaje de cuadernos, impresi\u00f3n de recibos, impresi\u00f3n de etiquetas y muchos otros usos. P\u00f3ngase en contacto con nosotros para hacer un pedido.<\/p>\n<h2>Caracter\u00edsticas del papel para mini impresora t\u00e9rmica 40 \u00d7 30mm<\/h2>\n<div>\n<p><strong>Aplicaci\u00f3n polivalente:<\/strong> Este papel para etiquetas es adecuado para una gran variedad de escenarios, como etiquetas FBA, etiquetas de correo, etiquetas de informaci\u00f3n alimentaria, etiquetas de envasado de productos, etc., para satisfacer fines comerciales y de organizaci\u00f3n dom\u00e9stica.<\/p>\n<p><strong>Impresi\u00f3n de alta calidad:<\/strong> Admite la impresi\u00f3n de alta definici\u00f3n de c\u00f3digos QR y texto fino para garantizar una alta legibilidad e informaci\u00f3n precisa.<\/p>\n<p><strong>Buena adherencia:<\/strong> Fabricado con material adhesivo de alta calidad, no es f\u00e1cil que se caiga.<\/p>\n<p><strong>Venta directa de f\u00e1brica:<\/strong> Producimos y suministramos directamente papel de etiquetas para garantizar que los clientes obtengan productos de alta calidad a un coste menor.<\/p>\n<\/div>","protected":false},"featured_media":3531,"comment_status":"closed","ping_status":"closed","template":"","meta":{"_acf_changed":true},"product_brand":[],"product_cat":[120],"product_tag":[],"class_list":{"0":"post-3526","1":"product","2":"type-product","3":"status-publish","4":"has-post-thumbnail","6":"product_cat-wholesale-thermal-paper-rolls","7":"pa_paper-for-mini-printer","9":"first","10":"instock","11":"shipping-taxable","12":"product-type-simple"},"acf":[],"_links":{"self":[{"href":"https:\/\/www.aiyin.com\/es\/wp-json\/wp\/v2\/product\/3526","targetHints":{"allow":["GET"]}}],"collection":[{"href":"https:\/\/www.aiyin.com\/es\/wp-json\/wp\/v2\/product"}],"about":[{"href":"https:\/\/www.aiyin.com\/es\/wp-json\/wp\/v2\/types\/product"}],"replies":[{"embeddable":true,"href":"https:\/\/www.aiyin.com\/es\/wp-json\/wp\/v2\/comments?post=3526"}],"wp:featuredmedia":[{"embeddable":true,"href":"https:\/\/www.aiyin.com\/es\/wp-json\/wp\/v2\/media\/3531"}],"wp:attachment":[{"href":"https:\/\/www.aiyin.com\/es\/wp-json\/wp\/v2\/media?parent=3526"}],"wp:term":[{"taxonomy":"product_brand","embeddable":true,"href":"https:\/\/www.aiyin.com\/es\/wp-json\/wp\/v2\/product_brand?post=3526"},{"taxonomy":"product_cat","embeddable":true,"href":"https:\/\/www.aiyin.com\/es\/wp-json\/wp\/v2\/product_cat?post=3526"},{"taxonomy":"product_tag","embeddable":true,"href":"https:\/\/www.aiyin.com\/es\/wp-json\/wp\/v2\/product_tag?post=3526"}],"curies":[{"name":"wp","href":"https:\/\/api.w.org\/{rel}","templated":true}]}}