{"id":3518,"date":"2025-02-20T07:10:25","date_gmt":"2025-02-20T07:10:25","guid":{"rendered":"https:\/\/www.jinghuaceramic.com\/?post_type=product&#038;p=3518"},"modified":"2025-07-08T07:27:49","modified_gmt":"2025-07-08T07:27:49","slug":"wholesale-thermal-label-printer-tape","status":"publish","type":"product","link":"https:\/\/www.aiyin.com\/es\/product\/wholesale-thermal-label-printer-tape\/","title":{"rendered":"Mayorista Cinta T\u00e9rmica para Impresora de Etiquetas - Adecuada para AiYin Home Label Maker"},"content":{"rendered":"<h2 class=\"wp-block-heading\">Detalles de la cinta t\u00e9rmica para impresora de etiquetas<\/h2>\n\n\n\n<hr class=\"wp-block-separator has-alpha-channel-opacity\" \/>\n\n\n\n<div class=\"wp-block-columns is-layout-flex wp-container-core-columns-is-layout-9d6595d7 wp-block-columns-is-layout-flex\">\n<div class=\"wp-block-column is-layout-flow wp-block-column-is-layout-flow\">\n<figure class=\"wp-block-image size-large\"><img decoding=\"async\" width=\"1280\" height=\"1280\" src=\"https:\/\/www.aiyin.com\/wp-content\/uploads\/2025\/03\/Wholesale-Thermal-Label-Printer-Tape-1-1280x1280.webp\" alt=\"Mayorista Cinta t\u00e9rmica para impresora de etiquetas (1)\" class=\"wp-image-3519\" srcset=\"https:\/\/www.aiyin.com\/wp-content\/uploads\/2025\/03\/Wholesale-Thermal-Label-Printer-Tape-1-1280x1280.webp 1280w, https:\/\/www.aiyin.com\/wp-content\/uploads\/2025\/03\/Wholesale-Thermal-Label-Printer-Tape-1-150x150.webp 150w, https:\/\/www.aiyin.com\/wp-content\/uploads\/2025\/03\/Wholesale-Thermal-Label-Printer-Tape-1-768x768.webp 768w, https:\/\/www.aiyin.com\/wp-content\/uploads\/2025\/03\/Wholesale-Thermal-Label-Printer-Tape-1-300x300.webp 300w, https:\/\/www.aiyin.com\/wp-content\/uploads\/2025\/03\/Wholesale-Thermal-Label-Printer-Tape-1-600x600.webp 600w, https:\/\/www.aiyin.com\/wp-content\/uploads\/2025\/03\/Wholesale-Thermal-Label-Printer-Tape-1-100x100.webp 100w\" sizes=\"(max-width: 1280px) 100vw, 1280px\" \/><\/figure>\n<\/div>\n\n\n\n<div class=\"wp-block-column is-layout-flow wp-block-column-is-layout-flow\">\n<figure class=\"wp-block-image size-large\"><img decoding=\"async\" width=\"1280\" height=\"1280\" src=\"https:\/\/www.aiyin.com\/wp-content\/uploads\/2025\/03\/Wholesale-Thermal-Label-Printer-Tape-2-1280x1280.webp\" alt=\"Mayorista Cinta t\u00e9rmica para impresora de etiquetas (2)\" class=\"wp-image-3520\" srcset=\"https:\/\/www.aiyin.com\/wp-content\/uploads\/2025\/03\/Wholesale-Thermal-Label-Printer-Tape-2-1280x1280.webp 1280w, https:\/\/www.aiyin.com\/wp-content\/uploads\/2025\/03\/Wholesale-Thermal-Label-Printer-Tape-2-150x150.webp 150w, https:\/\/www.aiyin.com\/wp-content\/uploads\/2025\/03\/Wholesale-Thermal-Label-Printer-Tape-2-768x768.webp 768w, https:\/\/www.aiyin.com\/wp-content\/uploads\/2025\/03\/Wholesale-Thermal-Label-Printer-Tape-2-300x300.webp 300w, https:\/\/www.aiyin.com\/wp-content\/uploads\/2025\/03\/Wholesale-Thermal-Label-Printer-Tape-2-600x600.webp 600w, https:\/\/www.aiyin.com\/wp-content\/uploads\/2025\/03\/Wholesale-Thermal-Label-Printer-Tape-2-100x100.webp 100w\" sizes=\"(max-width: 1280px) 100vw, 1280px\" \/><\/figure>\n<\/div>\n<\/div>","protected":false},"excerpt":{"rendered":"<p>La cinta para impresoras de etiquetas t\u00e9rmicas al por mayor, dise\u00f1ada para impresoras de etiquetas t\u00e9rmicas, proporciona una impresi\u00f3n clara y n\u00edtida sin tinta ni t\u00f3ner. Perfecta para c\u00f3digos de barras, etiquetas de precios, etiquetas de env\u00edo y mucho m\u00e1s.<\/p>\n<h2>Caracter\u00edsticas de la cinta t\u00e9rmica para impresora de etiquetas<\/h2>\n<div>\n<p><strong>Impresora t\u00e9rmica Aplicable:<\/strong> Se utiliza un revestimiento t\u00e9rmico de alta calidad y no se necesita tinta para imprimir.<\/p>\n<p><strong>Seguro y respetuoso con el medio ambiente:<\/strong> La cinta t\u00e9rmica para impresora de etiquetas de AiYin no contiene BPA\/BPS y ha superado varias certificaciones medioambientales y de seguridad, como FSC y RoHs.<\/p>\n<p><strong>Aplicable a diversos escenarios:<\/strong> Desde cajas de cart\u00f3n de productos industriales hasta carpetas, cajones, maletas y estanter\u00edas, esta etiqueta se puede pegar y arrancar f\u00e1cilmente.<\/p>\n<p><strong>Rentable:<\/strong> Estos mini rollos de papel t\u00e9rmico se venden a precios al por mayor, proporcionando una soluci\u00f3n de etiquetado asequible para uso personal y profesional.<\/p>\n<\/div>","protected":false},"featured_media":3520,"comment_status":"closed","ping_status":"closed","template":"","meta":{"_acf_changed":false},"product_brand":[],"product_cat":[120],"product_tag":[],"class_list":{"0":"post-3518","1":"product","2":"type-product","3":"status-publish","4":"has-post-thumbnail","6":"product_cat-wholesale-thermal-paper-rolls","7":"pa_paper-for-home-label-maker","9":"first","10":"instock","11":"shipping-taxable","12":"product-type-simple"},"acf":[],"_links":{"self":[{"href":"https:\/\/www.aiyin.com\/es\/wp-json\/wp\/v2\/product\/3518","targetHints":{"allow":["GET"]}}],"collection":[{"href":"https:\/\/www.aiyin.com\/es\/wp-json\/wp\/v2\/product"}],"about":[{"href":"https:\/\/www.aiyin.com\/es\/wp-json\/wp\/v2\/types\/product"}],"replies":[{"embeddable":true,"href":"https:\/\/www.aiyin.com\/es\/wp-json\/wp\/v2\/comments?post=3518"}],"wp:featuredmedia":[{"embeddable":true,"href":"https:\/\/www.aiyin.com\/es\/wp-json\/wp\/v2\/media\/3520"}],"wp:attachment":[{"href":"https:\/\/www.aiyin.com\/es\/wp-json\/wp\/v2\/media?parent=3518"}],"wp:term":[{"taxonomy":"product_brand","embeddable":true,"href":"https:\/\/www.aiyin.com\/es\/wp-json\/wp\/v2\/product_brand?post=3518"},{"taxonomy":"product_cat","embeddable":true,"href":"https:\/\/www.aiyin.com\/es\/wp-json\/wp\/v2\/product_cat?post=3518"},{"taxonomy":"product_tag","embeddable":true,"href":"https:\/\/www.aiyin.com\/es\/wp-json\/wp\/v2\/product_tag?post=3518"}],"curies":[{"name":"wp","href":"https:\/\/api.w.org\/{rel}","templated":true}]}}