{"id":3507,"date":"2025-02-20T07:23:40","date_gmt":"2025-02-20T07:23:40","guid":{"rendered":"https:\/\/www.jinghuaceramic.com\/?post_type=product&#038;p=3507"},"modified":"2025-07-08T07:25:11","modified_gmt":"2025-07-08T07:25:11","slug":"wholesale-colorful-mini-thermal-printer-paper-14-x-40mm","status":"publish","type":"product","link":"https:\/\/www.aiyin.com\/es\/product\/wholesale-colorful-mini-thermal-printer-paper-14-x-40mm\/","title":{"rendered":"Mayorista Cinta de Papel T\u00e9rmico de Colores para Impresora 15 \u00d7 40mm - Adecuada para la Serie AiYin Home Label Maker"},"content":{"rendered":"<h2 class=\"wp-block-heading\">Detalles de la cinta de papel para impresora t\u00e9rmica de colores<\/h2>\n\n\n\n<hr class=\"wp-block-separator has-alpha-channel-opacity\"\/>\n\n\n\n<div class=\"wp-block-columns is-layout-flex wp-container-core-columns-is-layout-9d6595d7 wp-block-columns-is-layout-flex\">\n<div class=\"wp-block-column is-layout-flow wp-block-column-is-layout-flow\">\n<figure class=\"wp-block-image size-large\"><img decoding=\"async\" width=\"1280\" height=\"1280\" src=\"https:\/\/www.aiyin.com\/wp-content\/uploads\/2025\/03\/Wholesale-Colorful-Mini-Thermal-Printer-Paper\u200b-14-\u00d7-40mm-9-1280x1280.webp\" alt=\"Mayorista Mini papel t\u00e9rmico de colores para impresora 14 \u00d7 40mm (9)\" class=\"wp-image-3516\" srcset=\"https:\/\/www.aiyin.com\/wp-content\/uploads\/2025\/03\/Wholesale-Colorful-Mini-Thermal-Printer-Paper\u200b-14-\u00d7-40mm-9-1280x1280.webp 1280w, https:\/\/www.aiyin.com\/wp-content\/uploads\/2025\/03\/Wholesale-Colorful-Mini-Thermal-Printer-Paper\u200b-14-\u00d7-40mm-9-150x150.webp 150w, https:\/\/www.aiyin.com\/wp-content\/uploads\/2025\/03\/Wholesale-Colorful-Mini-Thermal-Printer-Paper\u200b-14-\u00d7-40mm-9-768x768.webp 768w, https:\/\/www.aiyin.com\/wp-content\/uploads\/2025\/03\/Wholesale-Colorful-Mini-Thermal-Printer-Paper\u200b-14-\u00d7-40mm-9-300x300.webp 300w, https:\/\/www.aiyin.com\/wp-content\/uploads\/2025\/03\/Wholesale-Colorful-Mini-Thermal-Printer-Paper\u200b-14-\u00d7-40mm-9-600x600.webp 600w, https:\/\/www.aiyin.com\/wp-content\/uploads\/2025\/03\/Wholesale-Colorful-Mini-Thermal-Printer-Paper\u200b-14-\u00d7-40mm-9-100x100.webp 100w, https:\/\/www.aiyin.com\/wp-content\/uploads\/2025\/03\/Wholesale-Colorful-Mini-Thermal-Printer-Paper\u200b-14-\u00d7-40mm-9.webp 1500w\" sizes=\"(max-width: 1280px) 100vw, 1280px\" \/><\/figure>\n<\/div>\n\n\n\n<div class=\"wp-block-column is-layout-flow wp-block-column-is-layout-flow\">\n<figure class=\"wp-block-image size-large\"><img decoding=\"async\" width=\"1280\" height=\"1280\" src=\"https:\/\/www.aiyin.com\/wp-content\/uploads\/2025\/03\/Wholesale-Colorful-Mini-Thermal-Printer-Paper\u200b-14-\u00d7-40mm-10-1280x1280.webp\" alt=\"Mayorista Mini papel t\u00e9rmico de colores para impresora 14 \u00d7 40mm (10)\" class=\"wp-image-3517\" srcset=\"https:\/\/www.aiyin.com\/wp-content\/uploads\/2025\/03\/Wholesale-Colorful-Mini-Thermal-Printer-Paper\u200b-14-\u00d7-40mm-10-1280x1280.webp 1280w, https:\/\/www.aiyin.com\/wp-content\/uploads\/2025\/03\/Wholesale-Colorful-Mini-Thermal-Printer-Paper\u200b-14-\u00d7-40mm-10-150x150.webp 150w, https:\/\/www.aiyin.com\/wp-content\/uploads\/2025\/03\/Wholesale-Colorful-Mini-Thermal-Printer-Paper\u200b-14-\u00d7-40mm-10-768x768.webp 768w, https:\/\/www.aiyin.com\/wp-content\/uploads\/2025\/03\/Wholesale-Colorful-Mini-Thermal-Printer-Paper\u200b-14-\u00d7-40mm-10-300x300.webp 300w, https:\/\/www.aiyin.com\/wp-content\/uploads\/2025\/03\/Wholesale-Colorful-Mini-Thermal-Printer-Paper\u200b-14-\u00d7-40mm-10-600x600.webp 600w, https:\/\/www.aiyin.com\/wp-content\/uploads\/2025\/03\/Wholesale-Colorful-Mini-Thermal-Printer-Paper\u200b-14-\u00d7-40mm-10-100x100.webp 100w, https:\/\/www.aiyin.com\/wp-content\/uploads\/2025\/03\/Wholesale-Colorful-Mini-Thermal-Printer-Paper\u200b-14-\u00d7-40mm-10.webp 1500w\" sizes=\"(max-width: 1280px) 100vw, 1280px\" \/><\/figure>\n<\/div>\n<\/div>\n\n\n\n<div class=\"wp-block-columns is-layout-flex wp-container-core-columns-is-layout-9d6595d7 wp-block-columns-is-layout-flex\">\n<div class=\"wp-block-column is-layout-flow wp-block-column-is-layout-flow\" style=\"flex-basis:100%\"><\/div>\n<\/div>\n\n\n\n<div class=\"wp-block-columns is-layout-flex wp-container-core-columns-is-layout-9d6595d7 wp-block-columns-is-layout-flex\">\n<div class=\"wp-block-column is-layout-flow wp-block-column-is-layout-flow\">\n<figure class=\"wp-block-image size-large\"><img decoding=\"async\" width=\"1280\" height=\"1280\" src=\"https:\/\/www.aiyin.com\/wp-content\/uploads\/2025\/03\/Wholesale-Colorful-Mini-Thermal-Printer-Paper-14-\u00d7-40mm-3-1280x1280.webp\" alt=\"Mayorista Mini papel t\u00e9rmico de colores para impresora 14 \u00d7 40mm (3)\" class=\"wp-image-3510\" srcset=\"\" sizes=\"(max-width: 1280px) 100vw, 1280px\" data-srcset=\"\" \/><\/figure>\n<\/div>\n\n\n\n<div class=\"wp-block-column is-layout-flow wp-block-column-is-layout-flow\">\n<figure class=\"wp-block-image size-large\"><img decoding=\"async\" width=\"1280\" height=\"1280\" src=\"https:\/\/www.aiyin.com\/wp-content\/uploads\/2025\/03\/Wholesale-Colorful-Mini-Thermal-Printer-Paper\u200b-14-\u00d7-40mm-2-1280x1280.webp\" alt=\"Mayorista Mini papel t\u00e9rmico de colores para impresora 14 \u00d7 40mm (2)\" class=\"wp-image-3509\" srcset=\"https:\/\/www.aiyin.com\/wp-content\/uploads\/2025\/03\/Wholesale-Colorful-Mini-Thermal-Printer-Paper\u200b-14-\u00d7-40mm-2-1280x1280.webp 1280w, https:\/\/www.aiyin.com\/wp-content\/uploads\/2025\/03\/Wholesale-Colorful-Mini-Thermal-Printer-Paper\u200b-14-\u00d7-40mm-2-150x150.webp 150w, https:\/\/www.aiyin.com\/wp-content\/uploads\/2025\/03\/Wholesale-Colorful-Mini-Thermal-Printer-Paper\u200b-14-\u00d7-40mm-2-768x768.webp 768w, https:\/\/www.aiyin.com\/wp-content\/uploads\/2025\/03\/Wholesale-Colorful-Mini-Thermal-Printer-Paper\u200b-14-\u00d7-40mm-2-300x300.webp 300w, https:\/\/www.aiyin.com\/wp-content\/uploads\/2025\/03\/Wholesale-Colorful-Mini-Thermal-Printer-Paper\u200b-14-\u00d7-40mm-2-600x600.webp 600w, https:\/\/www.aiyin.com\/wp-content\/uploads\/2025\/03\/Wholesale-Colorful-Mini-Thermal-Printer-Paper\u200b-14-\u00d7-40mm-2-100x100.webp 100w, https:\/\/www.aiyin.com\/wp-content\/uploads\/2025\/03\/Wholesale-Colorful-Mini-Thermal-Printer-Paper\u200b-14-\u00d7-40mm-2.webp 1500w\" sizes=\"(max-width: 1280px) 100vw, 1280px\" \/><\/figure>\n<\/div>\n\n\n\n<div class=\"wp-block-column is-layout-flow wp-block-column-is-layout-flow\">\n<figure class=\"wp-block-image size-large\"><img decoding=\"async\" width=\"1280\" height=\"1280\" src=\"https:\/\/www.aiyin.com\/wp-content\/uploads\/2025\/03\/Wholesale-Colorful-Mini-Thermal-Printer-Paper\u200b-14-\u00d7-40mm-1-1280x1280.webp\" alt=\"Mayorista Mini papel t\u00e9rmico de colores para impresora 14 \u00d7 40mm (1)\" class=\"wp-image-3508\" srcset=\"https:\/\/www.aiyin.com\/wp-content\/uploads\/2025\/03\/Wholesale-Colorful-Mini-Thermal-Printer-Paper\u200b-14-\u00d7-40mm-1-1280x1280.webp 1280w, https:\/\/www.aiyin.com\/wp-content\/uploads\/2025\/03\/Wholesale-Colorful-Mini-Thermal-Printer-Paper\u200b-14-\u00d7-40mm-1-150x150.webp 150w, https:\/\/www.aiyin.com\/wp-content\/uploads\/2025\/03\/Wholesale-Colorful-Mini-Thermal-Printer-Paper\u200b-14-\u00d7-40mm-1-768x768.webp 768w, https:\/\/www.aiyin.com\/wp-content\/uploads\/2025\/03\/Wholesale-Colorful-Mini-Thermal-Printer-Paper\u200b-14-\u00d7-40mm-1-300x300.webp 300w, https:\/\/www.aiyin.com\/wp-content\/uploads\/2025\/03\/Wholesale-Colorful-Mini-Thermal-Printer-Paper\u200b-14-\u00d7-40mm-1-600x600.webp 600w, https:\/\/www.aiyin.com\/wp-content\/uploads\/2025\/03\/Wholesale-Colorful-Mini-Thermal-Printer-Paper\u200b-14-\u00d7-40mm-1-100x100.webp 100w, https:\/\/www.aiyin.com\/wp-content\/uploads\/2025\/03\/Wholesale-Colorful-Mini-Thermal-Printer-Paper\u200b-14-\u00d7-40mm-1.webp 1500w\" sizes=\"(max-width: 1280px) 100vw, 1280px\" \/><\/figure>\n<\/div>\n<\/div>\n\n\n\n<div class=\"wp-block-columns is-layout-flex wp-container-core-columns-is-layout-9d6595d7 wp-block-columns-is-layout-flex\">\n<div class=\"wp-block-column is-layout-flow wp-block-column-is-layout-flow\">\n<figure class=\"wp-block-image size-large\"><img decoding=\"async\" width=\"1280\" height=\"1280\" src=\"https:\/\/www.aiyin.com\/wp-content\/uploads\/2025\/03\/Wholesale-Colorful-Mini-Thermal-Printer-Paper\u200b-14-\u00d7-40mm-7-1280x1280.webp\" alt=\"Mayorista Mini papel t\u00e9rmico de colores para impresora 14 \u00d7 40mm (7)\" class=\"wp-image-3514\" srcset=\"https:\/\/www.aiyin.com\/wp-content\/uploads\/2025\/03\/Wholesale-Colorful-Mini-Thermal-Printer-Paper\u200b-14-\u00d7-40mm-7-1280x1280.webp 1280w, https:\/\/www.aiyin.com\/wp-content\/uploads\/2025\/03\/Wholesale-Colorful-Mini-Thermal-Printer-Paper\u200b-14-\u00d7-40mm-7-150x150.webp 150w, https:\/\/www.aiyin.com\/wp-content\/uploads\/2025\/03\/Wholesale-Colorful-Mini-Thermal-Printer-Paper\u200b-14-\u00d7-40mm-7-768x768.webp 768w, https:\/\/www.aiyin.com\/wp-content\/uploads\/2025\/03\/Wholesale-Colorful-Mini-Thermal-Printer-Paper\u200b-14-\u00d7-40mm-7-300x300.webp 300w, https:\/\/www.aiyin.com\/wp-content\/uploads\/2025\/03\/Wholesale-Colorful-Mini-Thermal-Printer-Paper\u200b-14-\u00d7-40mm-7-600x600.webp 600w, https:\/\/www.aiyin.com\/wp-content\/uploads\/2025\/03\/Wholesale-Colorful-Mini-Thermal-Printer-Paper\u200b-14-\u00d7-40mm-7-100x100.webp 100w, https:\/\/www.aiyin.com\/wp-content\/uploads\/2025\/03\/Wholesale-Colorful-Mini-Thermal-Printer-Paper\u200b-14-\u00d7-40mm-7.webp 1500w\" sizes=\"(max-width: 1280px) 100vw, 1280px\" \/><\/figure>\n<\/div>\n\n\n\n<div class=\"wp-block-column is-layout-flow wp-block-column-is-layout-flow\">\n<figure class=\"wp-block-image size-large\"><img decoding=\"async\" width=\"1280\" height=\"1280\" src=\"https:\/\/www.aiyin.com\/wp-content\/uploads\/2025\/03\/Wholesale-Colorful-Mini-Thermal-Printer-Paper-14-\u00d7-40mm-4-1280x1280.webp\" alt=\"Mayorista Mini papel t\u00e9rmico de colores para impresora 14 \u00d7 40mm (4)\" class=\"wp-image-3511\" srcset=\"\" sizes=\"(max-width: 1280px) 100vw, 1280px\" data-srcset=\"\" \/><\/figure>\n<\/div>\n\n\n\n<div class=\"wp-block-column is-layout-flow wp-block-column-is-layout-flow\">\n<figure class=\"wp-block-image size-large\"><img decoding=\"async\" width=\"1280\" height=\"1280\" src=\"https:\/\/www.aiyin.com\/wp-content\/uploads\/2025\/03\/Wholesale-Colorful-Mini-Thermal-Printer-Paper\u200b-14-\u00d7-40mm-6-1280x1280.webp\" alt=\"Mayorista Mini papel t\u00e9rmico de colores para impresora 14 \u00d7 40mm (6)\" class=\"wp-image-3513\" srcset=\"https:\/\/www.aiyin.com\/wp-content\/uploads\/2025\/03\/Wholesale-Colorful-Mini-Thermal-Printer-Paper\u200b-14-\u00d7-40mm-6-1280x1280.webp 1280w, https:\/\/www.aiyin.com\/wp-content\/uploads\/2025\/03\/Wholesale-Colorful-Mini-Thermal-Printer-Paper\u200b-14-\u00d7-40mm-6-150x150.webp 150w, https:\/\/www.aiyin.com\/wp-content\/uploads\/2025\/03\/Wholesale-Colorful-Mini-Thermal-Printer-Paper\u200b-14-\u00d7-40mm-6-768x768.webp 768w, https:\/\/www.aiyin.com\/wp-content\/uploads\/2025\/03\/Wholesale-Colorful-Mini-Thermal-Printer-Paper\u200b-14-\u00d7-40mm-6-300x300.webp 300w, https:\/\/www.aiyin.com\/wp-content\/uploads\/2025\/03\/Wholesale-Colorful-Mini-Thermal-Printer-Paper\u200b-14-\u00d7-40mm-6-600x600.webp 600w, https:\/\/www.aiyin.com\/wp-content\/uploads\/2025\/03\/Wholesale-Colorful-Mini-Thermal-Printer-Paper\u200b-14-\u00d7-40mm-6-100x100.webp 100w, https:\/\/www.aiyin.com\/wp-content\/uploads\/2025\/03\/Wholesale-Colorful-Mini-Thermal-Printer-Paper\u200b-14-\u00d7-40mm-6.webp 1500w\" sizes=\"(max-width: 1280px) 100vw, 1280px\" \/><\/figure>\n<\/div>\n<\/div>\n\n\n\n<figure class=\"wp-block-image size-full\"><img decoding=\"async\" width=\"720\" height=\"720\" src=\"https:\/\/www.aiyin.com\/wp-content\/uploads\/2025\/02\/Mini-Thermal-Printer-Paper-3.webp\" alt=\"\" class=\"wp-image-4941\" srcset=\"https:\/\/www.aiyin.com\/wp-content\/uploads\/2025\/02\/Mini-Thermal-Printer-Paper-3.webp 720w, https:\/\/www.aiyin.com\/wp-content\/uploads\/2025\/02\/Mini-Thermal-Printer-Paper-3-150x150.webp 150w, https:\/\/www.aiyin.com\/wp-content\/uploads\/2025\/02\/Mini-Thermal-Printer-Paper-3-12x12.webp 12w, https:\/\/www.aiyin.com\/wp-content\/uploads\/2025\/02\/Mini-Thermal-Printer-Paper-3-300x300.webp 300w, https:\/\/www.aiyin.com\/wp-content\/uploads\/2025\/02\/Mini-Thermal-Printer-Paper-3-600x600.webp 600w, https:\/\/www.aiyin.com\/wp-content\/uploads\/2025\/02\/Mini-Thermal-Printer-Paper-3-100x100.webp 100w\" sizes=\"(max-width: 720px) 100vw, 720px\" \/><\/figure>","protected":false},"excerpt":{"rendered":"<p>Los rollos de papel para mini impresora t\u00e9rmica en color al por mayor (14 \u00d7 40 mm) son perfectos para dar vida a sus etiquetas y dise\u00f1os, y pueden utilizarse para regalos personalizados, proyectos de manualidades, organizaci\u00f3n del hogar y productos de venta al por menor.<\/p>\n<h2>Caracter\u00edsticas del papel para mini impresora t\u00e9rmica de colores 14 \u00d7 40 mm<\/h2>\n<div>\n<p><strong>Dise\u00f1o de moda:<\/strong> Este mini papel para impresora t\u00e9rmica incorpora un dise\u00f1o colorido y un aspecto simp\u00e1tico, que gusta mucho a ni\u00f1os y j\u00f3venes, y a\u00f1ade elementos interesantes a diversos regalos.<\/p>\n<p><strong>Material de alta calidad:<\/strong> La cinta t\u00e9rmica para etiquetas est\u00e1 fabricada con material adhesivo impermeable, sin BPA ni BPS.<\/p>\n<p><strong>Impresi\u00f3n inteligente:<\/strong> Combinado con la etiquetadora dom\u00e9stica y la APP de tel\u00e9fono m\u00f3vil proporcionada por AiYin para controlar la salida de impresi\u00f3n, presenta perfectamente una variedad de interesantes efectos de impresi\u00f3n.<\/p>\n<p><strong>M\u00faltiples usos:<\/strong> Adecuado para imprimir etiquetas de alimentos, direcciones, envases, etiquetas de bricolaje, almacenamiento en frigor\u00edficos, etiquetas de entrega, almacenamiento, etiquetas de nombre, etc.<\/p>\n<\/div>","protected":false},"featured_media":3511,"comment_status":"closed","ping_status":"closed","template":"","meta":{"_acf_changed":false},"product_brand":[],"product_cat":[120],"product_tag":[],"class_list":{"0":"post-3507","1":"product","2":"type-product","3":"status-publish","4":"has-post-thumbnail","6":"product_cat-wholesale-thermal-paper-rolls","7":"pa_paper-for-home-label-maker","9":"first","10":"instock","11":"shipping-taxable","12":"product-type-simple"},"acf":[],"_links":{"self":[{"href":"https:\/\/www.aiyin.com\/es\/wp-json\/wp\/v2\/product\/3507","targetHints":{"allow":["GET"]}}],"collection":[{"href":"https:\/\/www.aiyin.com\/es\/wp-json\/wp\/v2\/product"}],"about":[{"href":"https:\/\/www.aiyin.com\/es\/wp-json\/wp\/v2\/types\/product"}],"replies":[{"embeddable":true,"href":"https:\/\/www.aiyin.com\/es\/wp-json\/wp\/v2\/comments?post=3507"}],"wp:featuredmedia":[{"embeddable":true,"href":"https:\/\/www.aiyin.com\/es\/wp-json\/wp\/v2\/media\/3511"}],"wp:attachment":[{"href":"https:\/\/www.aiyin.com\/es\/wp-json\/wp\/v2\/media?parent=3507"}],"wp:term":[{"taxonomy":"product_brand","embeddable":true,"href":"https:\/\/www.aiyin.com\/es\/wp-json\/wp\/v2\/product_brand?post=3507"},{"taxonomy":"product_cat","embeddable":true,"href":"https:\/\/www.aiyin.com\/es\/wp-json\/wp\/v2\/product_cat?post=3507"},{"taxonomy":"product_tag","embeddable":true,"href":"https:\/\/www.aiyin.com\/es\/wp-json\/wp\/v2\/product_tag?post=3507"}],"curies":[{"name":"wp","href":"https:\/\/api.w.org\/{rel}","templated":true}]}}