{"id":3498,"date":"2025-02-20T08:59:32","date_gmt":"2025-02-20T08:59:32","guid":{"rendered":"https:\/\/www.jinghuaceramic.com\/?post_type=product&#038;p=3498"},"modified":"2025-07-08T05:20:02","modified_gmt":"2025-07-08T05:20:02","slug":"wholesale-mini-thermal-printer-paper-rolls-15-x-30mm","status":"publish","type":"product","link":"https:\/\/www.aiyin.com\/es\/product\/wholesale-mini-thermal-printer-paper-rolls-15-x-30mm\/","title":{"rendered":"Mayorista Mini rollos de papel para impresora t\u00e9rmica 15\u00d730mm \/ 15x40mm \/ 15x50mm- Adecuado para AiYin Home Label Maker"},"content":{"rendered":"<h2 class=\"wp-block-heading\">Detalles del rollo de papel para mini impresora t\u00e9rmica<\/h2>\n\n\n\n<hr class=\"wp-block-separator has-alpha-channel-opacity\"\/>\n\n\n\n<div class=\"wp-block-columns is-layout-flex wp-container-core-columns-is-layout-9d6595d7 wp-block-columns-is-layout-flex\">\n<div class=\"wp-block-column is-layout-flow wp-block-column-is-layout-flow\" style=\"flex-basis:25%\"><\/div>\n<\/div>\n\n\n\n<figure class=\"wp-block-image size-large\"><img decoding=\"async\" width=\"1280\" height=\"1280\" src=\"https:\/\/www.aiyin.com\/wp-content\/uploads\/2025\/03\/Wholesale-Mini-Thermal-Printer-Paper\u200b-Rolls-15-\u00d7-30mm-1-1280x1280.webp\" alt=\"Mayorista Mini rollos de papel para impresora t\u00e9rmica 15 \u00d7 30mm (1)\" class=\"wp-image-3499\" srcset=\"https:\/\/www.aiyin.com\/wp-content\/uploads\/2025\/03\/Wholesale-Mini-Thermal-Printer-Paper\u200b-Rolls-15-\u00d7-30mm-1-1280x1280.webp 1280w, https:\/\/www.aiyin.com\/wp-content\/uploads\/2025\/03\/Wholesale-Mini-Thermal-Printer-Paper\u200b-Rolls-15-\u00d7-30mm-1-150x150.webp 150w, https:\/\/www.aiyin.com\/wp-content\/uploads\/2025\/03\/Wholesale-Mini-Thermal-Printer-Paper\u200b-Rolls-15-\u00d7-30mm-1-768x768.webp 768w, https:\/\/www.aiyin.com\/wp-content\/uploads\/2025\/03\/Wholesale-Mini-Thermal-Printer-Paper\u200b-Rolls-15-\u00d7-30mm-1-300x300.webp 300w, https:\/\/www.aiyin.com\/wp-content\/uploads\/2025\/03\/Wholesale-Mini-Thermal-Printer-Paper\u200b-Rolls-15-\u00d7-30mm-1-600x600.webp 600w, https:\/\/www.aiyin.com\/wp-content\/uploads\/2025\/03\/Wholesale-Mini-Thermal-Printer-Paper\u200b-Rolls-15-\u00d7-30mm-1-100x100.webp 100w, https:\/\/www.aiyin.com\/wp-content\/uploads\/2025\/03\/Wholesale-Mini-Thermal-Printer-Paper\u200b-Rolls-15-\u00d7-30mm-1.webp 1500w\" sizes=\"(max-width: 1280px) 100vw, 1280px\" \/><\/figure>\n\n\n\n<div class=\"wp-block-columns is-layout-flex wp-container-core-columns-is-layout-9d6595d7 wp-block-columns-is-layout-flex\">\n<div class=\"wp-block-column is-layout-flow wp-block-column-is-layout-flow\">\n<figure class=\"wp-block-image size-large\"><img decoding=\"async\" width=\"1280\" height=\"1280\" src=\"https:\/\/www.aiyin.com\/wp-content\/uploads\/2025\/03\/Wholesale-Mini-Thermal-Printer-Paper\u200b-Rolls-15-\u00d7-30mm-6-1280x1280.webp\" alt=\"Mayorista Mini rollos de papel para impresora t\u00e9rmica 15 \u00d7 30mm (6)\" class=\"wp-image-3504\" srcset=\"https:\/\/www.aiyin.com\/wp-content\/uploads\/2025\/03\/Wholesale-Mini-Thermal-Printer-Paper\u200b-Rolls-15-\u00d7-30mm-6-1280x1280.webp 1280w, https:\/\/www.aiyin.com\/wp-content\/uploads\/2025\/03\/Wholesale-Mini-Thermal-Printer-Paper\u200b-Rolls-15-\u00d7-30mm-6-150x150.webp 150w, https:\/\/www.aiyin.com\/wp-content\/uploads\/2025\/03\/Wholesale-Mini-Thermal-Printer-Paper\u200b-Rolls-15-\u00d7-30mm-6-768x768.webp 768w, https:\/\/www.aiyin.com\/wp-content\/uploads\/2025\/03\/Wholesale-Mini-Thermal-Printer-Paper\u200b-Rolls-15-\u00d7-30mm-6-300x300.webp 300w, https:\/\/www.aiyin.com\/wp-content\/uploads\/2025\/03\/Wholesale-Mini-Thermal-Printer-Paper\u200b-Rolls-15-\u00d7-30mm-6-600x600.webp 600w, https:\/\/www.aiyin.com\/wp-content\/uploads\/2025\/03\/Wholesale-Mini-Thermal-Printer-Paper\u200b-Rolls-15-\u00d7-30mm-6-100x100.webp 100w, https:\/\/www.aiyin.com\/wp-content\/uploads\/2025\/03\/Wholesale-Mini-Thermal-Printer-Paper\u200b-Rolls-15-\u00d7-30mm-6.webp 1500w\" sizes=\"(max-width: 1280px) 100vw, 1280px\" \/><\/figure>\n<\/div>\n\n\n\n<div class=\"wp-block-column is-layout-flow wp-block-column-is-layout-flow\">\n<figure class=\"wp-block-image size-large\"><img decoding=\"async\" width=\"1280\" height=\"1280\" src=\"https:\/\/www.aiyin.com\/wp-content\/uploads\/2025\/03\/Wholesale-Mini-Thermal-Printer-Paper\u200b-Rolls-15-\u00d7-30mm-5-1280x1280.webp\" alt=\"Mayorista Mini rollos de papel para impresora t\u00e9rmica 15 \u00d7 30mm (5)\" class=\"wp-image-3503\" srcset=\"https:\/\/www.aiyin.com\/wp-content\/uploads\/2025\/03\/Wholesale-Mini-Thermal-Printer-Paper\u200b-Rolls-15-\u00d7-30mm-5-1280x1280.webp 1280w, https:\/\/www.aiyin.com\/wp-content\/uploads\/2025\/03\/Wholesale-Mini-Thermal-Printer-Paper\u200b-Rolls-15-\u00d7-30mm-5-150x150.webp 150w, https:\/\/www.aiyin.com\/wp-content\/uploads\/2025\/03\/Wholesale-Mini-Thermal-Printer-Paper\u200b-Rolls-15-\u00d7-30mm-5-768x768.webp 768w, https:\/\/www.aiyin.com\/wp-content\/uploads\/2025\/03\/Wholesale-Mini-Thermal-Printer-Paper\u200b-Rolls-15-\u00d7-30mm-5-300x300.webp 300w, https:\/\/www.aiyin.com\/wp-content\/uploads\/2025\/03\/Wholesale-Mini-Thermal-Printer-Paper\u200b-Rolls-15-\u00d7-30mm-5-600x600.webp 600w, https:\/\/www.aiyin.com\/wp-content\/uploads\/2025\/03\/Wholesale-Mini-Thermal-Printer-Paper\u200b-Rolls-15-\u00d7-30mm-5-100x100.webp 100w\" sizes=\"(max-width: 1280px) 100vw, 1280px\" \/><\/figure>\n<\/div>\n<\/div>\n\n\n\n<div class=\"wp-block-columns is-layout-flex wp-container-core-columns-is-layout-9d6595d7 wp-block-columns-is-layout-flex\">\n<div class=\"wp-block-column is-layout-flow wp-block-column-is-layout-flow\">\n<figure class=\"wp-block-image size-large\"><img decoding=\"async\" width=\"1280\" height=\"1280\" src=\"https:\/\/www.aiyin.com\/wp-content\/uploads\/2025\/03\/Wholesale-Mini-Thermal-Printer-Paper\u200b-Rolls-15-\u00d7-30mm-3-1280x1280.webp\" alt=\"Mayorista Mini rollos de papel para impresora t\u00e9rmica 15 \u00d7 30mm (3)\" class=\"wp-image-3501\" srcset=\"https:\/\/www.aiyin.com\/wp-content\/uploads\/2025\/03\/Wholesale-Mini-Thermal-Printer-Paper\u200b-Rolls-15-\u00d7-30mm-3-1280x1280.webp 1280w, https:\/\/www.aiyin.com\/wp-content\/uploads\/2025\/03\/Wholesale-Mini-Thermal-Printer-Paper\u200b-Rolls-15-\u00d7-30mm-3-150x150.webp 150w, https:\/\/www.aiyin.com\/wp-content\/uploads\/2025\/03\/Wholesale-Mini-Thermal-Printer-Paper\u200b-Rolls-15-\u00d7-30mm-3-768x768.webp 768w, https:\/\/www.aiyin.com\/wp-content\/uploads\/2025\/03\/Wholesale-Mini-Thermal-Printer-Paper\u200b-Rolls-15-\u00d7-30mm-3-300x300.webp 300w, https:\/\/www.aiyin.com\/wp-content\/uploads\/2025\/03\/Wholesale-Mini-Thermal-Printer-Paper\u200b-Rolls-15-\u00d7-30mm-3-600x600.webp 600w, https:\/\/www.aiyin.com\/wp-content\/uploads\/2025\/03\/Wholesale-Mini-Thermal-Printer-Paper\u200b-Rolls-15-\u00d7-30mm-3-100x100.webp 100w, https:\/\/www.aiyin.com\/wp-content\/uploads\/2025\/03\/Wholesale-Mini-Thermal-Printer-Paper\u200b-Rolls-15-\u00d7-30mm-3.webp 1500w\" sizes=\"(max-width: 1280px) 100vw, 1280px\" \/><\/figure>\n<\/div>\n\n\n\n<div class=\"wp-block-column is-layout-flow wp-block-column-is-layout-flow\">\n<figure class=\"wp-block-image size-large\"><img decoding=\"async\" width=\"1280\" height=\"1280\" src=\"https:\/\/www.aiyin.com\/wp-content\/uploads\/2025\/03\/Wholesale-Mini-Thermal-Printer-Paper\u200b-Rolls-15-\u00d7-30mm-4-1280x1280.webp\" alt=\"Mayorista Mini rollos de papel para impresora t\u00e9rmica 15 \u00d7 30mm (4)\" class=\"wp-image-3502\" srcset=\"https:\/\/www.aiyin.com\/wp-content\/uploads\/2025\/03\/Wholesale-Mini-Thermal-Printer-Paper\u200b-Rolls-15-\u00d7-30mm-4-1280x1280.webp 1280w, https:\/\/www.aiyin.com\/wp-content\/uploads\/2025\/03\/Wholesale-Mini-Thermal-Printer-Paper\u200b-Rolls-15-\u00d7-30mm-4-150x150.webp 150w, https:\/\/www.aiyin.com\/wp-content\/uploads\/2025\/03\/Wholesale-Mini-Thermal-Printer-Paper\u200b-Rolls-15-\u00d7-30mm-4-768x768.webp 768w, https:\/\/www.aiyin.com\/wp-content\/uploads\/2025\/03\/Wholesale-Mini-Thermal-Printer-Paper\u200b-Rolls-15-\u00d7-30mm-4-300x300.webp 300w, https:\/\/www.aiyin.com\/wp-content\/uploads\/2025\/03\/Wholesale-Mini-Thermal-Printer-Paper\u200b-Rolls-15-\u00d7-30mm-4-600x600.webp 600w, https:\/\/www.aiyin.com\/wp-content\/uploads\/2025\/03\/Wholesale-Mini-Thermal-Printer-Paper\u200b-Rolls-15-\u00d7-30mm-4-100x100.webp 100w, https:\/\/www.aiyin.com\/wp-content\/uploads\/2025\/03\/Wholesale-Mini-Thermal-Printer-Paper\u200b-Rolls-15-\u00d7-30mm-4.webp 1500w\" sizes=\"(max-width: 1280px) 100vw, 1280px\" \/><\/figure>\n<\/div>\n\n\n\n<div class=\"wp-block-column is-layout-flow wp-block-column-is-layout-flow\">\n<figure class=\"wp-block-image size-large\"><img decoding=\"async\" width=\"1280\" height=\"1280\" src=\"https:\/\/www.aiyin.com\/wp-content\/uploads\/2025\/03\/Wholesale-Mini-Thermal-Printer-Paper\u200b-Rolls-15-\u00d7-30mm-2-1280x1280.webp\" alt=\"Mayorista Mini rollos de papel para impresora t\u00e9rmica 15 \u00d7 30mm (2)\" class=\"wp-image-3500\" srcset=\"https:\/\/www.aiyin.com\/wp-content\/uploads\/2025\/03\/Wholesale-Mini-Thermal-Printer-Paper\u200b-Rolls-15-\u00d7-30mm-2-1280x1280.webp 1280w, https:\/\/www.aiyin.com\/wp-content\/uploads\/2025\/03\/Wholesale-Mini-Thermal-Printer-Paper\u200b-Rolls-15-\u00d7-30mm-2-150x150.webp 150w, https:\/\/www.aiyin.com\/wp-content\/uploads\/2025\/03\/Wholesale-Mini-Thermal-Printer-Paper\u200b-Rolls-15-\u00d7-30mm-2-768x768.webp 768w, https:\/\/www.aiyin.com\/wp-content\/uploads\/2025\/03\/Wholesale-Mini-Thermal-Printer-Paper\u200b-Rolls-15-\u00d7-30mm-2-300x300.webp 300w, https:\/\/www.aiyin.com\/wp-content\/uploads\/2025\/03\/Wholesale-Mini-Thermal-Printer-Paper\u200b-Rolls-15-\u00d7-30mm-2-600x600.webp 600w, https:\/\/www.aiyin.com\/wp-content\/uploads\/2025\/03\/Wholesale-Mini-Thermal-Printer-Paper\u200b-Rolls-15-\u00d7-30mm-2-100x100.webp 100w, https:\/\/www.aiyin.com\/wp-content\/uploads\/2025\/03\/Wholesale-Mini-Thermal-Printer-Paper\u200b-Rolls-15-\u00d7-30mm-2.webp 1500w\" sizes=\"(max-width: 1280px) 100vw, 1280px\" \/><\/figure>\n<\/div>\n<\/div>\n\n\n\n<figure class=\"wp-block-image size-large\"><img decoding=\"async\" width=\"1280\" height=\"1280\" src=\"https:\/\/www.aiyin.com\/wp-content\/uploads\/2025\/02\/Mini-Thermal-Printer-Paper-4-1280x1280.webp\" alt=\"\" class=\"wp-image-4938\" srcset=\"https:\/\/www.aiyin.com\/wp-content\/uploads\/2025\/02\/Mini-Thermal-Printer-Paper-4-1280x1280.webp 1280w, https:\/\/www.aiyin.com\/wp-content\/uploads\/2025\/02\/Mini-Thermal-Printer-Paper-4-150x150.webp 150w, https:\/\/www.aiyin.com\/wp-content\/uploads\/2025\/02\/Mini-Thermal-Printer-Paper-4-768x768.webp 768w, https:\/\/www.aiyin.com\/wp-content\/uploads\/2025\/02\/Mini-Thermal-Printer-Paper-4-12x12.webp 12w, https:\/\/www.aiyin.com\/wp-content\/uploads\/2025\/02\/Mini-Thermal-Printer-Paper-4-300x300.webp 300w, https:\/\/www.aiyin.com\/wp-content\/uploads\/2025\/02\/Mini-Thermal-Printer-Paper-4-600x600.webp 600w, https:\/\/www.aiyin.com\/wp-content\/uploads\/2025\/02\/Mini-Thermal-Printer-Paper-4-100x100.webp 100w, https:\/\/www.aiyin.com\/wp-content\/uploads\/2025\/02\/Mini-Thermal-Printer-Paper-4.webp 1600w\" sizes=\"(max-width: 1280px) 100vw, 1280px\" \/><\/figure>","protected":false},"excerpt":{"rendered":"<p>Utiliza este mini papel t\u00e9rmico en combinaci\u00f3n con la rotuladora dom\u00e9stica de AiYin y con\u00e9ctate a la app mediante Bluetooth para crear contenido impreso.<\/p>\n<h2>Caracter\u00edsticas del rollo de papel para mini impresora t\u00e9rmica 15 \u00d7 30 mm<\/h2>\n<div>\n<p><strong>Tama\u00f1o compacto:<\/strong> Estos mini rollos de papel para impresora t\u00e9rmica est\u00e1n dise\u00f1ados para la impresi\u00f3n de etiquetas a peque\u00f1a escala, perfectos para uso dom\u00e9stico, entornos de oficina y peque\u00f1as empresas.<\/p>\n<p><strong>F\u00e1cil de usar:<\/strong> El soporte autoadhesivo permite etiquetar f\u00e1cilmente en diversas superficies, y no se necesitan herramientas adicionales.<\/p>\n<p><strong>Escenarios aplicables:<\/strong> Esta pegatina se puede utilizar para hacer etiquetas de cuadernos, notas adhesivas, escribir nombres y otras ocasiones.<\/p>\n<p><strong>Aplicaci\u00f3n f\u00e1cil de usar:<\/strong> En combinaci\u00f3n con la aplicaci\u00f3n m\u00f3vil de aiyin, ofrecemos una gran variedad de iconos, fuentes y marcos. Solo tienes que combinar el texto de entrada con el texto de la imagen para imprimir sin problemas.<\/p>\n<\/div>","protected":false},"featured_media":4937,"comment_status":"closed","ping_status":"closed","template":"","meta":{"_acf_changed":true},"product_brand":[],"product_cat":[120],"product_tag":[],"class_list":{"0":"post-3498","1":"product","2":"type-product","3":"status-publish","4":"has-post-thumbnail","6":"product_cat-wholesale-thermal-paper-rolls","7":"pa_paper-for-home-label-maker","9":"first","10":"instock","11":"shipping-taxable","12":"product-type-simple"},"acf":[],"_links":{"self":[{"href":"https:\/\/www.aiyin.com\/es\/wp-json\/wp\/v2\/product\/3498","targetHints":{"allow":["GET"]}}],"collection":[{"href":"https:\/\/www.aiyin.com\/es\/wp-json\/wp\/v2\/product"}],"about":[{"href":"https:\/\/www.aiyin.com\/es\/wp-json\/wp\/v2\/types\/product"}],"replies":[{"embeddable":true,"href":"https:\/\/www.aiyin.com\/es\/wp-json\/wp\/v2\/comments?post=3498"}],"wp:featuredmedia":[{"embeddable":true,"href":"https:\/\/www.aiyin.com\/es\/wp-json\/wp\/v2\/media\/4937"}],"wp:attachment":[{"href":"https:\/\/www.aiyin.com\/es\/wp-json\/wp\/v2\/media?parent=3498"}],"wp:term":[{"taxonomy":"product_brand","embeddable":true,"href":"https:\/\/www.aiyin.com\/es\/wp-json\/wp\/v2\/product_brand?post=3498"},{"taxonomy":"product_cat","embeddable":true,"href":"https:\/\/www.aiyin.com\/es\/wp-json\/wp\/v2\/product_cat?post=3498"},{"taxonomy":"product_tag","embeddable":true,"href":"https:\/\/www.aiyin.com\/es\/wp-json\/wp\/v2\/product_tag?post=3498"}],"curies":[{"name":"wp","href":"https:\/\/api.w.org\/{rel}","templated":true}]}}