{"id":3490,"date":"2025-02-20T06:45:10","date_gmt":"2025-02-20T06:45:10","guid":{"rendered":"https:\/\/www.jinghuaceramic.com\/?post_type=product&#038;p=3490"},"modified":"2025-07-08T05:29:43","modified_gmt":"2025-07-08T05:29:43","slug":"wholesale-thermal-printer-paper-100mm-x-80mm","status":"publish","type":"product","link":"https:\/\/www.aiyin.com\/es\/product\/wholesale-thermal-printer-paper-100mm-x-80mm\/","title":{"rendered":"Mayorista Papel para impresora t\u00e9rmica 100 \u00d7 80mm"},"content":{"rendered":"<h2 class=\"wp-block-heading\">Detalles del papel para impresora t\u00e9rmica 100 mm X 80 mm<\/h2>\n\n\n\n<hr class=\"wp-block-separator has-alpha-channel-opacity\" \/>\n\n\n\n<div class=\"wp-block-columns is-layout-flex wp-container-core-columns-is-layout-9d6595d7 wp-block-columns-is-layout-flex\">\n<div class=\"wp-block-column is-layout-flow wp-block-column-is-layout-flow\">\n<figure class=\"wp-block-image size-large\"><img decoding=\"async\" width=\"1280\" height=\"1280\" src=\"https:\/\/www.aiyin.com\/wp-content\/uploads\/2025\/03\/wholesale-thermal-printer-paper-100mm-x-80mm-1-1280x1280.webp\" alt=\"mayorista papel impresora t\u00e9rmica 100mm x 80mm (1)\" class=\"wp-image-3491\" srcset=\"https:\/\/www.aiyin.com\/wp-content\/uploads\/2025\/03\/wholesale-thermal-printer-paper-100mm-x-80mm-1-1280x1280.webp 1280w, https:\/\/www.aiyin.com\/wp-content\/uploads\/2025\/03\/wholesale-thermal-printer-paper-100mm-x-80mm-1-150x150.webp 150w, https:\/\/www.aiyin.com\/wp-content\/uploads\/2025\/03\/wholesale-thermal-printer-paper-100mm-x-80mm-1-768x768.webp 768w, https:\/\/www.aiyin.com\/wp-content\/uploads\/2025\/03\/wholesale-thermal-printer-paper-100mm-x-80mm-1-300x300.webp 300w, https:\/\/www.aiyin.com\/wp-content\/uploads\/2025\/03\/wholesale-thermal-printer-paper-100mm-x-80mm-1-600x600.webp 600w, https:\/\/www.aiyin.com\/wp-content\/uploads\/2025\/03\/wholesale-thermal-printer-paper-100mm-x-80mm-1-100x100.webp 100w, https:\/\/www.aiyin.com\/wp-content\/uploads\/2025\/03\/wholesale-thermal-printer-paper-100mm-x-80mm-1.webp 1500w\" sizes=\"(max-width: 1280px) 100vw, 1280px\" \/><\/figure>\n<\/div>\n\n\n\n<div class=\"wp-block-column is-layout-flow wp-block-column-is-layout-flow\">\n<figure class=\"wp-block-image size-large\"><img decoding=\"async\" width=\"1280\" height=\"1280\" src=\"https:\/\/www.aiyin.com\/wp-content\/uploads\/2025\/03\/wholesale-thermal-printer-paper-100mm-x-80mm-2-1280x1280.webp\" alt=\"mayorista papel impresora t\u00e9rmica 100mm x 80mm (2)\" class=\"wp-image-3492\" srcset=\"https:\/\/www.aiyin.com\/wp-content\/uploads\/2025\/03\/wholesale-thermal-printer-paper-100mm-x-80mm-2-1280x1280.webp 1280w, https:\/\/www.aiyin.com\/wp-content\/uploads\/2025\/03\/wholesale-thermal-printer-paper-100mm-x-80mm-2-150x150.webp 150w, https:\/\/www.aiyin.com\/wp-content\/uploads\/2025\/03\/wholesale-thermal-printer-paper-100mm-x-80mm-2-768x768.webp 768w, https:\/\/www.aiyin.com\/wp-content\/uploads\/2025\/03\/wholesale-thermal-printer-paper-100mm-x-80mm-2-300x300.webp 300w, https:\/\/www.aiyin.com\/wp-content\/uploads\/2025\/03\/wholesale-thermal-printer-paper-100mm-x-80mm-2-600x600.webp 600w, https:\/\/www.aiyin.com\/wp-content\/uploads\/2025\/03\/wholesale-thermal-printer-paper-100mm-x-80mm-2-100x100.webp 100w, https:\/\/www.aiyin.com\/wp-content\/uploads\/2025\/03\/wholesale-thermal-printer-paper-100mm-x-80mm-2.webp 1500w\" sizes=\"(max-width: 1280px) 100vw, 1280px\" \/><\/figure>\n<\/div>\n<\/div>","protected":false},"excerpt":{"rendered":"<p>Papel para impresora t\u00e9rmica al por mayor de 100 mm \u00d7 80 mm, compatible con una gran variedad de impresoras t\u00e9rmicas, impresi\u00f3n clara, adecuado para log\u00edstica, venta al por menor, medicina, almacenamiento y otras industrias.<\/p>\n<h2>Caracter\u00edsticas del papel para impresora t\u00e9rmica 100mm \u00d7 80mm<\/h2>\n<div>\n<p><strong>Tenga en cuenta lo siguiente:<\/strong> Este producto s\u00f3lo es apto para impresoras t\u00e9rmicas, no para impresoras l\u00e1ser o de inyecci\u00f3n de tinta.<\/p>\n<p><strong>Impresi\u00f3n clara:<\/strong> Recubrimiento t\u00e9rmico de alta calidad, alto contraste, impresi\u00f3n n\u00edtida.<\/p>\n<p><strong>Servicio mayorista:<\/strong> Se ofrece un servicio de compra a granel para satisfacer las necesidades de impresi\u00f3n a gran escala de los usuarios corporativos.<\/p>\n<p><strong>Dise\u00f1o f\u00e1cil de rasgar:<\/strong> Nuestros rollos de papel para impresoras t\u00e9rmicas tienen un borde f\u00e1cil de rasgar, adecuado para necesidades de impresi\u00f3n de alta frecuencia.<\/p>\n<\/div>","protected":false},"featured_media":3491,"comment_status":"closed","ping_status":"closed","template":"","meta":{"_acf_changed":false},"product_brand":[],"product_cat":[120],"product_tag":[],"class_list":{"0":"post-3490","1":"product","2":"type-product","3":"status-publish","4":"has-post-thumbnail","6":"product_cat-wholesale-thermal-paper-rolls","7":"pa_paper-for-business-label-printer","9":"first","10":"instock","11":"shipping-taxable","12":"product-type-simple"},"acf":[],"_links":{"self":[{"href":"https:\/\/www.aiyin.com\/es\/wp-json\/wp\/v2\/product\/3490","targetHints":{"allow":["GET"]}}],"collection":[{"href":"https:\/\/www.aiyin.com\/es\/wp-json\/wp\/v2\/product"}],"about":[{"href":"https:\/\/www.aiyin.com\/es\/wp-json\/wp\/v2\/types\/product"}],"replies":[{"embeddable":true,"href":"https:\/\/www.aiyin.com\/es\/wp-json\/wp\/v2\/comments?post=3490"}],"wp:featuredmedia":[{"embeddable":true,"href":"https:\/\/www.aiyin.com\/es\/wp-json\/wp\/v2\/media\/3491"}],"wp:attachment":[{"href":"https:\/\/www.aiyin.com\/es\/wp-json\/wp\/v2\/media?parent=3490"}],"wp:term":[{"taxonomy":"product_brand","embeddable":true,"href":"https:\/\/www.aiyin.com\/es\/wp-json\/wp\/v2\/product_brand?post=3490"},{"taxonomy":"product_cat","embeddable":true,"href":"https:\/\/www.aiyin.com\/es\/wp-json\/wp\/v2\/product_cat?post=3490"},{"taxonomy":"product_tag","embeddable":true,"href":"https:\/\/www.aiyin.com\/es\/wp-json\/wp\/v2\/product_tag?post=3490"}],"curies":[{"name":"wp","href":"https:\/\/api.w.org\/{rel}","templated":true}]}}