{"id":2454,"date":"2025-02-20T02:44:36","date_gmt":"2025-02-20T02:44:36","guid":{"rendered":"https:\/\/www.jinghuaceramic.com\/?post_type=product&#038;p=2454"},"modified":"2025-02-22T07:22:35","modified_gmt":"2025-02-22T07:22:35","slug":"wireless-2d-handheld-barcode-scanner-s14","status":"publish","type":"product","link":"https:\/\/www.aiyin.com\/es\/product\/wireless-2d-handheld-barcode-scanner-s14\/","title":{"rendered":"Mayorista Esc\u00e1ner de mano inal\u00e1mbrico de c\u00f3digos de barras 2D - S14, bater\u00eda grande, potente capacidad de reconocimiento"},"content":{"rendered":"<h2 class=\"wp-block-heading\">Detalles del esc\u00e1ner de c\u00f3digos de barras port\u00e1til 2D inal\u00e1mbrico - S14<\/h2>\n\n\n\n<hr class=\"wp-block-separator has-alpha-channel-opacity\"\/>\n\n\n\n<figure class=\"wp-block-image size-large\"><img decoding=\"async\" width=\"1239\" height=\"1280\" src=\"https:\/\/www.aiyin.com\/wp-content\/uploads\/2025\/02\/Wireless-2D-Handheld-Barcode-Scanner\u200b-1-1239x1280.webp\" alt=\"Esc\u00e1ner inal\u00e1mbrico de c\u00f3digos de barras 2D (1)\" class=\"wp-image-2458\" srcset=\"https:\/\/www.aiyin.com\/wp-content\/uploads\/2025\/02\/Wireless-2D-Handheld-Barcode-Scanner\u200b-1-1239x1280.webp 1239w, https:\/\/www.aiyin.com\/wp-content\/uploads\/2025\/02\/Wireless-2D-Handheld-Barcode-Scanner\u200b-1-768x794.webp 768w, https:\/\/www.aiyin.com\/wp-content\/uploads\/2025\/02\/Wireless-2D-Handheld-Barcode-Scanner\u200b-1-600x620.webp 600w\" sizes=\"(max-width: 1239px) 100vw, 1239px\" \/><\/figure>","protected":false},"excerpt":{"rendered":"<p>Mayorista Esc\u00e1ner inal\u00e1mbrico de c\u00f3digos de barras 2D de mano - S14.La eficaz funci\u00f3n de escaneado de c\u00f3digos de barras ayuda a simplificar la gesti\u00f3n del inventario. A trav\u00e9s de la conexi\u00f3n inal\u00e1mbrica Bluetooth, el personal puede moverse libremente en el almac\u00e9n y escanear r\u00e1pidamente los c\u00f3digos de barras de los productos. Adem\u00e1s, el S14 tambi\u00e9n funciona bien en la industria minorista, la industria m\u00e9dica y la industria de entrega urgente, y es un potente asistente para la gesti\u00f3n de la informaci\u00f3n. P\u00f3ngase en contacto con nosotros para solicitar un presupuesto.<\/p>\n<h2>Caracter\u00edsticas del esc\u00e1ner de c\u00f3digos de barras port\u00e1til 2D inal\u00e1mbrico - S14<\/h2>\n<div>\n<p><strong>Gran capacidad de reconocimiento de c\u00f3digos de pantalla:<\/strong> El esc\u00e1ner de c\u00f3digo de barras inal\u00e1mbrico 2d S14 no s\u00f3lo puede reconocer los c\u00f3digos de barras tradicionales en papel, sino tambi\u00e9n escanear con precisi\u00f3n c\u00f3digos de barras en tel\u00e9fonos m\u00f3viles o pantallas de ordenador (como c\u00f3digos qr)<\/p>\n<p><strong>Alta precisi\u00f3n de reconocimiento:<\/strong> La precisi\u00f3n de reconocimiento de c\u00f3digos de barras de la S14 es de hasta 4 mil\u00edmetros (c\u00f3digo de barras 1d) y 7 mil\u00edmetros (c\u00f3digo de barras 2d), lo que permite reconocer con precisi\u00f3n varios c\u00f3digos de barras peque\u00f1os y borrosos y mejorar la tasa de \u00e9xito del escaneado.<\/p>\n<p><strong>Dise\u00f1o ligero:<\/strong> El lector de c\u00f3digos de barras inal\u00e1mbrico 2d S14 s\u00f3lo pesa 190 g, y su dise\u00f1o ligero facilita su sujeci\u00f3n durante largos periodos de tiempo.<\/p>\n<p><strong>Conexi\u00f3n inal\u00e1mbrica:<\/strong> Con la funci\u00f3n bluetooth, los usuarios pueden utilizar el esc\u00e1ner de c\u00f3digo de barras sin conexi\u00f3n f\u00edsica, lo que hace que el funcionamiento sea m\u00e1s libre y flexible.<\/p>\n<\/div>","protected":false},"featured_media":2460,"comment_status":"closed","ping_status":"closed","template":"","meta":{"_acf_changed":true},"product_brand":[],"product_cat":[18],"product_tag":[],"class_list":{"0":"post-2454","1":"product","2":"type-product","3":"status-publish","4":"has-post-thumbnail","6":"product_cat-scanning-terminal","7":"pa_connection-method-wireless","8":"pa_product-type-scanner","10":"first","11":"instock","12":"shipping-taxable","13":"product-type-simple"},"acf":[],"_links":{"self":[{"href":"https:\/\/www.aiyin.com\/es\/wp-json\/wp\/v2\/product\/2454","targetHints":{"allow":["GET"]}}],"collection":[{"href":"https:\/\/www.aiyin.com\/es\/wp-json\/wp\/v2\/product"}],"about":[{"href":"https:\/\/www.aiyin.com\/es\/wp-json\/wp\/v2\/types\/product"}],"replies":[{"embeddable":true,"href":"https:\/\/www.aiyin.com\/es\/wp-json\/wp\/v2\/comments?post=2454"}],"wp:featuredmedia":[{"embeddable":true,"href":"https:\/\/www.aiyin.com\/es\/wp-json\/wp\/v2\/media\/2460"}],"wp:attachment":[{"href":"https:\/\/www.aiyin.com\/es\/wp-json\/wp\/v2\/media?parent=2454"}],"wp:term":[{"taxonomy":"product_brand","embeddable":true,"href":"https:\/\/www.aiyin.com\/es\/wp-json\/wp\/v2\/product_brand?post=2454"},{"taxonomy":"product_cat","embeddable":true,"href":"https:\/\/www.aiyin.com\/es\/wp-json\/wp\/v2\/product_cat?post=2454"},{"taxonomy":"product_tag","embeddable":true,"href":"https:\/\/www.aiyin.com\/es\/wp-json\/wp\/v2\/product_tag?post=2454"}],"curies":[{"name":"wp","href":"https:\/\/api.w.org\/{rel}","templated":true}]}}