{"id":2450,"date":"2025-02-20T02:23:14","date_gmt":"2025-02-20T02:23:14","guid":{"rendered":"https:\/\/www.jinghuaceramic.com\/?post_type=product&#038;p=2450"},"modified":"2025-02-22T07:33:07","modified_gmt":"2025-02-22T07:33:07","slug":"wholesale-2d-wired-barcode-scanner-s13","status":"publish","type":"product","link":"https:\/\/www.aiyin.com\/es\/product\/wholesale-2d-wired-barcode-scanner-s13\/","title":{"rendered":"Mayorista Lector de codigo de barras con cable 2D - S13, escaneo rapido, decodificacion inteligente"},"content":{"rendered":"<h2 class=\"wp-block-heading\">Detalles del lector de c\u00f3digo de barras con cable 2D - S13 <\/h2>\n\n\n\n<hr class=\"wp-block-separator has-alpha-channel-opacity\"\/>\n\n\n\n<figure class=\"wp-block-image size-large\"><img decoding=\"async\" width=\"1225\" height=\"1280\" src=\"https:\/\/www.aiyin.com\/wp-content\/uploads\/2025\/02\/Wired-2D-Barcode-Scanner\u200b-Details-1-1225x1280.webp\" alt=\"Detalles del esc\u00e1ner de c\u00f3digos de barras 2D con cable (1)\" class=\"wp-image-2452\" srcset=\"https:\/\/www.aiyin.com\/wp-content\/uploads\/2025\/02\/Wired-2D-Barcode-Scanner\u200b-Details-1-1225x1280.webp 1225w, https:\/\/www.aiyin.com\/wp-content\/uploads\/2025\/02\/Wired-2D-Barcode-Scanner\u200b-Details-1-768x803.webp 768w, https:\/\/www.aiyin.com\/wp-content\/uploads\/2025\/02\/Wired-2D-Barcode-Scanner\u200b-Details-1-600x627.webp 600w\" sizes=\"(max-width: 1225px) 100vw, 1225px\" \/><\/figure>","protected":false},"excerpt":{"rendered":"<p>Venta al por mayor al\u00e1mbrico 2D esc\u00e1ner de c\u00f3digo de barras S13, S13 est\u00e1 equipado con tecnolog\u00eda avanzada de decodificaci\u00f3n y la lente de escaneo de alta calidad, puede trabajar de forma estable bajo diversas condiciones de iluminaci\u00f3n, identificar con precisi\u00f3n varios tipos de 1D y 2D c\u00f3digos de barras, adecuado para el comercio minorista, almacenamiento, log\u00edstica, m\u00e9dicos y otras industrias. Soporta OEM y ODM, p\u00f3ngase en contacto con nosotros para un presupuesto.<\/p>\n<h2>Caracter\u00edsticas del lector de c\u00f3digos de barras 2D con cable - S13<\/h2>\n<div>\n<p><strong>Excelente rendimiento de descodificaci\u00f3n:<\/strong> El esc\u00e1ner de c\u00f3digos de barras S13 2D con cable tiene una velocidad de descodificaci\u00f3n r\u00e1pida y una precisi\u00f3n de reconocimiento extremadamente alta, lo que permite tratar eficazmente algunos c\u00f3digos de barras borrosos y mejorar la eficiencia de escaneado.<\/p>\n<p><strong>Amplias funciones de reconocimiento de c\u00f3digos de barras:<\/strong> El esc\u00e1ner de c\u00f3digos de barras con cable S13 es compatible con una gran variedad de c\u00f3digos de barras unidimensionales (como UPC, EAN, Code128, etc.) y bidimensionales (como c\u00f3digo QR, PDF417, Data Matrix, etc.), lo que permite trabajar f\u00e1cilmente con c\u00f3digos de barras de productos minoristas y c\u00f3digos bidimensionales en la gesti\u00f3n log\u00edstica.<\/p>\n<p><strong>R\u00e1pida velocidad de escaneado:<\/strong> El esc\u00e1ner de c\u00f3digos de barras S13 2D con cable tiene una r\u00e1pida velocidad de escaneado, lo que puede acortar significativamente el tiempo de los procesos de caja, almacenamiento, salida y otros, y mejorar la fluidez de las operaciones comerciales.<\/p>\n<p><strong>Buena fuente de iluminaci\u00f3n:<\/strong> Equipado con iluminaci\u00f3n LED blanca de 360 nm-830 nm, el esc\u00e1ner de c\u00f3digos de barras S11 puede mantener un efecto de reconocimiento estable en diferentes condiciones de iluminaci\u00f3n.<\/p>\n<\/div>","protected":false},"featured_media":2451,"comment_status":"closed","ping_status":"closed","template":"","meta":{"_acf_changed":true},"product_brand":[],"product_cat":[18],"product_tag":[],"class_list":{"0":"post-2450","1":"product","2":"type-product","3":"status-publish","4":"has-post-thumbnail","6":"product_cat-scanning-terminal","7":"pa_connection-method-wired","8":"pa_product-type-scanner","10":"first","11":"instock","12":"shipping-taxable","13":"product-type-simple"},"acf":[],"_links":{"self":[{"href":"https:\/\/www.aiyin.com\/es\/wp-json\/wp\/v2\/product\/2450","targetHints":{"allow":["GET"]}}],"collection":[{"href":"https:\/\/www.aiyin.com\/es\/wp-json\/wp\/v2\/product"}],"about":[{"href":"https:\/\/www.aiyin.com\/es\/wp-json\/wp\/v2\/types\/product"}],"replies":[{"embeddable":true,"href":"https:\/\/www.aiyin.com\/es\/wp-json\/wp\/v2\/comments?post=2450"}],"wp:featuredmedia":[{"embeddable":true,"href":"https:\/\/www.aiyin.com\/es\/wp-json\/wp\/v2\/media\/2451"}],"wp:attachment":[{"href":"https:\/\/www.aiyin.com\/es\/wp-json\/wp\/v2\/media?parent=2450"}],"wp:term":[{"taxonomy":"product_brand","embeddable":true,"href":"https:\/\/www.aiyin.com\/es\/wp-json\/wp\/v2\/product_brand?post=2450"},{"taxonomy":"product_cat","embeddable":true,"href":"https:\/\/www.aiyin.com\/es\/wp-json\/wp\/v2\/product_cat?post=2450"},{"taxonomy":"product_tag","embeddable":true,"href":"https:\/\/www.aiyin.com\/es\/wp-json\/wp\/v2\/product_tag?post=2450"}],"curies":[{"name":"wp","href":"https:\/\/api.w.org\/{rel}","templated":true}]}}