{"id":2443,"date":"2025-02-20T01:58:52","date_gmt":"2025-02-20T01:58:52","guid":{"rendered":"https:\/\/www.jinghuaceramic.com\/?post_type=product&#038;p=2443"},"modified":"2025-02-22T07:39:03","modified_gmt":"2025-02-22T07:39:03","slug":"wholesale-handheld-products-barcode-scanner-s12","status":"publish","type":"product","link":"https:\/\/www.aiyin.com\/es\/product\/wholesale-handheld-products-barcode-scanner-s12\/","title":{"rendered":"Mayorista Productos de Mano Lector codigo barras - S12 - AiYin Barcode Scanner Manufacturer"},"content":{"rendered":"<h2 class=\"wp-block-heading\">Detalles del esc\u00e1ner de c\u00f3digos de barras de productos de mano<\/h2>\n\n\n\n<hr class=\"wp-block-separator has-alpha-channel-opacity\"\/>\n\n\n\n<figure class=\"wp-block-image size-large\"><img decoding=\"async\" width=\"1231\" height=\"1280\" src=\"https:\/\/www.aiyin.com\/wp-content\/uploads\/2025\/02\/Handheld-Products-Barcode-Scanner\u200b-Details-1-1231x1280.webp\" alt=\"Productos de mano Lector de c\u00f3digos de barras Detalles (1)\" class=\"wp-image-2447\" srcset=\"https:\/\/www.aiyin.com\/wp-content\/uploads\/2025\/02\/Handheld-Products-Barcode-Scanner\u200b-Details-1-1231x1280.webp 1231w, https:\/\/www.aiyin.com\/wp-content\/uploads\/2025\/02\/Handheld-Products-Barcode-Scanner\u200b-Details-1-768x799.webp 768w, https:\/\/www.aiyin.com\/wp-content\/uploads\/2025\/02\/Handheld-Products-Barcode-Scanner\u200b-Details-1-600x624.webp 600w\" sizes=\"(max-width: 1231px) 100vw, 1231px\" \/><\/figure>","protected":false},"excerpt":{"rendered":"<p>Mayorista de productos de mano esc\u00e1ner de c\u00f3digo de barras - S12, con capacidades de decodificaci\u00f3n eficiente, proporciona una experiencia de escaneo preciso y r\u00e1pido, adecuado para todo tipo de negocios, almacenamiento, log\u00edstica, venta al por menor y otros escenarios. Elija nuestro esc\u00e1ner de c\u00f3digo de barras port\u00e1til al por mayor, disfrutar\u00e1 de productos rentables y de un servicio postventa profesional. P\u00f3ngase en contacto con nosotros para solicitar un presupuesto.<\/p>\n<h2>Caracter\u00edsticas del esc\u00e1ner de c\u00f3digo de barras de productos de mano - S12<\/h2>\n<div>\n<p><strong>Reconocimiento r\u00e1pido:<\/strong> El esc\u00e1ner port\u00e1til de c\u00f3digos de barras de productos S12 puede escanear c\u00f3digos de barras densos con rapidez y precisi\u00f3n, lo que mejora enormemente la eficacia del trabajo.<\/p>\n<p><strong>Amplia compatibilidad:<\/strong> El esc\u00e1ner de c\u00f3digo de barras de productos de mano S12 es compatible con interfaces USB 1.1 y superiores, y se puede conectar de forma flexible y c\u00f3moda a una gran variedad de dispositivos, como ordenadores, sistemas de punto de venta, dispositivos m\u00f3viles, etc.<\/p>\n<p><strong>Gran \u00e1ngulo de reconocimiento:<\/strong> El esc\u00e1ner de c\u00f3digos de barras S12 tiene un gran \u00e1ngulo de reconocimiento (70\u00b0 arriba y abajo, 70\u00b0 izquierda y derecha), lo que permite a los usuarios escanear f\u00e1cilmente en diferentes \u00e1ngulos, especialmente adecuado para lugares concurridos de venta al por menor, almacenamiento y log\u00edstica.<\/p>\n<p><strong>Servicio profesional y periodo de garant\u00eda:<\/strong> AiYin ofrece un servicio profesional de atenci\u00f3n al cliente y postventa. S11 esc\u00e1ner de c\u00f3digo de barras tambi\u00e9n viene con un largo per\u00edodo de garant\u00eda, y los compradores B-end puede disfrutar de reparaci\u00f3n gratuita o servicio de reemplazo cuando el dispositivo est\u00e1 da\u00f1ado o mal funcionamiento.<\/p>\n<\/div>","protected":false},"featured_media":2449,"comment_status":"closed","ping_status":"closed","template":"","meta":{"_acf_changed":true},"product_brand":[],"product_cat":[18],"product_tag":[],"class_list":{"0":"post-2443","1":"product","2":"type-product","3":"status-publish","4":"has-post-thumbnail","6":"product_cat-scanning-terminal","7":"pa_connection-method-wired","8":"pa_product-type-scanner","10":"first","11":"instock","12":"shipping-taxable","13":"product-type-simple"},"acf":[],"_links":{"self":[{"href":"https:\/\/www.aiyin.com\/es\/wp-json\/wp\/v2\/product\/2443","targetHints":{"allow":["GET"]}}],"collection":[{"href":"https:\/\/www.aiyin.com\/es\/wp-json\/wp\/v2\/product"}],"about":[{"href":"https:\/\/www.aiyin.com\/es\/wp-json\/wp\/v2\/types\/product"}],"replies":[{"embeddable":true,"href":"https:\/\/www.aiyin.com\/es\/wp-json\/wp\/v2\/comments?post=2443"}],"wp:featuredmedia":[{"embeddable":true,"href":"https:\/\/www.aiyin.com\/es\/wp-json\/wp\/v2\/media\/2449"}],"wp:attachment":[{"href":"https:\/\/www.aiyin.com\/es\/wp-json\/wp\/v2\/media?parent=2443"}],"wp:term":[{"taxonomy":"product_brand","embeddable":true,"href":"https:\/\/www.aiyin.com\/es\/wp-json\/wp\/v2\/product_brand?post=2443"},{"taxonomy":"product_cat","embeddable":true,"href":"https:\/\/www.aiyin.com\/es\/wp-json\/wp\/v2\/product_cat?post=2443"},{"taxonomy":"product_tag","embeddable":true,"href":"https:\/\/www.aiyin.com\/es\/wp-json\/wp\/v2\/product_tag?post=2443"}],"curies":[{"name":"wp","href":"https:\/\/api.w.org\/{rel}","templated":true}]}}