{"id":2439,"date":"2025-02-20T01:38:50","date_gmt":"2025-02-20T01:38:50","guid":{"rendered":"https:\/\/www.jinghuaceramic.com\/?post_type=product&#038;p=2439"},"modified":"2025-02-22T07:40:23","modified_gmt":"2025-02-22T07:40:23","slug":"wholesale-wired-1d-barcode-scanner-s11","status":"publish","type":"product","link":"https:\/\/www.aiyin.com\/es\/product\/wholesale-wired-1d-barcode-scanner-s11\/","title":{"rendered":"Mayorista Lector c\u00f3digo de barras 1D con cable - S11, Servicio postventa profesional - AiYin Barcode Scanner Manufacturer"},"content":{"rendered":"<h2 class=\"wp-block-heading\">Detalles del esc\u00e1ner de c\u00f3digos de barras 1D con cable - S11<\/h2>\n\n\n\n<hr class=\"wp-block-separator has-alpha-channel-opacity\"\/>\n\n\n\n<figure class=\"wp-block-image size-large\"><img decoding=\"async\" width=\"1245\" height=\"1280\" src=\"https:\/\/www.aiyin.com\/wp-content\/uploads\/2025\/02\/Wired-1D-Barcode-Scanner\u200b-Details-1-1245x1280.webp\" alt=\"Detalles del esc\u00e1ner de c\u00f3digos de barras 1D con cable (1)\" class=\"wp-image-2441\" srcset=\"https:\/\/www.aiyin.com\/wp-content\/uploads\/2025\/02\/Wired-1D-Barcode-Scanner\u200b-Details-1-1245x1280.webp 1245w, https:\/\/www.aiyin.com\/wp-content\/uploads\/2025\/02\/Wired-1D-Barcode-Scanner\u200b-Details-1-768x789.webp 768w, https:\/\/www.aiyin.com\/wp-content\/uploads\/2025\/02\/Wired-1D-Barcode-Scanner\u200b-Details-1-600x617.webp 600w\" sizes=\"(max-width: 1245px) 100vw, 1245px\" \/><\/figure>","protected":false},"excerpt":{"rendered":"<p>Wholesale Wired 1D Barcode Scanner - S11, 11 esc\u00e1neres de c\u00f3digos de barras pueden proporcionar un reconocimiento r\u00e1pido y estable de c\u00f3digos de barras, optimizar el flujo de trabajo, y son adecuados para una variedad de escenarios de aplicaci\u00f3n, tales como tiendas al por menor, centros log\u00edsticos de almac\u00e9n y gesti\u00f3n de la l\u00ednea de producci\u00f3n. P\u00f3ngase en contacto con nosotros para obtener m\u00e1s detalles de venta al por mayor y personalizar las soluciones de esc\u00e1ner de c\u00f3digo de barras que satisfagan sus necesidades.<\/p>\n<h2>Caracter\u00edsticas del lector de c\u00f3digo de barras 1D con cable - S11<\/h2>\n<div>\n<p><strong>Tacto c\u00f3modo:<\/strong> El dise\u00f1o de la empu\u00f1adura del lector de c\u00f3digos de barras 1D con cable S11 es ergon\u00f3mico, c\u00f3modo de manejar y m\u00e1s f\u00e1cil de usar.<\/p>\n<p><strong>Identificaci\u00f3n r\u00e1pida:<\/strong> El esc\u00e1ner de c\u00f3digos de barras 1D S11 admite varios modos de escaneado y puede escanear con rapidez y precisi\u00f3n incluso c\u00f3digos de barras densos o apilados.<\/p>\n<p><strong>Descodificaci\u00f3n inteligente:<\/strong> El S11 est\u00e1 equipado con una eficaz tecnolog\u00eda de descodificaci\u00f3n, que puede soportar el escaneado de varios c\u00f3digos de barras 1D, incluidos los que presentan m\u00e1s da\u00f1os o manchas. Tiene una tasa de error de bits ultrabaja.<\/p>\n<p><strong>Profundidad de exploraci\u00f3n flexible:<\/strong> El esc\u00e1ner de c\u00f3digos de barras S11 tiene una profundidad de escaneado flexible, con una distancia m\u00e1xima de escaneado de hasta 450 mm, lo que resulta adecuado para escanear c\u00f3digos de barras a distintas distancias.<\/p>\n<\/div>","protected":false},"featured_media":2440,"comment_status":"closed","ping_status":"closed","template":"","meta":{"_acf_changed":true},"product_brand":[],"product_cat":[18],"product_tag":[],"class_list":{"0":"post-2439","1":"product","2":"type-product","3":"status-publish","4":"has-post-thumbnail","6":"product_cat-scanning-terminal","7":"pa_connection-method-wired","8":"pa_product-type-scanner","10":"first","11":"instock","12":"shipping-taxable","13":"product-type-simple"},"acf":[],"_links":{"self":[{"href":"https:\/\/www.aiyin.com\/es\/wp-json\/wp\/v2\/product\/2439","targetHints":{"allow":["GET"]}}],"collection":[{"href":"https:\/\/www.aiyin.com\/es\/wp-json\/wp\/v2\/product"}],"about":[{"href":"https:\/\/www.aiyin.com\/es\/wp-json\/wp\/v2\/types\/product"}],"replies":[{"embeddable":true,"href":"https:\/\/www.aiyin.com\/es\/wp-json\/wp\/v2\/comments?post=2439"}],"wp:featuredmedia":[{"embeddable":true,"href":"https:\/\/www.aiyin.com\/es\/wp-json\/wp\/v2\/media\/2440"}],"wp:attachment":[{"href":"https:\/\/www.aiyin.com\/es\/wp-json\/wp\/v2\/media?parent=2439"}],"wp:term":[{"taxonomy":"product_brand","embeddable":true,"href":"https:\/\/www.aiyin.com\/es\/wp-json\/wp\/v2\/product_brand?post=2439"},{"taxonomy":"product_cat","embeddable":true,"href":"https:\/\/www.aiyin.com\/es\/wp-json\/wp\/v2\/product_cat?post=2439"},{"taxonomy":"product_tag","embeddable":true,"href":"https:\/\/www.aiyin.com\/es\/wp-json\/wp\/v2\/product_tag?post=2439"}],"curies":[{"name":"wp","href":"https:\/\/api.w.org\/{rel}","templated":true}]}}