{"id":2429,"date":"2025-02-19T10:05:40","date_gmt":"2025-02-19T10:05:40","guid":{"rendered":"https:\/\/www.jinghuaceramic.com\/?post_type=product&#038;p=2429"},"modified":"2025-03-28T07:52:50","modified_gmt":"2025-03-28T07:52:50","slug":"wholesale-wireless-2d-handheld-barcode-scanner-s10","status":"publish","type":"product","link":"https:\/\/www.aiyin.com\/es\/product\/wholesale-wireless-2d-handheld-barcode-scanner-s10\/","title":{"rendered":"Mayorista Lector codigo de barras inal\u00e1mbrico 2d - S10 - AiYin Barcode Scanner Manufacturer"},"content":{"rendered":"<h2 class=\"wp-block-heading\">Detalles del esc\u00e1ner de c\u00f3digos de barras port\u00e1til inal\u00e1mbrico 2d<\/h2>\n\n\n\n<hr class=\"wp-block-separator has-alpha-channel-opacity\" \/>\n\n\n\n<figure class=\"wp-block-image size-large\"><img decoding=\"async\" width=\"1242\" height=\"1280\" src=\"https:\/\/www.aiyin.com\/wp-content\/uploads\/2025\/02\/Wireless-2d-Handheld-Barcode-Scanner-Details-1-1242x1280.webp\" alt=\"Esc\u00e1ner de c\u00f3digos de barras inal\u00e1mbrico 2d Detalles (1)\" class=\"wp-image-2437\" srcset=\"https:\/\/www.aiyin.com\/wp-content\/uploads\/2025\/02\/Wireless-2d-Handheld-Barcode-Scanner-Details-1-1242x1280.webp 1242w, https:\/\/www.aiyin.com\/wp-content\/uploads\/2025\/02\/Wireless-2d-Handheld-Barcode-Scanner-Details-1-768x792.webp 768w, https:\/\/www.aiyin.com\/wp-content\/uploads\/2025\/02\/Wireless-2d-Handheld-Barcode-Scanner-Details-1-600x618.webp 600w\" sizes=\"(max-width: 1242px) 100vw, 1242px\" \/><\/figure>","protected":false},"excerpt":{"rendered":"<p>Mayorista de esc\u00e1neres de c\u00f3digos de barras 2D port\u00e1tiles inal\u00e1mbricos - S10 es adecuado para m\u00faltiples sectores como el comercio minorista, la log\u00edstica, el almacenamiento, la fabricaci\u00f3n, etc. Proporciona soluciones precisas y r\u00e1pidas para la lectura de c\u00f3digos de barras, la gesti\u00f3n de inventarios y la recopilaci\u00f3n de datos. P\u00f3ngase en contacto con nosotros para solicitar un presupuesto.<\/p>\n<h2>Caracter\u00edsticas del lector inal\u00e1mbrico de c\u00f3digos de barras 2d - S10<\/h2>\n<div>\n<p><strong>M\u00faltiples modos de escaneado inal\u00e1mbrico:<\/strong> S10 admite varios modos de escaneado inal\u00e1mbrico, como el escaneado instant\u00e1neo y el escaneado por lotes. Los usuarios pueden elegir el modo de escaneado m\u00e1s adecuado seg\u00fan los distintos escenarios empresariales.<\/p>\n<p><strong>Iluminaci\u00f3n de alta luminosidad:<\/strong> S10 utiliza iluminaci\u00f3n LED de 630 nm y proporciona una temperatura de color de 6500 K para garantizar un reconocimiento claro de los c\u00f3digos de barras en distintas condiciones de iluminaci\u00f3n.<\/p>\n<p><strong>Funcionamiento simplificado:<\/strong> El dise\u00f1o inal\u00e1mbrico permite al S10 evitar las limitaciones de los esc\u00e1neres de c\u00f3digos de barras cableados tradicionales y mejorar la flexibilidad operativa del dispositivo. Los empleados pueden mover el esc\u00e1ner libremente.<\/p>\n<p><strong>F\u00e1cil de usar:<\/strong> El dise\u00f1o ligero y la forma ergon\u00f3mica de la S10 garantizan la comodidad durante un uso prolongado. Su peso ligero y su buen agarre facilitan que los operarios la utilicen durante mucho tiempo sin sentir cansancio.<\/p>\n<\/div>","protected":false},"featured_media":2430,"comment_status":"closed","ping_status":"closed","template":"","meta":{"_acf_changed":true},"product_brand":[],"product_cat":[18],"product_tag":[],"class_list":{"0":"post-2429","1":"product","2":"type-product","3":"status-publish","4":"has-post-thumbnail","6":"product_cat-scanning-terminal","7":"pa_connection-method-wireless","8":"pa_product-type-scanner","10":"first","11":"instock","12":"shipping-taxable","13":"product-type-simple"},"acf":[],"_links":{"self":[{"href":"https:\/\/www.aiyin.com\/es\/wp-json\/wp\/v2\/product\/2429","targetHints":{"allow":["GET"]}}],"collection":[{"href":"https:\/\/www.aiyin.com\/es\/wp-json\/wp\/v2\/product"}],"about":[{"href":"https:\/\/www.aiyin.com\/es\/wp-json\/wp\/v2\/types\/product"}],"replies":[{"embeddable":true,"href":"https:\/\/www.aiyin.com\/es\/wp-json\/wp\/v2\/comments?post=2429"}],"wp:featuredmedia":[{"embeddable":true,"href":"https:\/\/www.aiyin.com\/es\/wp-json\/wp\/v2\/media\/2430"}],"wp:attachment":[{"href":"https:\/\/www.aiyin.com\/es\/wp-json\/wp\/v2\/media?parent=2429"}],"wp:term":[{"taxonomy":"product_brand","embeddable":true,"href":"https:\/\/www.aiyin.com\/es\/wp-json\/wp\/v2\/product_brand?post=2429"},{"taxonomy":"product_cat","embeddable":true,"href":"https:\/\/www.aiyin.com\/es\/wp-json\/wp\/v2\/product_cat?post=2429"},{"taxonomy":"product_tag","embeddable":true,"href":"https:\/\/www.aiyin.com\/es\/wp-json\/wp\/v2\/product_tag?post=2429"}],"curies":[{"name":"wp","href":"https:\/\/api.w.org\/{rel}","templated":true}]}}