{"id":2414,"date":"2025-02-19T07:41:26","date_gmt":"2025-02-19T07:41:26","guid":{"rendered":"https:\/\/www.jinghuaceramic.com\/?post_type=product&#038;p=2414"},"modified":"2025-02-22T07:49:55","modified_gmt":"2025-02-22T07:49:55","slug":"wholesale-industrial-handheld-pda-q68","status":"publish","type":"product","link":"https:\/\/www.aiyin.com\/es\/product\/wholesale-industrial-handheld-pda-q68\/","title":{"rendered":"Mayorista PDA industrial de mano - Q68, IP62, apto para uso en entornos complejos"},"content":{"rendered":"<h2 class=\"wp-block-heading\">Detalles de la PDA industrial de mano - Q68<\/h2>\n\n\n\n<hr class=\"wp-block-separator has-alpha-channel-opacity\"\/>\n\n\n\n<figure class=\"wp-block-image size-large\"><img decoding=\"async\" width=\"1257\" height=\"1280\" src=\"https:\/\/www.aiyin.com\/wp-content\/uploads\/2025\/02\/Industrial-Handheld-PDA-Details-1-1257x1280.webp\" alt=\"Detalles de la PDA industrial (1)\" class=\"wp-image-2417\" srcset=\"https:\/\/www.aiyin.com\/wp-content\/uploads\/2025\/02\/Industrial-Handheld-PDA-Details-1-1257x1280.webp 1257w, https:\/\/www.aiyin.com\/wp-content\/uploads\/2025\/02\/Industrial-Handheld-PDA-Details-1-768x782.webp 768w, https:\/\/www.aiyin.com\/wp-content\/uploads\/2025\/02\/Industrial-Handheld-PDA-Details-1-600x611.webp 600w\" sizes=\"(max-width: 1257px) 100vw, 1257px\" \/><\/figure>","protected":false},"excerpt":{"rendered":"<p>PDA industrial al por mayor - Q68, PDA industrial es su elecci\u00f3n importante para una gesti\u00f3n inteligente. Adecuado para su uso en la gesti\u00f3n de almacenes, distribuci\u00f3n log\u00edstica, servicios al por menor y las industrias manufactureras. Al pedir nuestro PDA Q68, experimentar\u00e1 un r\u00e1pido escaneado de c\u00f3digos de barras, sincronizaci\u00f3n de datos en tiempo real y capacidades de comunicaci\u00f3n estables, optimizando en gran medida el flujo de trabajo y mejorando la productividad. P\u00f3ngase en contacto con nosotros para solicitar un presupuesto.<\/p>\n<h2>Caracter\u00edsticas de la PDA industrial de mano - Q68<\/h2>\n<div>\n<p><strong>Dise\u00f1o duradero:<\/strong> La PDA industrial Q68 adopta un dise\u00f1o de protecci\u00f3n ip65, con funciones de resistencia al agua, al polvo y a las ca\u00eddas, y puede utilizarse en entornos industriales complejos, como almacenes, talleres de producci\u00f3n o lugares de trabajo al aire libre.<\/p>\n<p><strong>Bater\u00eda extra\u00edble:<\/strong> La PDA industrial Q68 est\u00e1 equipada con una bater\u00eda extra\u00edble de gran capacidad de 4000 mAh, que no necesita cargarse con frecuencia para satisfacer las necesidades de funcionamiento en cualquier condici\u00f3n meteorol\u00f3gica.<\/p>\n<p><strong>Procesador de cuatro n\u00facleos:<\/strong> La PDA industrial Q68 est\u00e1 equipada con un procesador de cuatro n\u00facleos con una frecuencia principal de 2,0ghz para garantizar un funcionamiento fluido del software de gesti\u00f3n y el escaneado de c\u00f3digos de barras.<\/p>\n<p><strong>Dise\u00f1o de teclado humanizado:<\/strong> El Q68 est\u00e1 equipado con un teclado num\u00e9rico de 24 teclas y proporciona teclas de funci\u00f3n personalizadas para facilitar a los usuarios la introducci\u00f3n de datos, la configuraci\u00f3n de comandos y la puesta en marcha del escaneado de c\u00f3digos de barras.<\/p>\n<\/div>","protected":false},"featured_media":2415,"comment_status":"closed","ping_status":"closed","template":"","meta":{"_acf_changed":true},"product_brand":[],"product_cat":[18],"product_tag":[],"class_list":{"0":"post-2414","1":"product","2":"type-product","3":"status-publish","4":"has-post-thumbnail","6":"product_cat-scanning-terminal","7":"pa_connection-method-wireless","8":"pa_product-type-pda","10":"first","11":"instock","12":"shipping-taxable","13":"product-type-simple"},"acf":[],"_links":{"self":[{"href":"https:\/\/www.aiyin.com\/es\/wp-json\/wp\/v2\/product\/2414","targetHints":{"allow":["GET"]}}],"collection":[{"href":"https:\/\/www.aiyin.com\/es\/wp-json\/wp\/v2\/product"}],"about":[{"href":"https:\/\/www.aiyin.com\/es\/wp-json\/wp\/v2\/types\/product"}],"replies":[{"embeddable":true,"href":"https:\/\/www.aiyin.com\/es\/wp-json\/wp\/v2\/comments?post=2414"}],"wp:featuredmedia":[{"embeddable":true,"href":"https:\/\/www.aiyin.com\/es\/wp-json\/wp\/v2\/media\/2415"}],"wp:attachment":[{"href":"https:\/\/www.aiyin.com\/es\/wp-json\/wp\/v2\/media?parent=2414"}],"wp:term":[{"taxonomy":"product_brand","embeddable":true,"href":"https:\/\/www.aiyin.com\/es\/wp-json\/wp\/v2\/product_brand?post=2414"},{"taxonomy":"product_cat","embeddable":true,"href":"https:\/\/www.aiyin.com\/es\/wp-json\/wp\/v2\/product_cat?post=2414"},{"taxonomy":"product_tag","embeddable":true,"href":"https:\/\/www.aiyin.com\/es\/wp-json\/wp\/v2\/product_tag?post=2414"}],"curies":[{"name":"wp","href":"https:\/\/api.w.org\/{rel}","templated":true}]}}