{"id":2408,"date":"2025-02-19T07:22:41","date_gmt":"2025-02-19T07:22:41","guid":{"rendered":"https:\/\/www.jinghuaceramic.com\/?post_type=product&#038;p=2408"},"modified":"2025-02-22T07:52:49","modified_gmt":"2025-02-22T07:52:49","slug":"wholesale-ring-barcode-scanner-h12","status":"publish","type":"product","link":"https:\/\/www.aiyin.com\/es\/product\/wholesale-ring-barcode-scanner-h12\/","title":{"rendered":"Mayorista Esc\u00e1ner de c\u00f3digo de barras de anillo - H12, Adecuado para escaneo de alta frecuencia, OEM y ODM Disponible"},"content":{"rendered":"<h2 class=\"wp-block-heading\">Detalles del esc\u00e1ner de c\u00f3digo de barras de anillo - H12<\/h2>\n\n\n\n<hr class=\"wp-block-separator has-alpha-channel-opacity\"\/>\n\n\n\n<figure class=\"wp-block-image size-large\"><img decoding=\"async\" width=\"1244\" height=\"1280\" src=\"https:\/\/www.aiyin.com\/wp-content\/uploads\/2025\/02\/Ring-Barcode-Scanner\u200b-Details-1-1244x1280.webp\" alt=\"Detalles del esc\u00e1ner de c\u00f3digo de barras de anillo (1)\" class=\"wp-image-2412\" srcset=\"https:\/\/www.aiyin.com\/wp-content\/uploads\/2025\/02\/Ring-Barcode-Scanner\u200b-Details-1-1244x1280.webp 1244w, https:\/\/www.aiyin.com\/wp-content\/uploads\/2025\/02\/Ring-Barcode-Scanner\u200b-Details-1-768x791.webp 768w, https:\/\/www.aiyin.com\/wp-content\/uploads\/2025\/02\/Ring-Barcode-Scanner\u200b-Details-1-600x618.webp 600w\" sizes=\"(max-width: 1244px) 100vw, 1244px\" \/><\/figure>","protected":false},"excerpt":{"rendered":"<p>Mayorista H12 Esc\u00e1ner de c\u00f3digo de barras 2D de anillo, con su dise\u00f1o ligero y sus potentes funciones, este esc\u00e1ner de c\u00f3digo de barras proporciona una soluci\u00f3n de escaneado eficaz y c\u00f3moda para su negocio. Incluyendo el comercio minorista, el almacenamiento o la gesti\u00f3n log\u00edstica. Adem\u00e1s, apoyamos los servicios de oem y odm, bienvenido a contactarnos en cualquier momento. Esperamos establecer una relaci\u00f3n de cooperaci\u00f3n a largo plazo con usted.<\/p>\n<h2>Caracter\u00edsticas del esc\u00e1ner de c\u00f3digo de barras de anillo - H12<\/h2>\n<div>\n<p><strong>Ligero y pr\u00e1ctico:<\/strong> El esc\u00e1ner de c\u00f3digo de barras de anillo H12 es f\u00e1cil de usar, f\u00e1cil de llevar y utilizar durante mucho tiempo, y se puede utilizar de forma flexible en diversas ocasiones, como el comercio minorista, almacenes, log\u00edstica, etc.<\/p>\n<p><strong>Descodificaci\u00f3n r\u00e1pida:<\/strong> El esc\u00e1ner de c\u00f3digo de barras de anillo H12 tiene un r\u00e1pido rendimiento de descodificaci\u00f3n, lo que resulta especialmente adecuado para tratar eficazmente grandes cantidades de entrada de datos, como el escaneado de alta frecuencia, el cobro de pagos, el almacenamiento y la log\u00edstica, etc.<\/p>\n<p><strong>M\u00faltiples modos de escaneado:<\/strong> El esc\u00e1ner H12 admite varios modos de escaneado. Los usuarios pueden cambiar libremente de modo seg\u00fan las necesidades de los distintos escenarios, lo que hace que el dispositivo sea m\u00e1s eficiente a la hora de procesar m\u00faltiples aplicaciones.<\/p>\n<p><strong>Bater\u00eda de larga duraci\u00f3n:<\/strong> El H12 lleva incorporada una bater\u00eda de 370 mAh, admite una frecuencia de escaneado de una vez por segundo y tiene una autonom\u00eda de hasta 4 horas, lo que garantiza las necesidades de las operaciones a largo plazo.<\/p>\n<\/div>","protected":false},"featured_media":2409,"comment_status":"closed","ping_status":"closed","template":"","meta":{"_acf_changed":true},"product_brand":[],"product_cat":[18],"product_tag":[],"class_list":{"0":"post-2408","1":"product","2":"type-product","3":"status-publish","4":"has-post-thumbnail","6":"product_cat-scanning-terminal","7":"pa_product-type-ring-scanner","9":"first","10":"instock","11":"shipping-taxable","12":"product-type-simple"},"acf":[],"_links":{"self":[{"href":"https:\/\/www.aiyin.com\/es\/wp-json\/wp\/v2\/product\/2408","targetHints":{"allow":["GET"]}}],"collection":[{"href":"https:\/\/www.aiyin.com\/es\/wp-json\/wp\/v2\/product"}],"about":[{"href":"https:\/\/www.aiyin.com\/es\/wp-json\/wp\/v2\/types\/product"}],"replies":[{"embeddable":true,"href":"https:\/\/www.aiyin.com\/es\/wp-json\/wp\/v2\/comments?post=2408"}],"wp:featuredmedia":[{"embeddable":true,"href":"https:\/\/www.aiyin.com\/es\/wp-json\/wp\/v2\/media\/2409"}],"wp:attachment":[{"href":"https:\/\/www.aiyin.com\/es\/wp-json\/wp\/v2\/media?parent=2408"}],"wp:term":[{"taxonomy":"product_brand","embeddable":true,"href":"https:\/\/www.aiyin.com\/es\/wp-json\/wp\/v2\/product_brand?post=2408"},{"taxonomy":"product_cat","embeddable":true,"href":"https:\/\/www.aiyin.com\/es\/wp-json\/wp\/v2\/product_cat?post=2408"},{"taxonomy":"product_tag","embeddable":true,"href":"https:\/\/www.aiyin.com\/es\/wp-json\/wp\/v2\/product_tag?post=2408"}],"curies":[{"name":"wp","href":"https:\/\/api.w.org\/{rel}","templated":true}]}}