{"id":2404,"date":"2025-02-19T06:47:40","date_gmt":"2025-02-19T06:47:40","guid":{"rendered":"https:\/\/www.jinghuaceramic.com\/?post_type=product&#038;p=2404"},"modified":"2025-02-28T14:26:45","modified_gmt":"2025-02-28T14:26:45","slug":"qrcode-scanner-box-h11","status":"publish","type":"product","link":"https:\/\/www.aiyin.com\/es\/product\/qrcode-scanner-box-h11\/","title":{"rendered":"QRCode Scanner Box - H11, Adecuado para Mutli c\u00f3digo de pago m\u00f3vil, Soporte OEM y ODM"},"content":{"rendered":"<h2 class=\"wp-block-heading\">Detalles de la caja del esc\u00e1ner QRCode - H11<\/h2>\n\n\n\n<hr class=\"wp-block-separator has-alpha-channel-opacity\"\/>\n\n\n\n<figure class=\"wp-block-image size-large\"><img decoding=\"async\" width=\"1204\" height=\"1280\" src=\"https:\/\/www.aiyin.com\/wp-content\/uploads\/2025\/02\/QRCode-Scanner-Box-Details-1-1204x1280.webp\" alt=\"Detalles de la caja del esc\u00e1ner QRCode (1)\" class=\"wp-image-2406\" srcset=\"https:\/\/www.aiyin.com\/wp-content\/uploads\/2025\/02\/QRCode-Scanner-Box-Details-1-1204x1280.webp 1204w, https:\/\/www.aiyin.com\/wp-content\/uploads\/2025\/02\/QRCode-Scanner-Box-Details-1-768x817.webp 768w, https:\/\/www.aiyin.com\/wp-content\/uploads\/2025\/02\/QRCode-Scanner-Box-Details-1-600x638.webp 600w\" sizes=\"(max-width: 1204px) 100vw, 1204px\" \/><\/figure>","protected":false},"excerpt":{"rendered":"<p>El esc\u00e1ner de c\u00f3digos QR H11 para mayoristas puede utilizarse en diversos escenarios de pago por m\u00f3vil. El esc\u00e1ner H11 tiene la capacidad de decodificar y leer r\u00e1pidamente c\u00f3digos de barras 1D y 2D, como el c\u00f3digo QR y EAN-13, con una tasa de error extremadamente baja. Hace que la entrada de productos, la gesti\u00f3n de inventario y el proceso de pago sean m\u00e1s fluidos y eficientes. P\u00f3ngase en contacto con nosotros para obtener informaci\u00f3n m\u00e1s detallada sobre el producto y precios preferentes al por mayor.<\/p>\n<h2>Caracter\u00edsticas de QRCode Scanner Box - H11<\/h2>\n<div>\n<p><strong>Descodificaci\u00f3n r\u00e1pida:<\/strong> QRCode Scanner Box - H11 tiene una capacidad de descodificaci\u00f3n eficiente y una tasa de error ultrabaja, lo que garantiza que los usuarios puedan leer c\u00f3digos de barras con rapidez y precisi\u00f3n, mejorando la eficiencia del trabajo.<\/p>\n<p><strong>Funci\u00f3n de emisi\u00f3n de voz:<\/strong> Con indicaciones de voz claras, las indicaciones para funciones como el pago con Alipay y WeChat se coordinan con diferentes colores de luces para mejorar la experiencia del usuario.<\/p>\n<p><strong>Reconocimiento m\u00faltiple de c\u00f3digos de barras:<\/strong> Admite la lectura de c\u00f3digos de barras unidimensionales y bidimensionales, adapt\u00e1ndose a diversas necesidades empresariales, como c\u00f3digos bidimensionales (c\u00f3digo QR) y c\u00f3digos de pago por m\u00f3vil.<\/p>\n<p><strong>Ligero y pr\u00e1ctico: <\/strong>QRCode Scanner Box - H11 tiene un dise\u00f1o humanizado, tama\u00f1o peque\u00f1o, f\u00e1cil de transportar y de uso a largo plazo, adecuado para diversos entornos de trabajo.<\/p>\n<\/div>","protected":false},"featured_media":2405,"comment_status":"closed","ping_status":"closed","template":"","meta":{"_acf_changed":true},"product_brand":[],"product_cat":[18],"product_tag":[],"class_list":{"0":"post-2404","1":"product","2":"type-product","3":"status-publish","4":"has-post-thumbnail","6":"product_cat-scanning-terminal","7":"pa_product-type-code-scanning-box","9":"first","10":"instock","11":"shipping-taxable","12":"product-type-simple"},"acf":[],"_links":{"self":[{"href":"https:\/\/www.aiyin.com\/es\/wp-json\/wp\/v2\/product\/2404","targetHints":{"allow":["GET"]}}],"collection":[{"href":"https:\/\/www.aiyin.com\/es\/wp-json\/wp\/v2\/product"}],"about":[{"href":"https:\/\/www.aiyin.com\/es\/wp-json\/wp\/v2\/types\/product"}],"replies":[{"embeddable":true,"href":"https:\/\/www.aiyin.com\/es\/wp-json\/wp\/v2\/comments?post=2404"}],"wp:featuredmedia":[{"embeddable":true,"href":"https:\/\/www.aiyin.com\/es\/wp-json\/wp\/v2\/media\/2405"}],"wp:attachment":[{"href":"https:\/\/www.aiyin.com\/es\/wp-json\/wp\/v2\/media?parent=2404"}],"wp:term":[{"taxonomy":"product_brand","embeddable":true,"href":"https:\/\/www.aiyin.com\/es\/wp-json\/wp\/v2\/product_brand?post=2404"},{"taxonomy":"product_cat","embeddable":true,"href":"https:\/\/www.aiyin.com\/es\/wp-json\/wp\/v2\/product_cat?post=2404"},{"taxonomy":"product_tag","embeddable":true,"href":"https:\/\/www.aiyin.com\/es\/wp-json\/wp\/v2\/product_tag?post=2404"}],"curies":[{"name":"wp","href":"https:\/\/api.w.org\/{rel}","templated":true}]}}