{"id":2400,"date":"2025-02-19T06:26:56","date_gmt":"2025-02-19T06:26:56","guid":{"rendered":"https:\/\/www.jinghuaceramic.com\/?post_type=product&#038;p=2400"},"modified":"2025-02-28T14:25:26","modified_gmt":"2025-02-28T14:25:26","slug":"1d-and-2d-barcode-scanner-h10","status":"publish","type":"product","link":"https:\/\/www.aiyin.com\/es\/product\/1d-and-2d-barcode-scanner-h10\/","title":{"rendered":"Esc\u00e1ner OEM de c\u00f3digos de barras 1D y 2D - H10, soporta m\u00faltiples interfaces, compatible con ordenadores, m\u00e1quinas de POS, dispositivos m\u00f3viles y m\u00e1s"},"content":{"rendered":"<h2 class=\"wp-block-heading\">Detalles del esc\u00e1ner de c\u00f3digos de barras 1D y 2D - H10<\/h2>\n\n\n\n<hr class=\"wp-block-separator has-alpha-channel-opacity\"\/>\n\n\n\n<figure class=\"wp-block-image size-large\"><img decoding=\"async\" width=\"1254\" height=\"1280\" src=\"https:\/\/www.aiyin.com\/wp-content\/uploads\/2025\/02\/1D-and-2D-Barcode-Scanner\u200b-Details-1-1254x1280.webp\" alt=\"Detalles del esc\u00e1ner de c\u00f3digos de barras 1D y 2D (1)\" class=\"wp-image-2402\" srcset=\"https:\/\/www.aiyin.com\/wp-content\/uploads\/2025\/02\/1D-and-2D-Barcode-Scanner\u200b-Details-1-1254x1280.webp 1254w, https:\/\/www.aiyin.com\/wp-content\/uploads\/2025\/02\/1D-and-2D-Barcode-Scanner\u200b-Details-1-768x784.webp 768w, https:\/\/www.aiyin.com\/wp-content\/uploads\/2025\/02\/1D-and-2D-Barcode-Scanner\u200b-Details-1-600x612.webp 600w\" sizes=\"(max-width: 1254px) 100vw, 1254px\" \/><\/figure>","protected":false},"excerpt":{"rendered":"<p>Mayorista Esc\u00e1ner de c\u00f3digos de barras 1D y 2D - H10, con las ventajas de una descodificaci\u00f3n eficaz y una amplia compatibilidad. El esc\u00e1ner soporta muchos tipos de c\u00f3digos de barras, incluyendo c\u00f3digos de barras 1D y la mayor\u00eda de c\u00f3digos de barras 2D, y es una opci\u00f3n ideal para todo tipo de empresas para mejorar la productividad. AiYin ofrece servicio OEM y asistencia postventa, p\u00f3ngase en contacto con nosotros para solicitar un presupuesto.<\/p>\n<h2>Caracter\u00edsticas del esc\u00e1ner de c\u00f3digos de barras 1D y 2D - H10<\/h2>\n<div>\n<p><strong>Descodificaci\u00f3n eficaz:<\/strong> El esc\u00e1ner de c\u00f3digos de barras 1D y 2D h10 dispone de funciones de descodificaci\u00f3n r\u00e1pida, que permiten interpretar los datos de los c\u00f3digos de barras en poco tiempo y mejorar la eficacia operativa general.<\/p>\n<p><strong>Reconocimiento m\u00faltiple de c\u00f3digos de barras:<\/strong> El esc\u00e1ner de c\u00f3digos de barras H10 admite la lectura de m\u00faltiples tipos de c\u00f3digos de barras, incluidos los c\u00f3digos de barras 1d comunes y la mayor\u00eda de los c\u00f3digos de barras 2d (como el c\u00f3digo qr y pdf417, etc.), para satisfacer las necesidades de diferentes industrias.<\/p>\n<p><strong>F\u00e1cil de usar:<\/strong> El esc\u00e1ner de c\u00f3digos de barras H10 tiene una interfaz de funcionamiento sencilla e intuitiva, y los usuarios pueden empezar a utilizarlo r\u00e1pidamente sin ajustes complicados. Esto reduce en gran medida el coste y el tiempo de formaci\u00f3n de los empleados.<\/p>\n<p><strong>Luz LED integrada:<\/strong> El esc\u00e1ner de c\u00f3digos de barras de plataforma H10 2d incorpora cuatro luces LED blancas para mejorar el rendimiento de lectura en entornos con poca luz. Incluso en lugares poco iluminados, el esc\u00e1ner puede garantizar una lectura fluida de los c\u00f3digos de barras.<\/p>\n<\/div>","protected":false},"featured_media":2401,"comment_status":"closed","ping_status":"closed","template":"","meta":{"_acf_changed":true},"product_brand":[],"product_cat":[18],"product_tag":[],"class_list":{"0":"post-2400","1":"product","2":"type-product","3":"status-publish","4":"has-post-thumbnail","6":"product_cat-scanning-terminal","7":"pa_product-type-barcode-scanner","9":"first","10":"instock","11":"shipping-taxable","12":"product-type-simple"},"acf":[],"_links":{"self":[{"href":"https:\/\/www.aiyin.com\/es\/wp-json\/wp\/v2\/product\/2400","targetHints":{"allow":["GET"]}}],"collection":[{"href":"https:\/\/www.aiyin.com\/es\/wp-json\/wp\/v2\/product"}],"about":[{"href":"https:\/\/www.aiyin.com\/es\/wp-json\/wp\/v2\/types\/product"}],"replies":[{"embeddable":true,"href":"https:\/\/www.aiyin.com\/es\/wp-json\/wp\/v2\/comments?post=2400"}],"wp:featuredmedia":[{"embeddable":true,"href":"https:\/\/www.aiyin.com\/es\/wp-json\/wp\/v2\/media\/2401"}],"wp:attachment":[{"href":"https:\/\/www.aiyin.com\/es\/wp-json\/wp\/v2\/media?parent=2400"}],"wp:term":[{"taxonomy":"product_brand","embeddable":true,"href":"https:\/\/www.aiyin.com\/es\/wp-json\/wp\/v2\/product_brand?post=2400"},{"taxonomy":"product_cat","embeddable":true,"href":"https:\/\/www.aiyin.com\/es\/wp-json\/wp\/v2\/product_cat?post=2400"},{"taxonomy":"product_tag","embeddable":true,"href":"https:\/\/www.aiyin.com\/es\/wp-json\/wp\/v2\/product_tag?post=2400"}],"curies":[{"name":"wp","href":"https:\/\/api.w.org\/{rel}","templated":true}]}}