{"id":2396,"date":"2025-02-19T05:59:28","date_gmt":"2025-02-19T05:59:28","guid":{"rendered":"https:\/\/www.jinghuaceramic.com\/?post_type=product&#038;p=2396"},"modified":"2025-02-22T07:16:08","modified_gmt":"2025-02-22T07:16:08","slug":"portable-bluetooth-receipt-printer-mn581","status":"publish","type":"product","link":"https:\/\/www.aiyin.com\/es\/product\/portable-bluetooth-receipt-printer-mn581\/","title":{"rendered":"OEM Impresora Bluetooth Port\u00e1til de Recibos - MN581, Impresora port\u00e1til de recibos para iPhone, Soporte de software de impresi\u00f3n profesional"},"content":{"rendered":"<h2 class=\"wp-block-heading\">Detalles de la impresora port\u00e1til de recibos Bluetooth - MN581<\/h2>\n\n\n\n<hr class=\"wp-block-separator has-alpha-channel-opacity\"\/>\n\n\n\n<figure class=\"wp-block-image size-large\"><img decoding=\"async\" width=\"1280\" height=\"1267\" src=\"https:\/\/www.aiyin.com\/wp-content\/uploads\/2025\/02\/Portable-Bluetooth-Receipt-Printer\u200b-Details-1-1280x1267.webp\" alt=\"Impresora de recibos port\u00e1til Bluetooth Detalles (1)\" class=\"wp-image-2398\" srcset=\"https:\/\/www.aiyin.com\/wp-content\/uploads\/2025\/02\/Portable-Bluetooth-Receipt-Printer\u200b-Details-1-1280x1267.webp 1280w, https:\/\/www.aiyin.com\/wp-content\/uploads\/2025\/02\/Portable-Bluetooth-Receipt-Printer\u200b-Details-1-768x760.webp 768w, https:\/\/www.aiyin.com\/wp-content\/uploads\/2025\/02\/Portable-Bluetooth-Receipt-Printer\u200b-Details-1-600x594.webp 600w, https:\/\/www.aiyin.com\/wp-content\/uploads\/2025\/02\/Portable-Bluetooth-Receipt-Printer\u200b-Details-1-100x100.webp 100w\" sizes=\"(max-width: 1280px) 100vw, 1280px\" \/><\/figure>","protected":false},"excerpt":{"rendered":"<p>Impresora de recibos bluetooth port\u00e1til al por mayor - MN581, soporta recepci\u00f3n de pedidos multiplataforma y conexi\u00f3n bluetooth de modo dual, compatible con dispositivos de sistema android y apple. MN581 tiene una velocidad de impresi\u00f3n r\u00e1pida (hasta 80mm\/s) y una resoluci\u00f3n de impresi\u00f3n clara de 203dpi, que puede procesar pedidos de manera eficiente y precisa. Ofrecemos soporte de software profesional y servicio post-venta. P\u00f3ngase en contacto con nosotros para solicitar un presupuesto.<\/p>\n<h2>Caracter\u00edsticas de la impresora de recibos port\u00e1til Bluetooth - MN581<\/h2>\n<div>\n<p><strong>Conexi\u00f3n Bluetooth de modo dual:<\/strong> La impresora port\u00e1til Bluetooth de recibos MN581 soporta Bluetooth 2.0 (compatible con el sistema Android) y Bluetooth 4.0 (compatible con el sistema Apple), y puede utilizar iPhone u otros dispositivos m\u00f3viles para controlar la impresora.<\/p>\n<p><strong>Dise\u00f1o ligero:<\/strong> La impresora de recibos Bluetooth port\u00e1til MN581 es ligera y f\u00e1cil de transportar, adecuada para su uso en entornos m\u00f3viles.<\/p>\n<p><strong>Alimentaci\u00f3n por bater\u00eda:<\/strong> Equipada con una bater\u00eda de litio recargable de 2600mAh, la impresora de recibos MN581 puede soportar trabajos de larga duraci\u00f3n, adecuada para mensajeros, personal de ventas y m\u00e1s.<\/p>\n<p><strong>Soporte de software de edici\u00f3n de etiquetas:<\/strong> AiYin proporciona App de etiquetas, los usuarios pueden editar libremente el contenido de las etiquetas, incluyendo etiquetas de productos, etiquetas de precios, \u00f3rdenes de entrega y m\u00e1s.<\/p>\n<\/div>","protected":false},"featured_media":2397,"comment_status":"closed","ping_status":"closed","template":"","meta":{"_acf_changed":true},"product_brand":[],"product_cat":[19],"product_tag":[],"class_list":{"0":"post-2396","1":"product","2":"type-product","3":"status-publish","4":"has-post-thumbnail","6":"product_cat-receipt-printer","7":"pa_device-type-portable","8":"pa_print-width-2-inches","10":"first","11":"instock","12":"shipping-taxable","13":"product-type-simple"},"acf":[],"_links":{"self":[{"href":"https:\/\/www.aiyin.com\/es\/wp-json\/wp\/v2\/product\/2396","targetHints":{"allow":["GET"]}}],"collection":[{"href":"https:\/\/www.aiyin.com\/es\/wp-json\/wp\/v2\/product"}],"about":[{"href":"https:\/\/www.aiyin.com\/es\/wp-json\/wp\/v2\/types\/product"}],"replies":[{"embeddable":true,"href":"https:\/\/www.aiyin.com\/es\/wp-json\/wp\/v2\/comments?post=2396"}],"wp:featuredmedia":[{"embeddable":true,"href":"https:\/\/www.aiyin.com\/es\/wp-json\/wp\/v2\/media\/2397"}],"wp:attachment":[{"href":"https:\/\/www.aiyin.com\/es\/wp-json\/wp\/v2\/media?parent=2396"}],"wp:term":[{"taxonomy":"product_brand","embeddable":true,"href":"https:\/\/www.aiyin.com\/es\/wp-json\/wp\/v2\/product_brand?post=2396"},{"taxonomy":"product_cat","embeddable":true,"href":"https:\/\/www.aiyin.com\/es\/wp-json\/wp\/v2\/product_cat?post=2396"},{"taxonomy":"product_tag","embeddable":true,"href":"https:\/\/www.aiyin.com\/es\/wp-json\/wp\/v2\/product_tag?post=2396"}],"curies":[{"name":"wp","href":"https:\/\/api.w.org\/{rel}","templated":true}]}}