{"id":2391,"date":"2025-02-19T04:19:04","date_gmt":"2025-02-19T04:19:04","guid":{"rendered":"https:\/\/www.jinghuaceramic.com\/?post_type=product&#038;p=2391"},"modified":"2025-04-07T06:33:54","modified_gmt":"2025-04-07T06:33:54","slug":"3-inches-thermal-bluetooth-receipt-printer-an804","status":"publish","type":"product","link":"https:\/\/www.aiyin.com\/es\/product\/3-inches-thermal-bluetooth-receipt-printer-an804\/","title":{"rendered":"Impresora de recibos t\u00e9rmica Bluetooth de 3 pulgadas - AN804, compatible con iPhone \/ iPad, apta para hosteler\u00eda, supermercados y comercios minoristas"},"content":{"rendered":"<h2 class=\"wp-block-heading\">Detalles de la impresora de recibos t\u00e9rmica Bluetooth - AN804<\/h2>\n\n\n\n<hr class=\"wp-block-separator has-alpha-channel-opacity\"\/>\n\n\n\n<figure class=\"wp-block-image size-large\"><img decoding=\"async\" width=\"1280\" height=\"1280\" src=\"https:\/\/www.aiyin.com\/wp-content\/uploads\/2025\/02\/Thermal-Bluetooth-Receipt-Printer-1-1280x1280.webp\" alt=\"Impresora t\u00e9rmica de recibos Bluetooth (1)\" class=\"wp-image-2392\" srcset=\"https:\/\/www.aiyin.com\/wp-content\/uploads\/2025\/02\/Thermal-Bluetooth-Receipt-Printer-1-1280x1280.webp 1280w, https:\/\/www.aiyin.com\/wp-content\/uploads\/2025\/02\/Thermal-Bluetooth-Receipt-Printer-1-150x150.webp 150w, https:\/\/www.aiyin.com\/wp-content\/uploads\/2025\/02\/Thermal-Bluetooth-Receipt-Printer-1-768x769.webp 768w, https:\/\/www.aiyin.com\/wp-content\/uploads\/2025\/02\/Thermal-Bluetooth-Receipt-Printer-1-300x300.webp 300w, https:\/\/www.aiyin.com\/wp-content\/uploads\/2025\/02\/Thermal-Bluetooth-Receipt-Printer-1-600x601.webp 600w, https:\/\/www.aiyin.com\/wp-content\/uploads\/2025\/02\/Thermal-Bluetooth-Receipt-Printer-1-100x100.webp 100w\" sizes=\"(max-width: 1280px) 100vw, 1280px\" \/><\/figure>","protected":false},"excerpt":{"rendered":"<p>Mayorista impresora t\u00e9rmica bluetooth de recibos - AN804 tiene soporte de conexi\u00f3n bluetooth, a trav\u00e9s de la aplicaci\u00f3n de impresi\u00f3n profesional, adecuado para iPhone y iPad. AN804 tiene funci\u00f3n de impresi\u00f3n r\u00e1pida, velocidad de impresi\u00f3n de hasta 200mm\/s, es ideal para peque\u00f1os comerciantes, catering para llevar, pago m\u00f3vil y ventas. Aiyin apoya OEM y ODM servicio de personalizaci\u00f3n, p\u00f3ngase en contacto con nosotros para la cita.<\/p>\n<h2>Caracter\u00edsticas de la impresora de recibos t\u00e9rmica Bluetooth - AN804<\/h2>\n<div>\n<p><strong>Impresi\u00f3n inal\u00e1mbrica:<\/strong> Ofrecemos soporte de software, AN804 se conecta a dispositivos m\u00f3viles a trav\u00e9s de Bluetooth, puede ser una impresora de recibos iphone o una impresora de recibos ipad .<\/p>\n<p><strong>Impresi\u00f3n eficiente:<\/strong> Sin necesidad de tinta ni cinta tradicionales, la velocidad de impresi\u00f3n es superior a la de las impresoras normales, y los recibos pueden generarse r\u00e1pidamente en supermercados o tiendas de gran actividad.<\/p>\n<p><strong>Aplicaci\u00f3n multiescenario:<\/strong> La impresora de recibos t\u00e9rmica Bluetooth AN804 es adecuada para m\u00faltiples sectores, como la restauraci\u00f3n, los supermercados, el comercio minorista, la entrega urgente, etc., para imprimir pedidos, facturas o recibos de comida para llevar.<\/p>\n<p><strong>Colocaci\u00f3n gratuita:<\/strong> La impresora de recibos t\u00e9rmica Bluetooth AN804 admite diversos m\u00e9todos de salida de papel, como plano, vertical y montado en la pared. Se puede colocar de forma flexible sobre la encimera, debajo del mostrador o en la pared para ahorrar espacio en el escritorio.<\/p>\n<p><strong>Servicio de impresoras de recibos personalizadas:<\/strong> AiYin ofrece asistencia personalizada OEM y ODM, y puede personalizar el aspecto y las funciones seg\u00fan las necesidades de su marca.<\/p>\n<\/div>","protected":false},"featured_media":4278,"comment_status":"closed","ping_status":"closed","template":"","meta":{"_acf_changed":false},"product_brand":[],"product_cat":[19],"product_tag":[],"class_list":{"0":"post-2391","1":"product","2":"type-product","3":"status-publish","4":"has-post-thumbnail","6":"product_cat-receipt-printer","7":"pa_device-type-desktop","8":"pa_print-width-3-inches","10":"first","11":"instock","12":"shipping-taxable","13":"product-type-simple"},"acf":[],"_links":{"self":[{"href":"https:\/\/www.aiyin.com\/es\/wp-json\/wp\/v2\/product\/2391","targetHints":{"allow":["GET"]}}],"collection":[{"href":"https:\/\/www.aiyin.com\/es\/wp-json\/wp\/v2\/product"}],"about":[{"href":"https:\/\/www.aiyin.com\/es\/wp-json\/wp\/v2\/types\/product"}],"replies":[{"embeddable":true,"href":"https:\/\/www.aiyin.com\/es\/wp-json\/wp\/v2\/comments?post=2391"}],"wp:featuredmedia":[{"embeddable":true,"href":"https:\/\/www.aiyin.com\/es\/wp-json\/wp\/v2\/media\/4278"}],"wp:attachment":[{"href":"https:\/\/www.aiyin.com\/es\/wp-json\/wp\/v2\/media?parent=2391"}],"wp:term":[{"taxonomy":"product_brand","embeddable":true,"href":"https:\/\/www.aiyin.com\/es\/wp-json\/wp\/v2\/product_brand?post=2391"},{"taxonomy":"product_cat","embeddable":true,"href":"https:\/\/www.aiyin.com\/es\/wp-json\/wp\/v2\/product_cat?post=2391"},{"taxonomy":"product_tag","embeddable":true,"href":"https:\/\/www.aiyin.com\/es\/wp-json\/wp\/v2\/product_tag?post=2391"}],"curies":[{"name":"wp","href":"https:\/\/api.w.org\/{rel}","templated":true}]}}